{"id":13456,"date":"2025-02-19T22:49:26","date_gmt":"2025-02-19T22:49:26","guid":{"rendered":"https:\/\/edimeinter.com\/libreria\/?post_type=product&#038;p=13456"},"modified":"2025-03-11T00:29:45","modified_gmt":"2025-03-11T00:29:45","slug":"maciocia-la-practica-de-la-medicina-china-3a-edicion","status":"publish","type":"product","link":"https:\/\/edimeinter.com\/libreria\/product\/maciocia-la-practica-de-la-medicina-china-3a-edicion\/","title":{"rendered":"Maciocia. La pr\u00e1ctica de la medicina china. 3\u00aa Edici\u00f3n"},"content":{"rendered":"\t\t<div data-elementor-type=\"wp-post\" data-elementor-id=\"13456\" class=\"elementor elementor-13456\">\n\t\t\t\t\n<div class=\"elementor-element elementor-element-2612b12 e-flex e-con-boxed e-con e-parent\" data-id=\"2612b12\" data-element_type=\"container\" data-e-type=\"container\">\n\t\t\t\t\t<div class=\"e-con-inner\">\n\t\t\n\t\t<div class=\"elementor-element elementor-element-498707ae elementor-widget elementor-widget-text-editor\" data-id=\"498707ae\" data-element_type=\"widget\" data-e-type=\"widget\" data-widget_type=\"text-editor.default\">\n\t\t\t\t<div class=\"elementor-widget-container\">\n\t\t\t\t\t\t\t\t\t<p>Cobertura \u00edntegra de una disciplina como la Medicina Tradicional China en una obra completa que incluye el diagn\u00f3stico y el tratamiento de 48 patolog\u00edas comunes, convirti\u00e9ndose as\u00ed en una obra de cabecera tanto para estudiantes de esta disciplina como para profesionales en ejercicio. Contenido rigurosamente referenciado con los \u00faltimos datos publicados sobre el tratamiento de determinadas patolog\u00edas utilizando los principio de la Medicina Tradicional China.<\/p>\t\t\t\t\t\t\t\t<\/div>\n\t\t\t\t<\/div>\n\t\t\t\t\t<\/div>\n\t\t\t\t<\/div>\n\t\t\t\t<\/div>\n\t\t","protected":false},"excerpt":{"rendered":"<p><strong>Autores:<\/strong>\u00a0Elsevier Ltd<br \/>\n<strong>ISBN:<\/strong>\u00a09788491136606<br \/>\n<strong>Editorial:<\/strong>\u00a0Elsevier<br \/>\n<strong>Edici\u00f3n:<\/strong>\u00a03\u00aa<br \/>\n<strong>Especialidad<\/strong>: Medicina Alternativa<br \/>\n<strong>P\u00e1ginas<\/strong>: 13320<br \/>\n\u00a9 2022<\/p>\n","protected":false},"featured_media":13457,"comment_status":"open","ping_status":"open","template":"","meta":{"_joinchat":[]},"product_cat":[232],"product_tag":[85,233],"class_list":{"0":"post-13456","1":"product","2":"type-product","3":"status-publish","4":"has-post-thumbnail","6":"product_cat-medicina-alternativa","7":"product_tag-elsevier","8":"product_tag-medicina-alternativa","10":"first","11":"instock","12":"featured","13":"taxable","14":"shipping-taxable","15":"purchasable","16":"product-type-simple"},"_links":{"self":[{"href":"https:\/\/edimeinter.com\/libreria\/wp-json\/wp\/v2\/product\/13456","targetHints":{"allow":["GET"]}}],"collection":[{"href":"https:\/\/edimeinter.com\/libreria\/wp-json\/wp\/v2\/product"}],"about":[{"href":"https:\/\/edimeinter.com\/libreria\/wp-json\/wp\/v2\/types\/product"}],"replies":[{"embeddable":true,"href":"https:\/\/edimeinter.com\/libreria\/wp-json\/wp\/v2\/comments?post=13456"}],"version-history":[{"count":1,"href":"https:\/\/edimeinter.com\/libreria\/wp-json\/wp\/v2\/product\/13456\/revisions"}],"predecessor-version":[{"id":15985,"href":"https:\/\/edimeinter.com\/libreria\/wp-json\/wp\/v2\/product\/13456\/revisions\/15985"}],"wp:featuredmedia":[{"embeddable":true,"href":"https:\/\/edimeinter.com\/libreria\/wp-json\/wp\/v2\/media\/13457"}],"wp:attachment":[{"href":"https:\/\/edimeinter.com\/libreria\/wp-json\/wp\/v2\/media?parent=13456"}],"wp:term":[{"taxonomy":"product_cat","embeddable":true,"href":"https:\/\/edimeinter.com\/libreria\/wp-json\/wp\/v2\/product_cat?post=13456"},{"taxonomy":"product_tag","embeddable":true,"href":"https:\/\/edimeinter.com\/libreria\/wp-json\/wp\/v2\/product_tag?post=13456"}],"curies":[{"name":"wp","href":"https:\/\/api.w.org\/{rel}","templated":true}]}}