{"id":13462,"date":"2025-02-19T22:54:23","date_gmt":"2025-02-19T22:54:23","guid":{"rendered":"https:\/\/edimeinter.com\/libreria\/?post_type=product&#038;p=13462"},"modified":"2025-03-11T00:31:41","modified_gmt":"2025-03-11T00:31:41","slug":"enfermedades-infecciosas-aprendizaje-basado-en-problemas-1a-edicion","status":"publish","type":"product","link":"https:\/\/edimeinter.com\/libreria\/product\/enfermedades-infecciosas-aprendizaje-basado-en-problemas-1a-edicion\/","title":{"rendered":"Enfermedades infecciosas. Aprendizaje basado en problemas. 1\u00aa Edici\u00f3n"},"content":{"rendered":"\t\t<div data-elementor-type=\"wp-post\" data-elementor-id=\"13462\" class=\"elementor elementor-13462\">\n\t\t\t\t<div class=\"elementor-element elementor-element-2612b12 e-flex e-con-boxed e-con e-parent\" data-id=\"2612b12\" data-element_type=\"container\" data-e-type=\"container\">\n\t\t\t\t\t<div class=\"e-con-inner\">\n\t\t\n\t\t<div class=\"elementor-element elementor-element-498707ae elementor-widget elementor-widget-text-editor\" data-id=\"498707ae\" data-element_type=\"widget\" data-e-type=\"widget\" data-widget_type=\"text-editor.default\">\n\t\t\t\t<div class=\"elementor-widget-container\">\n\t\t\t\t\t\t\t\t\t<p>Este pr\u00e1ctico manual aborda los cuadros cl\u00ednicos de naturaleza infecciosa m\u00e1s prevalentes en nuestro medio.<\/p><p>A trav\u00e9s casos cl\u00ednicos reales, integra cl\u00ednica, diagn\u00f3stico y tratamiento, explora las caracter\u00edsticas de los distintos procesos infecciosos\u00a0e incluye preguntas sobre su manejo para, a continuaci\u00f3n, dar respuesta a las cuestiones planteadas de forma sencilla y pr\u00e1ctica.<\/p><p>La presentaci\u00f3n del contenido basada en preguntas y respuestas\u00a0facilita la adquisici\u00f3n de una base s\u00f3lida para la formulaci\u00f3n del diagn\u00f3stico diferencial<\/p><p>Aborda las enfermedades infecciosas m\u00e1s frecuentes, ilustra el manejo diagn\u00f3stico y terap\u00e9utico mediante algoritmos, facilita un aprendizaje totalmente aut\u00f3nomo a trav\u00e9s de 100 casos cl\u00ednicos reales y presenta un texto conciso que se centra en los conceptos fundamentales.<\/p><p>De\u00a0gran valor para los estudiantes de Medicina, pero tambi\u00e9n para los m\u00e9dicos de familia y los residentes de distintas especialidades.<\/p>\t\t\t\t\t\t\t\t<\/div>\n\t\t\t\t<\/div>\n\t\t\t\t\t<\/div>\n\t\t\t\t<\/div>\n\t\t\t\t<\/div>\n\t\t","protected":false},"excerpt":{"rendered":"<p><strong>Autores:<\/strong>\u00a0Miguel \u00c1ngel L\u00f3pez Ruz<br \/>\n<strong>ISBN:<\/strong>\u00a09788413821771<br \/>\n<strong>Editorial:<\/strong>\u00a0Elsevier<br \/>\n<strong>Edici\u00f3n:<\/strong>\u00a01\u00aa<br \/>\n<strong>Especialidad<\/strong>: Enfermedades Infecciosas<br \/>\n<strong>P\u00e1ginas<\/strong>: 330<br \/>\n\u00a9 2022<\/p>\n","protected":false},"featured_media":13463,"comment_status":"open","ping_status":"open","template":"","meta":{"_joinchat":[]},"product_cat":[228],"product_tag":[85,229],"class_list":{"0":"post-13462","1":"product","2":"type-product","3":"status-publish","4":"has-post-thumbnail","6":"product_cat-enfermedades-infecciosas","7":"product_tag-elsevier","8":"product_tag-enfermedades-infecciosas","10":"first","11":"instock","12":"featured","13":"taxable","14":"shipping-taxable","15":"purchasable","16":"product-type-simple"},"_links":{"self":[{"href":"https:\/\/edimeinter.com\/libreria\/wp-json\/wp\/v2\/product\/13462","targetHints":{"allow":["GET"]}}],"collection":[{"href":"https:\/\/edimeinter.com\/libreria\/wp-json\/wp\/v2\/product"}],"about":[{"href":"https:\/\/edimeinter.com\/libreria\/wp-json\/wp\/v2\/types\/product"}],"replies":[{"embeddable":true,"href":"https:\/\/edimeinter.com\/libreria\/wp-json\/wp\/v2\/comments?post=13462"}],"version-history":[{"count":1,"href":"https:\/\/edimeinter.com\/libreria\/wp-json\/wp\/v2\/product\/13462\/revisions"}],"predecessor-version":[{"id":15986,"href":"https:\/\/edimeinter.com\/libreria\/wp-json\/wp\/v2\/product\/13462\/revisions\/15986"}],"wp:featuredmedia":[{"embeddable":true,"href":"https:\/\/edimeinter.com\/libreria\/wp-json\/wp\/v2\/media\/13463"}],"wp:attachment":[{"href":"https:\/\/edimeinter.com\/libreria\/wp-json\/wp\/v2\/media?parent=13462"}],"wp:term":[{"taxonomy":"product_cat","embeddable":true,"href":"https:\/\/edimeinter.com\/libreria\/wp-json\/wp\/v2\/product_cat?post=13462"},{"taxonomy":"product_tag","embeddable":true,"href":"https:\/\/edimeinter.com\/libreria\/wp-json\/wp\/v2\/product_tag?post=13462"}],"curies":[{"name":"wp","href":"https:\/\/api.w.org\/{rel}","templated":true}]}}