{"id":13468,"date":"2025-02-19T22:57:30","date_gmt":"2025-02-19T22:57:30","guid":{"rendered":"https:\/\/edimeinter.com\/libreria\/?post_type=product&#038;p=13468"},"modified":"2025-03-11T00:33:25","modified_gmt":"2025-03-11T00:33:25","slug":"cuidados-intensivos-de-enfermeria-en-pacientes-con-covid-19-1a-edicion","status":"publish","type":"product","link":"https:\/\/edimeinter.com\/libreria\/product\/cuidados-intensivos-de-enfermeria-en-pacientes-con-covid-19-1a-edicion\/","title":{"rendered":"Cuidados intensivos de enfermer\u00eda en pacientes con COVID-19. 1\u00aa Edici\u00f3n"},"content":{"rendered":"\t\t<div data-elementor-type=\"wp-post\" data-elementor-id=\"13468\" class=\"elementor elementor-13468\">\n\t\t\t\t<div class=\"elementor-element elementor-element-2612b12 e-flex e-con-boxed e-con e-parent\" data-id=\"2612b12\" data-element_type=\"container\" data-e-type=\"container\">\n\t\t\t\t\t<div class=\"e-con-inner\">\n\t\t\n\t\t<div class=\"elementor-element elementor-element-498707ae elementor-widget elementor-widget-text-editor\" data-id=\"498707ae\" data-element_type=\"widget\" data-e-type=\"widget\" data-widget_type=\"text-editor.default\">\n\t\t\t\t<div class=\"elementor-widget-container\">\n\t\t\t\t\t\t\t\t\t<p dir=\"ltr\" align=\"left\">Con la amplia reasignaci\u00f3n de personal que se ha producido durante la pandemia de COVID-19, esta obra constituye un pr\u00e1ctico recurso para todos aquellos profesionales sanitarios que se enfrentan por primera vez al contexto de los cuidados agudos e intensivos.<\/p><p dir=\"ltr\" align=\"left\">Escrita por y para enfermeras, ayudar\u00e1 a los lectores a dominar la evaluaci\u00f3n de los pacientes, la ventilaci\u00f3n no invasiva, el uso de la oxigenoterapia de alto flujo y los cuidados renales. Adem\u00e1s, permite aprender sobre los aspectos m\u00e1s complejos de la reanimaci\u00f3n, el liderazgo y la respuesta ante una emergencia de salud p\u00fablica, as\u00ed como sobre la protecci\u00f3n individual eficaz y las pr\u00e1cticas de higiene.<\/p><p dir=\"ltr\" align=\"left\"><i>Cuidados intensivos de enfermer\u00eda en pacientes con COVID-19<\/i>\u00a0ha sido escrita por expertos con experiencia cl\u00ednica de primera l\u00ednea durante la pandemia, por lo que ser\u00e1 tambi\u00e9n de utilidad para aquellos que deban afrontar futuras olas de COVID-19 o brotes de otras enfermedades infecciosas.<\/p>\t\t\t\t\t\t\t\t<\/div>\n\t\t\t\t<\/div>\n\t\t\t\t\t<\/div>\n\t\t\t\t<\/div>\n\t\t\t\t<\/div>\n\t\t","protected":false},"excerpt":{"rendered":"<p><strong>Autores:<\/strong>\u00a0Chris Carter &amp; Joy Notter<br \/>\n<strong>ISBN:<\/strong>\u00a09788413822983<br \/>\n<strong>Editorial:<\/strong>\u00a0Elsevier<br \/>\n<strong>Edici\u00f3n:<\/strong>\u00a01\u00aa<br \/>\n<strong>Especialidad<\/strong>: Enfermer\u00eda<br \/>\n<strong>P\u00e1ginas<\/strong>: 260<br \/>\n\u00a9 2022<\/p>\n","protected":false},"featured_media":13469,"comment_status":"open","ping_status":"open","template":"","meta":{"_joinchat":[]},"product_cat":[115],"product_tag":[85,82],"class_list":{"0":"post-13468","1":"product","2":"type-product","3":"status-publish","4":"has-post-thumbnail","6":"product_cat-enfermeria","7":"product_tag-elsevier","8":"product_tag-enfermeria","10":"first","11":"instock","12":"featured","13":"taxable","14":"shipping-taxable","15":"purchasable","16":"product-type-simple"},"_links":{"self":[{"href":"https:\/\/edimeinter.com\/libreria\/wp-json\/wp\/v2\/product\/13468","targetHints":{"allow":["GET"]}}],"collection":[{"href":"https:\/\/edimeinter.com\/libreria\/wp-json\/wp\/v2\/product"}],"about":[{"href":"https:\/\/edimeinter.com\/libreria\/wp-json\/wp\/v2\/types\/product"}],"replies":[{"embeddable":true,"href":"https:\/\/edimeinter.com\/libreria\/wp-json\/wp\/v2\/comments?post=13468"}],"version-history":[{"count":1,"href":"https:\/\/edimeinter.com\/libreria\/wp-json\/wp\/v2\/product\/13468\/revisions"}],"predecessor-version":[{"id":15987,"href":"https:\/\/edimeinter.com\/libreria\/wp-json\/wp\/v2\/product\/13468\/revisions\/15987"}],"wp:featuredmedia":[{"embeddable":true,"href":"https:\/\/edimeinter.com\/libreria\/wp-json\/wp\/v2\/media\/13469"}],"wp:attachment":[{"href":"https:\/\/edimeinter.com\/libreria\/wp-json\/wp\/v2\/media?parent=13468"}],"wp:term":[{"taxonomy":"product_cat","embeddable":true,"href":"https:\/\/edimeinter.com\/libreria\/wp-json\/wp\/v2\/product_cat?post=13468"},{"taxonomy":"product_tag","embeddable":true,"href":"https:\/\/edimeinter.com\/libreria\/wp-json\/wp\/v2\/product_tag?post=13468"}],"curies":[{"name":"wp","href":"https:\/\/api.w.org\/{rel}","templated":true}]}}