{"id":13480,"date":"2025-02-19T23:09:22","date_gmt":"2025-02-19T23:09:22","guid":{"rendered":"https:\/\/edimeinter.com\/libreria\/?post_type=product&#038;p=13480"},"modified":"2025-03-11T00:36:05","modified_gmt":"2025-03-11T00:36:05","slug":"enfermeria-en-cuidados-paliativos-y-al-final-de-la-vida-2a-edicion","status":"publish","type":"product","link":"https:\/\/edimeinter.com\/libreria\/product\/enfermeria-en-cuidados-paliativos-y-al-final-de-la-vida-2a-edicion\/","title":{"rendered":"Enfermer\u00eda en cuidados paliativos y al final de la vida. 2\u00aa Edici\u00f3n"},"content":{"rendered":"\t\t<div data-elementor-type=\"wp-post\" data-elementor-id=\"13480\" class=\"elementor elementor-13480\">\n\t\t\t\t<div class=\"elementor-element elementor-element-2612b12 e-flex e-con-boxed e-con e-parent\" data-id=\"2612b12\" data-element_type=\"container\" data-e-type=\"container\">\n\t\t\t\t\t<div class=\"e-con-inner\">\n\t\t\n\t\t<div class=\"elementor-element elementor-element-498707ae elementor-widget elementor-widget-text-editor\" data-id=\"498707ae\" data-element_type=\"widget\" data-e-type=\"widget\" data-widget_type=\"text-editor.default\">\n\t\t\t\t<div class=\"elementor-widget-container\">\n\t\t\t\t\t\t\t\t\t<p>Esta nueva edici\u00f3n ofrece, de la mano de un grupo de autores de gran prestigio y experiencia profesional, contenidos plenamente revisados y actualizados a fin de abordar todos los aspectos, tanto te\u00f3ricos como pr\u00e1cticos, de los cuidados que las enfermeras prestan a los pacientes con necesidades paliativas y al final de la vida.<\/p><p>Consta de 43 cap\u00edtulos, divididos en tres secciones. La primera, Aspectos generales, cubre temas como la evoluci\u00f3n del concepto de cuidados paliativos, la actitud de la sociedad actual ante la muerte, el papel de la enfermer\u00eda en la atenci\u00f3n a los pacientes con necesidades paliativas, y los modelos organizativos para proporcionar dicha atenci\u00f3n. En la segunda, Detecci\u00f3n de problemas, se analiza la valoraci\u00f3n de problemas espec\u00edficos de salud del paciente, seg\u00fan las clasificaciones de M. Gordon y de V. Henderson, los diagn\u00f3sticos enfermeros NANDA-I y la clasificaci\u00f3n de intervenciones de enfermer\u00eda (NIC) y de resultados de enfermer\u00eda (NOC). En la \u00faltima, se incluyen herramientas de apoyo como el trabajo en equipo, la bio\u00e9tica del cuidado como v\u00eda de las actuaciones enfermeras, y las intervenciones complementarias.<\/p><p>Incluye nuevos cap\u00edtulos acerca de la teleasistencia enfermera y la planificaci\u00f3n compartida de la atenci\u00f3n.<\/p><p>Proporciona contenidos online, en studentconsult.es, como autoevaluaciones con respuestas razonadas, secciones de bibliograf\u00eda electr\u00f3nica y enlaces de inter\u00e9s y completos casos pr\u00e1cticos que acercan la teor\u00eda a la pr\u00e1ctica enfermera.<\/p>\t\t\t\t\t\t\t\t<\/div>\n\t\t\t\t<\/div>\n\t\t\t\t\t<\/div>\n\t\t\t\t<\/div>\n\t\t\t\t<\/div>\n\t\t","protected":false},"excerpt":{"rendered":"<p><strong>Autores:<\/strong>\u00a0Mar\u00eda Bel\u00e9n Mart\u00ednez Cruz &amp; Manuela Montle\u00f3n Just &amp; Yedra Carretero Lanchas &amp; Mar\u00eda Teresa Garc\u00eda Baquero<br \/>\n<strong>ISBN:<\/strong>\u00a09788491136682<br \/>\n<strong>Editorial:<\/strong>\u00a0Elsevier<br \/>\n<strong>Edici\u00f3n:<\/strong>\u00a02\u00aa<br \/>\n<strong>Especialidad<\/strong>: Enfermer\u00eda<br \/>\n<strong>P\u00e1ginas<\/strong>: 360<br \/>\n\u00a9 2022<\/p>\n","protected":false},"featured_media":13481,"comment_status":"open","ping_status":"open","template":"","meta":{"_joinchat":[]},"product_cat":[115],"product_tag":[85,82],"class_list":{"0":"post-13480","1":"product","2":"type-product","3":"status-publish","4":"has-post-thumbnail","6":"product_cat-enfermeria","7":"product_tag-elsevier","8":"product_tag-enfermeria","10":"first","11":"instock","12":"featured","13":"taxable","14":"shipping-taxable","15":"purchasable","16":"product-type-simple"},"_links":{"self":[{"href":"https:\/\/edimeinter.com\/libreria\/wp-json\/wp\/v2\/product\/13480","targetHints":{"allow":["GET"]}}],"collection":[{"href":"https:\/\/edimeinter.com\/libreria\/wp-json\/wp\/v2\/product"}],"about":[{"href":"https:\/\/edimeinter.com\/libreria\/wp-json\/wp\/v2\/types\/product"}],"replies":[{"embeddable":true,"href":"https:\/\/edimeinter.com\/libreria\/wp-json\/wp\/v2\/comments?post=13480"}],"version-history":[{"count":1,"href":"https:\/\/edimeinter.com\/libreria\/wp-json\/wp\/v2\/product\/13480\/revisions"}],"predecessor-version":[{"id":15990,"href":"https:\/\/edimeinter.com\/libreria\/wp-json\/wp\/v2\/product\/13480\/revisions\/15990"}],"wp:featuredmedia":[{"embeddable":true,"href":"https:\/\/edimeinter.com\/libreria\/wp-json\/wp\/v2\/media\/13481"}],"wp:attachment":[{"href":"https:\/\/edimeinter.com\/libreria\/wp-json\/wp\/v2\/media?parent=13480"}],"wp:term":[{"taxonomy":"product_cat","embeddable":true,"href":"https:\/\/edimeinter.com\/libreria\/wp-json\/wp\/v2\/product_cat?post=13480"},{"taxonomy":"product_tag","embeddable":true,"href":"https:\/\/edimeinter.com\/libreria\/wp-json\/wp\/v2\/product_tag?post=13480"}],"curies":[{"name":"wp","href":"https:\/\/api.w.org\/{rel}","templated":true}]}}