{"id":13493,"date":"2025-02-19T23:19:01","date_gmt":"2025-02-19T23:19:01","guid":{"rendered":"https:\/\/edimeinter.com\/libreria\/?post_type=product&#038;p=13493"},"modified":"2026-01-16T20:11:26","modified_gmt":"2026-01-16T20:11:26","slug":"cirugia-de-tejidos-blandos-de-pequenos-animales-1a-edicion","status":"publish","type":"product","link":"https:\/\/edimeinter.com\/libreria\/product\/cirugia-de-tejidos-blandos-de-pequenos-animales-1a-edicion\/","title":{"rendered":"Cirug\u00eda de tejidos blandos de peque\u00f1os animales. 1\u00aa Edici\u00f3n"},"content":{"rendered":"\t\t<div data-elementor-type=\"wp-post\" data-elementor-id=\"13493\" class=\"elementor elementor-13493\">\n\t\t\t\t<div class=\"elementor-element elementor-element-2612b12 e-flex e-con-boxed e-con e-parent\" data-id=\"2612b12\" data-element_type=\"container\" data-e-type=\"container\">\n\t\t\t\t\t<div class=\"e-con-inner\">\n\t\t\n\t\t<div class=\"elementor-element elementor-element-498707ae elementor-widget elementor-widget-text-editor\" data-id=\"498707ae\" data-element_type=\"widget\" data-e-type=\"widget\" data-widget_type=\"text-editor.default\">\n\t\t\t\t<div class=\"elementor-widget-container\">\n\t\t\t\t\t\t\t\t\t<p>Este pr\u00e1ctico manual abarca los procedimientos quir\u00fargicos de tejidos blandos m\u00e1s frecuentemente realizados en perros y gatos. Su estilo conciso y su organizaci\u00f3n sistem\u00e1tica, apoyados por una excelente iconograf\u00eda, facilitan la consulta y la comprensi\u00f3n de las diferentes t\u00e9cnicas abordadas.<\/p><p>El contenido est\u00e1 organizado en seis secciones: \u00abCirug\u00eda general\u00bb, \u00abColocaci\u00f3n de sondas y tubos\u00bb, \u00abCirug\u00eda del aparato digestivo\u00bb, \u00abCirug\u00eda del aparato urinario\u00bb, \u00abCirug\u00eda del aparato reproductor\u00bb y \u00abCirug\u00eda de cabeza y cuello\u00bb.<\/p><p>Cada procedimiento es pormenorizado a trav\u00e9s de descripciones paso a paso y numerosas im\u00e1genes en color, con informaci\u00f3n sistem\u00e1tica acerca de indicaciones, material e instrumental quir\u00fargico, t\u00e9cnica quir\u00fargica, consideraciones postoperatorias y pron\u00f3stico.<\/p><p>Incluye numerosos cuadros destacados de consejos pr\u00e1cticos de la mano de cirujanos expertos y ofrece acceso a 18 v\u00eddeos que ilustran la realizaci\u00f3n de suturas y colgajos cut\u00e1neos.<\/p><p>Desarrollado por grandes especialistas en cirug\u00eda de peque\u00f1os animales, el presente manual ser\u00e1 de gran utilidad tanto para estudiantes de Veterinaria de \u00faltimo curso interesados en esta especialidad como para cirujanos con a\u00f1os de experiencia<\/p>\t\t\t\t\t\t\t\t<\/div>\n\t\t\t\t<\/div>\n\t\t\t\t\t<\/div>\n\t\t\t\t<\/div>\n\t\t\t\t<\/div>\n\t\t","protected":false},"excerpt":{"rendered":"<p><strong>Autores:<\/strong>\u00a0Juan Morgaz Rodr\u00edguez &amp; Juan Manuel Dom\u00ednguez P\u00e9rez &amp; Jos\u00e9 Andr\u00e9s Fern\u00e1ndez Sarmiento<br \/>\n<strong>ISBN:<\/strong>\u00a09788491139393<br \/>\n<strong>Editorial:<\/strong>\u00a0Elsevier<br \/>\n<strong>Edici\u00f3n:<\/strong>\u00a01\u00aa<br \/>\n<strong>Especialidad<\/strong>: Veterinaria<br \/>\n<strong>P\u00e1ginas<\/strong>: 312<br \/>\n\u00a9 2022<\/p>\n","protected":false},"featured_media":13494,"comment_status":"open","ping_status":"closed","template":"","meta":{"_joinchat":[]},"product_cat":[162],"product_tag":[85,163],"class_list":{"0":"post-13493","1":"product","2":"type-product","3":"status-publish","4":"has-post-thumbnail","6":"product_cat-veterinaria","7":"product_tag-elsevier","8":"product_tag-veterinaria","10":"first","11":"outofstock","12":"featured","13":"taxable","14":"shipping-taxable","15":"purchasable","16":"product-type-simple"},"_links":{"self":[{"href":"https:\/\/edimeinter.com\/libreria\/wp-json\/wp\/v2\/product\/13493","targetHints":{"allow":["GET"]}}],"collection":[{"href":"https:\/\/edimeinter.com\/libreria\/wp-json\/wp\/v2\/product"}],"about":[{"href":"https:\/\/edimeinter.com\/libreria\/wp-json\/wp\/v2\/types\/product"}],"replies":[{"embeddable":true,"href":"https:\/\/edimeinter.com\/libreria\/wp-json\/wp\/v2\/comments?post=13493"}],"version-history":[{"count":1,"href":"https:\/\/edimeinter.com\/libreria\/wp-json\/wp\/v2\/product\/13493\/revisions"}],"predecessor-version":[{"id":15994,"href":"https:\/\/edimeinter.com\/libreria\/wp-json\/wp\/v2\/product\/13493\/revisions\/15994"}],"wp:featuredmedia":[{"embeddable":true,"href":"https:\/\/edimeinter.com\/libreria\/wp-json\/wp\/v2\/media\/13494"}],"wp:attachment":[{"href":"https:\/\/edimeinter.com\/libreria\/wp-json\/wp\/v2\/media?parent=13493"}],"wp:term":[{"taxonomy":"product_cat","embeddable":true,"href":"https:\/\/edimeinter.com\/libreria\/wp-json\/wp\/v2\/product_cat?post=13493"},{"taxonomy":"product_tag","embeddable":true,"href":"https:\/\/edimeinter.com\/libreria\/wp-json\/wp\/v2\/product_tag?post=13493"}],"curies":[{"name":"wp","href":"https:\/\/api.w.org\/{rel}","templated":true}]}}