{"id":13499,"date":"2025-02-19T23:21:41","date_gmt":"2025-02-19T23:21:41","guid":{"rendered":"https:\/\/edimeinter.com\/libreria\/?post_type=product&#038;p=13499"},"modified":"2026-04-11T15:00:55","modified_gmt":"2026-04-11T15:00:55","slug":"georgi-parasitologia-para-veterinarios-11a-edicion","status":"publish","type":"product","link":"https:\/\/edimeinter.com\/libreria\/product\/georgi-parasitologia-para-veterinarios-11a-edicion\/","title":{"rendered":"Georgi. Parasitolog\u00eda para veterinarios. 11\u00aa Edici\u00f3n"},"content":{"rendered":"\t\t<div data-elementor-type=\"wp-post\" data-elementor-id=\"13499\" class=\"elementor elementor-13499\">\n\t\t\t\t<div class=\"elementor-element elementor-element-2612b12 e-flex e-con-boxed e-con e-parent\" data-id=\"2612b12\" data-element_type=\"container\" data-e-type=\"container\">\n\t\t\t\t\t<div class=\"e-con-inner\">\n\t\t\n\t\t<div class=\"elementor-element elementor-element-498707ae elementor-widget elementor-widget-text-editor\" data-id=\"498707ae\" data-element_type=\"widget\" data-e-type=\"widget\" data-widget_type=\"text-editor.default\">\n\t\t\t\t<div class=\"elementor-widget-container\">\n\t\t\t\t\t\t\t\t\t<p dir=\"ltr\" align=\"left\">Esta exhaustiva obra de referencia proporciona informaci\u00f3n plenamente actualizada sobre las infecciones por par\u00e1sitos m\u00e1s habituales en medicina veterinaria. Aunque se centra sobre todo en los par\u00e1sitos que infectan a rumiantes, caballos, cerdos, perros y gatos, tambi\u00e9n incluye aquellos organismos que suelen infectar a los animales de laboratorio y las especies ex\u00f3ticas.<\/p><p dir=\"ltr\" align=\"left\">Incluye m\u00e1s de 600 excelentes fotograf\u00edas e ilustraciones en color que ayudar\u00e1n al estudiante a aprender c\u00f3mo identificar y tratar f\u00e1cilmente todo tipo de par\u00e1sitos.<\/p><p dir=\"ltr\" align=\"left\">Se abordan, entre otros temas, las enfermedades transmitidas por vectores, los f\u00e1rmacos antiparasitarios, el diagn\u00f3stico parasitol\u00f3gico e histopatol\u00f3gico y las vacunas.<\/p><p dir=\"ltr\" align=\"left\">Como novedades destacan la actualizaci\u00f3n de los cap\u00edtulos sobre vacunas, con la informaci\u00f3n m\u00e1s novedosa y las perspectivas de futuro; sobre enfermedades transmitidas por vectores; y el de diagn\u00f3stico parasitol\u00f3gico, con nuevas im\u00e1genes y l\u00e1minas; incorpora apartados acerca de nuevos compuestos farmacol\u00f3gicos antiparasitarios de gran inter\u00e9s; y tablas de tratamiento farmacol\u00f3gico que incorporan informaci\u00f3n plenamente al d\u00eda sobre f\u00e1rmacos, vacunas y parasiticidas.<\/p>\t\t\t\t\t\t\t\t<\/div>\n\t\t\t\t<\/div>\n\t\t\t\t\t<\/div>\n\t\t\t\t<\/div>\n\t\t\t\t<\/div>\n\t\t","protected":false},"excerpt":{"rendered":"<p><strong>Autores:<\/strong>\u00a0Dwight D. Bowman<br \/>\n<strong>ISBN:<\/strong>\u00a09788413822501<br \/>\n<strong>Editorial:<\/strong>\u00a0Elsevier<br \/>\n<strong>Edici\u00f3n:<\/strong>\u00a011\u00aa<br \/>\n<strong>Especialidad<\/strong>: Veterinaria<br \/>\n<strong>P\u00e1ginas<\/strong>: 528<br \/>\n\u00a9 2022<\/p>\n","protected":false},"featured_media":13500,"comment_status":"open","ping_status":"closed","template":"","meta":{"_joinchat":[]},"product_cat":[162],"product_tag":[85,163],"class_list":{"0":"post-13499","1":"product","2":"type-product","3":"status-publish","4":"has-post-thumbnail","6":"product_cat-veterinaria","7":"product_tag-elsevier","8":"product_tag-veterinaria","10":"first","11":"outofstock","12":"featured","13":"taxable","14":"shipping-taxable","15":"purchasable","16":"product-type-simple"},"_links":{"self":[{"href":"https:\/\/edimeinter.com\/libreria\/wp-json\/wp\/v2\/product\/13499","targetHints":{"allow":["GET"]}}],"collection":[{"href":"https:\/\/edimeinter.com\/libreria\/wp-json\/wp\/v2\/product"}],"about":[{"href":"https:\/\/edimeinter.com\/libreria\/wp-json\/wp\/v2\/types\/product"}],"replies":[{"embeddable":true,"href":"https:\/\/edimeinter.com\/libreria\/wp-json\/wp\/v2\/comments?post=13499"}],"version-history":[{"count":4,"href":"https:\/\/edimeinter.com\/libreria\/wp-json\/wp\/v2\/product\/13499\/revisions"}],"predecessor-version":[{"id":18005,"href":"https:\/\/edimeinter.com\/libreria\/wp-json\/wp\/v2\/product\/13499\/revisions\/18005"}],"wp:featuredmedia":[{"embeddable":true,"href":"https:\/\/edimeinter.com\/libreria\/wp-json\/wp\/v2\/media\/13500"}],"wp:attachment":[{"href":"https:\/\/edimeinter.com\/libreria\/wp-json\/wp\/v2\/media?parent=13499"}],"wp:term":[{"taxonomy":"product_cat","embeddable":true,"href":"https:\/\/edimeinter.com\/libreria\/wp-json\/wp\/v2\/product_cat?post=13499"},{"taxonomy":"product_tag","embeddable":true,"href":"https:\/\/edimeinter.com\/libreria\/wp-json\/wp\/v2\/product_tag?post=13499"}],"curies":[{"name":"wp","href":"https:\/\/api.w.org\/{rel}","templated":true}]}}