{"id":13506,"date":"2025-02-19T23:25:35","date_gmt":"2025-02-19T23:25:35","guid":{"rendered":"https:\/\/edimeinter.com\/libreria\/?post_type=product&#038;p=13506"},"modified":"2026-02-23T22:21:53","modified_gmt":"2026-02-23T22:21:53","slug":"otorrinolaringologia-y-cirugia-de-cabeza-y-cuello-manual-ilustrado-3a-edicion","status":"publish","type":"product","link":"https:\/\/edimeinter.com\/libreria\/product\/otorrinolaringologia-y-cirugia-de-cabeza-y-cuello-manual-ilustrado-3a-edicion\/","title":{"rendered":"Otorrinolaringolog\u00eda y cirug\u00eda de cabeza y cuello: Manual ilustrado. 3\u00aa Edici\u00f3n"},"content":{"rendered":"\t\t<div data-elementor-type=\"wp-post\" data-elementor-id=\"13506\" class=\"elementor elementor-13506\">\n\t\t\t\t<div class=\"elementor-element elementor-element-2612b12 e-flex e-con-boxed e-con e-parent\" data-id=\"2612b12\" data-element_type=\"container\" data-e-type=\"container\">\n\t\t\t\t\t<div class=\"e-con-inner\">\n\t\t\n\t\t<div class=\"elementor-element elementor-element-498707ae elementor-widget elementor-widget-text-editor\" data-id=\"498707ae\" data-element_type=\"widget\" data-e-type=\"widget\" data-widget_type=\"text-editor.default\">\n\t\t\t\t<div class=\"elementor-widget-container\">\n\t\t\t\t\t\t\t\t\t<p>El cambio de t\u00edtulo a\u00a0<em>Otorrinolaringolog\u00eda y cirug\u00eda de cabeza y cuello<\/em>\u00a0refleja la intenci\u00f3n del Profesor Basterra de actualizar la denominaci\u00f3n de la obra a la utilizada hoy por la mayor parte de las sociedades profesionales de la especialidad; no cabe duda de que la otorrinolaringolog\u00eda es una especialidad eminentemente quir\u00fargica que ha generado un gran n\u00famero de t\u00e9cnicas quir\u00fargicas, como demuestra el contenido de esta obra.<\/p><p>Como en anteriores ediciones, los estudiantes encontrar\u00e1n un texto claro y did\u00e1ctico, reforzado con m\u00e1s de 300 esquemas gr\u00e1ficos, ilustraciones y fotograf\u00edas en color, que aborda de manera exhaustiva y accesible las ideas b\u00e1sicas de la asignatura. Los residentes en formaci\u00f3n de Otorrinolaringolog\u00eda, Cirug\u00eda Maxilofacial, Cirug\u00eda General, Pediatr\u00eda o Medicina Familiar dispondr\u00e1n con este manual de una herramienta de consulta r\u00e1pida sobre una especialidad con la que comparten \u00e1mbitos de actuaci\u00f3n.<\/p><p>El texto se estructura en siete partes: \u00abOtolog\u00eda\u00bb, \u00abRinolog\u00eda\u00bb, \u00abFaringolog\u00eda\u00bb, \u00abLaringolog\u00eda\u00bb, Gl\u00e1ndulas salivales\u00bb, \u00abCuello\u00bb y \u00abTrastornos del lenguaje y de la voz\u00bb. Cada enfermedad se expone siguiendo el orden tradicional: del concepto al tratamiento, pasando por la etiopatogenia y la anatom\u00eda patol\u00f3gica, la sintomatolog\u00eda y el diagn\u00f3stico, el diagn\u00f3stico diferencial y la evoluci\u00f3n.<\/p><p>La tercera edici\u00f3n de\u00a0<em>Otorrinolaringolog\u00eda y cirug\u00eda de cabeza y cuello. Manual ilustrado<\/em>\u00a0ofrece contenido revisado y actualizado y nuevas im\u00e1genes que aportan m\u00e1s nivel de detalle a las explicaciones.<\/p><p>El Dr. Basterra es catedr\u00e1tico de Otorrinolaringolog\u00eda de la Facultad de Medicina y Odontolog\u00eda de la Universidad de Valencia y jefe del Servicio de Otorrinolaringolog\u00eda del Hospital General Universitario de Valencia.<\/p>\t\t\t\t\t\t\t\t<\/div>\n\t\t\t\t<\/div>\n\t\t\t\t\t<\/div>\n\t\t\t\t<\/div>\n\t\t\t\t<\/div>\n\t\t","protected":false},"excerpt":{"rendered":"<p><strong>Autores:<\/strong>\u00a0Jorge Basterra Alegr\u00eda<br \/>\n<strong>ISBN:<\/strong>\u00a09788491139430<br \/>\n<strong>Editorial:<\/strong>\u00a0Elsevier<br \/>\n<strong>Edici\u00f3n:<\/strong>\u00a03\u00aa<br \/>\n<strong>Especialidad<\/strong>: Otorrinolaringolog\u00eda<br \/>\n<strong>P\u00e1ginas<\/strong>: 368<br \/>\n\u00a9 2022<\/p>\n","protected":false},"featured_media":13507,"comment_status":"open","ping_status":"closed","template":"","meta":{"_joinchat":[]},"product_cat":[156],"product_tag":[85,157],"class_list":{"0":"post-13506","1":"product","2":"type-product","3":"status-publish","4":"has-post-thumbnail","6":"product_cat-otorrinolaringologia","7":"product_tag-elsevier","8":"product_tag-otorrinolaringologia","10":"first","11":"instock","12":"featured","13":"taxable","14":"shipping-taxable","15":"purchasable","16":"product-type-simple"},"_links":{"self":[{"href":"https:\/\/edimeinter.com\/libreria\/wp-json\/wp\/v2\/product\/13506","targetHints":{"allow":["GET"]}}],"collection":[{"href":"https:\/\/edimeinter.com\/libreria\/wp-json\/wp\/v2\/product"}],"about":[{"href":"https:\/\/edimeinter.com\/libreria\/wp-json\/wp\/v2\/types\/product"}],"replies":[{"embeddable":true,"href":"https:\/\/edimeinter.com\/libreria\/wp-json\/wp\/v2\/comments?post=13506"}],"version-history":[{"count":1,"href":"https:\/\/edimeinter.com\/libreria\/wp-json\/wp\/v2\/product\/13506\/revisions"}],"predecessor-version":[{"id":15996,"href":"https:\/\/edimeinter.com\/libreria\/wp-json\/wp\/v2\/product\/13506\/revisions\/15996"}],"wp:featuredmedia":[{"embeddable":true,"href":"https:\/\/edimeinter.com\/libreria\/wp-json\/wp\/v2\/media\/13507"}],"wp:attachment":[{"href":"https:\/\/edimeinter.com\/libreria\/wp-json\/wp\/v2\/media?parent=13506"}],"wp:term":[{"taxonomy":"product_cat","embeddable":true,"href":"https:\/\/edimeinter.com\/libreria\/wp-json\/wp\/v2\/product_cat?post=13506"},{"taxonomy":"product_tag","embeddable":true,"href":"https:\/\/edimeinter.com\/libreria\/wp-json\/wp\/v2\/product_tag?post=13506"}],"curies":[{"name":"wp","href":"https:\/\/api.w.org\/{rel}","templated":true}]}}