{"id":13513,"date":"2025-02-20T19:05:03","date_gmt":"2025-02-20T19:05:03","guid":{"rendered":"https:\/\/edimeinter.com\/libreria\/?post_type=product&#038;p=13513"},"modified":"2025-03-11T00:41:38","modified_gmt":"2025-03-11T00:41:38","slug":"obstetricia-y-ginecologia-1a-edicion","status":"publish","type":"product","link":"https:\/\/edimeinter.com\/libreria\/product\/obstetricia-y-ginecologia-1a-edicion\/","title":{"rendered":"Obstetricia y Ginecolog\u00eda. 1\u00aa Edici\u00f3n"},"content":{"rendered":"\t\t<div data-elementor-type=\"wp-post\" data-elementor-id=\"13513\" class=\"elementor elementor-13513\">\n\t\t\t\t<div class=\"elementor-element elementor-element-2612b12 e-flex e-con-boxed e-con e-parent\" data-id=\"2612b12\" data-element_type=\"container\" data-e-type=\"container\">\n\t\t\t\t\t<div class=\"e-con-inner\">\n\t\t\n\t\t<div class=\"elementor-element elementor-element-498707ae elementor-widget elementor-widget-text-editor\" data-id=\"498707ae\" data-element_type=\"widget\" data-e-type=\"widget\" data-widget_type=\"text-editor.default\">\n\t\t\t\t<div class=\"elementor-widget-container\">\n\t\t\t\t\t\t\t\t\t<p align=\"left\">El manual Obstetricia y Ginecolog\u00eda, re\u00fane todos los conocimientos necesarios para que\u00a0estudiantes de Medicina, residentes y especialistas de \u00e1reas afines dominen los campos de la\u00a0obstetricia y la ginecolog\u00eda, en un contexto tanto cl\u00ednico como acad\u00e9mico, adem\u00e1s desarrolla un\u00a0enfoque de aprendizaje din\u00e1mico basado en la evaluaci\u00f3n formativa y la autoevaluaci\u00f3n.<\/p><p align=\"left\">La obra se estructura en 80 cap\u00edtulos, en los que se exponen, de forma completa, concisa y\u00a0actualizada, la fisiopatolog\u00eda y el manejo diagn\u00f3stico y terap\u00e9utico de las enfermedades\u00a0ginecol\u00f3gicas y de las complicaciones obst\u00e9tricas, y los aspectos m\u00e9dico-legales de estas.<\/p><p align=\"left\">El contenido del manual est\u00e1 orientado a la actividad cl\u00ednica diaria, con informaci\u00f3n\u00a0detallada y sintetizada para facilitar el estudio. Asimismo, cuenta con m\u00e1s de 180 figuras\u00a0originales y 398 preguntas de autoevaluaci\u00f3n.<\/p><p align=\"left\">Cuenta con la colaboraci\u00f3n de un equipo de m\u00e1s de 180 autores de Espa\u00f1a y\u00a0Latinoam\u00e9rica, todos ellos con una reconocida trayectoria profesional, una intensa y\u00a0dilatada experiencia cl\u00ednica, y una indiscutible motivaci\u00f3n docente.<\/p>\t\t\t\t\t\t\t\t<\/div>\n\t\t\t\t<\/div>\n\t\t\t\t\t<\/div>\n\t\t\t\t<\/div>\n\t\t\t\t<\/div>\n\t\t","protected":false},"excerpt":{"rendered":"<p><strong>Autores:<\/strong>\u00a0Anibal Nieto D\u00edaz &amp; Juan Manuel Qui\u00f1onero Rubio &amp; Pedro Antonio Cascales Campos<br \/>\n<strong>ISBN:<\/strong>\u00a09788491138563<br \/>\n<strong>Editorial:<\/strong>\u00a0Elsevier<br \/>\n<strong>Edici\u00f3n:<\/strong>\u00a01\u00aa<br \/>\n<strong>Especialidad<\/strong>: Ginecolog\u00eda y Obstetricia<br \/>\n<strong>P\u00e1ginas<\/strong>: 520<br \/>\n\u00a9 2022<\/p>\n","protected":false},"featured_media":13514,"comment_status":"open","ping_status":"open","template":"","meta":{"_joinchat":[]},"product_cat":[104],"product_tag":[85,105],"class_list":{"0":"post-13513","1":"product","2":"type-product","3":"status-publish","4":"has-post-thumbnail","6":"product_cat-ginecologia-y-obstetricia","7":"product_tag-elsevier","8":"product_tag-ginecologia-y-obstetricia","10":"first","11":"instock","12":"featured","13":"taxable","14":"shipping-taxable","15":"purchasable","16":"product-type-simple"},"_links":{"self":[{"href":"https:\/\/edimeinter.com\/libreria\/wp-json\/wp\/v2\/product\/13513","targetHints":{"allow":["GET"]}}],"collection":[{"href":"https:\/\/edimeinter.com\/libreria\/wp-json\/wp\/v2\/product"}],"about":[{"href":"https:\/\/edimeinter.com\/libreria\/wp-json\/wp\/v2\/types\/product"}],"replies":[{"embeddable":true,"href":"https:\/\/edimeinter.com\/libreria\/wp-json\/wp\/v2\/comments?post=13513"}],"version-history":[{"count":1,"href":"https:\/\/edimeinter.com\/libreria\/wp-json\/wp\/v2\/product\/13513\/revisions"}],"predecessor-version":[{"id":15997,"href":"https:\/\/edimeinter.com\/libreria\/wp-json\/wp\/v2\/product\/13513\/revisions\/15997"}],"wp:featuredmedia":[{"embeddable":true,"href":"https:\/\/edimeinter.com\/libreria\/wp-json\/wp\/v2\/media\/13514"}],"wp:attachment":[{"href":"https:\/\/edimeinter.com\/libreria\/wp-json\/wp\/v2\/media?parent=13513"}],"wp:term":[{"taxonomy":"product_cat","embeddable":true,"href":"https:\/\/edimeinter.com\/libreria\/wp-json\/wp\/v2\/product_cat?post=13513"},{"taxonomy":"product_tag","embeddable":true,"href":"https:\/\/edimeinter.com\/libreria\/wp-json\/wp\/v2\/product_tag?post=13513"}],"curies":[{"name":"wp","href":"https:\/\/api.w.org\/{rel}","templated":true}]}}