{"id":13525,"date":"2025-02-20T19:11:45","date_gmt":"2025-02-20T19:11:45","guid":{"rendered":"https:\/\/edimeinter.com\/libreria\/?post_type=product&#038;p=13525"},"modified":"2025-03-11T17:20:55","modified_gmt":"2025-03-11T17:20:55","slug":"emery-elementos-de-genetica-medica-y-genomic-16a-edicion","status":"publish","type":"product","link":"https:\/\/edimeinter.com\/libreria\/product\/emery-elementos-de-genetica-medica-y-genomic-16a-edicion\/","title":{"rendered":"Emery. Elementos de gen\u00e9tica m\u00e9dica y gen\u00f3mic. 16\u00aa Edici\u00f3n"},"content":{"rendered":"\t\t<div data-elementor-type=\"wp-post\" data-elementor-id=\"13525\" class=\"elementor elementor-13525\">\n\t\t\t\t<div class=\"elementor-element elementor-element-2612b12 e-flex e-con-boxed e-con e-parent\" data-id=\"2612b12\" data-element_type=\"container\" data-e-type=\"container\">\n\t\t\t\t\t<div class=\"e-con-inner\">\n\t\t\n\t\t<div class=\"elementor-element elementor-element-498707ae elementor-widget elementor-widget-text-editor\" data-id=\"498707ae\" data-element_type=\"widget\" data-e-type=\"widget\" data-widget_type=\"text-editor.default\">\n\t\t\t\t<div class=\"elementor-widget-container\">\n\t\t\t\t\t\t\t\t\t<p>Nueva edici\u00f3n de un texto cl\u00e1sico y consolidado a trav\u00e9s de sus 16 ediciones cuyo objetivo es sentar las bases de la gen\u00e9tica m\u00e9dica, a la vez que ofrece un mayor detalle en \u00e1reas como la epigen\u00e9tica y la expresi\u00f3n g\u00e9nica<\/p><p>Ofrece un equilibrio perfecto entre la gen\u00e9tica como ciencia b\u00e1sica, la gen\u00e9tica aplicada a la medicina y la gen\u00e9tica cl\u00ednica.<\/p><p>Entre las principales novedades cabe destacar la inclusi\u00f3n de casos cl\u00ednocs al final de algunos cap\u00edtulos y la actualizaci\u00f3n exhaustiva de todos los cap\u00edtulos, especialmente la informaci\u00f3n referente a gen\u00f3mica del c\u00e1ncer, edici\u00f3n g\u00e9nica gracias a CRISPR\/Cas9 y las pruebas de diagn\u00f3stico prenatal no invasivas.<\/p><p>Incluye acceso a SC.com (contenido en ingl\u00e9s) en el que se ofrece acceso al e-book desde cualquier dispositivo<\/p>\t\t\t\t\t\t\t\t<\/div>\n\t\t\t\t<\/div>\n\t\t\t\t\t<\/div>\n\t\t\t\t<\/div>\n\t\t\t\t<\/div>\n\t\t","protected":false},"excerpt":{"rendered":"<p><strong>Autores:<\/strong>\u00a0Peter D Turnpenny &amp; Sian Ellard &amp; Peter D Turnpenny &amp; Sian Ellard &amp; Ruth Cleaver<br \/>\n<strong>ISBN:<\/strong>\u00a09788413821689<br \/>\n<strong>Editorial:<\/strong>\u00a0Elsevier<br \/>\n<strong>Edici\u00f3n:<\/strong>\u00a016\u00aa<br \/>\n<strong>Especialidad<\/strong>: Gen\u00e9tica<br \/>\n<strong>P\u00e1ginas<\/strong>: 438<br \/>\n\u00a9 2022<\/p>\n","protected":false},"featured_media":13526,"comment_status":"open","ping_status":"open","template":"","meta":{"_joinchat":[]},"product_cat":[144],"product_tag":[85,145],"class_list":{"0":"post-13525","1":"product","2":"type-product","3":"status-publish","4":"has-post-thumbnail","6":"product_cat-genetica","7":"product_tag-elsevier","8":"product_tag-genetica","10":"first","11":"instock","12":"featured","13":"taxable","14":"shipping-taxable","15":"purchasable","16":"product-type-simple"},"_links":{"self":[{"href":"https:\/\/edimeinter.com\/libreria\/wp-json\/wp\/v2\/product\/13525","targetHints":{"allow":["GET"]}}],"collection":[{"href":"https:\/\/edimeinter.com\/libreria\/wp-json\/wp\/v2\/product"}],"about":[{"href":"https:\/\/edimeinter.com\/libreria\/wp-json\/wp\/v2\/types\/product"}],"replies":[{"embeddable":true,"href":"https:\/\/edimeinter.com\/libreria\/wp-json\/wp\/v2\/comments?post=13525"}],"version-history":[{"count":1,"href":"https:\/\/edimeinter.com\/libreria\/wp-json\/wp\/v2\/product\/13525\/revisions"}],"predecessor-version":[{"id":16000,"href":"https:\/\/edimeinter.com\/libreria\/wp-json\/wp\/v2\/product\/13525\/revisions\/16000"}],"wp:featuredmedia":[{"embeddable":true,"href":"https:\/\/edimeinter.com\/libreria\/wp-json\/wp\/v2\/media\/13526"}],"wp:attachment":[{"href":"https:\/\/edimeinter.com\/libreria\/wp-json\/wp\/v2\/media?parent=13525"}],"wp:term":[{"taxonomy":"product_cat","embeddable":true,"href":"https:\/\/edimeinter.com\/libreria\/wp-json\/wp\/v2\/product_cat?post=13525"},{"taxonomy":"product_tag","embeddable":true,"href":"https:\/\/edimeinter.com\/libreria\/wp-json\/wp\/v2\/product_tag?post=13525"}],"curies":[{"name":"wp","href":"https:\/\/api.w.org\/{rel}","templated":true}]}}