{"id":13531,"date":"2025-02-20T19:14:46","date_gmt":"2025-02-20T19:14:46","guid":{"rendered":"https:\/\/edimeinter.com\/libreria\/?post_type=product&#038;p=13531"},"modified":"2025-03-11T17:22:13","modified_gmt":"2025-03-11T17:22:13","slug":"salud-laboral-5a-edicion","status":"publish","type":"product","link":"https:\/\/edimeinter.com\/libreria\/product\/salud-laboral-5a-edicion\/","title":{"rendered":"Salud laboral. 5\u00aa Edici\u00f3n"},"content":{"rendered":"\t\t<div data-elementor-type=\"wp-post\" data-elementor-id=\"13531\" class=\"elementor elementor-13531\">\n\t\t\t\t<div class=\"elementor-element elementor-element-2612b12 e-flex e-con-boxed e-con e-parent\" data-id=\"2612b12\" data-element_type=\"container\" data-e-type=\"container\">\n\t\t\t\t\t<div class=\"e-con-inner\">\n\t\t\n\t\t<div class=\"elementor-element elementor-element-498707ae elementor-widget elementor-widget-text-editor\" data-id=\"498707ae\" data-element_type=\"widget\" data-e-type=\"widget\" data-widget_type=\"text-editor.default\">\n\t\t\t\t<div class=\"elementor-widget-container\">\n\t\t\t\t\t\t\t\t\t<p>La 5\u00aa edici\u00f3n de Salud Laboral llega cuando se cumplen los 25 a\u00f1os de la publicaci\u00f3n de la primera edici\u00f3n. Ahora, con una edici\u00f3n minuciosamente actualizada y con contenidos renovados, esta referencia en salud laboral ve la luz justo despu\u00e9s de la crisis sanitaria a la que ha conduvido la pandemia producida por el Covid-19. Cuenta con la participaci\u00f3n de expertos nacionales e internacionales, lo que permite ofrecer perspectivas distintas de la salud laboral enriqueciendo as\u00ed el contenido. Adem\u00e1s de la actualizaci\u00f3n del 95% de los cap\u00edtulos, se incluyen dos cap\u00edtulos nuevos que abordan la crisis sanitaria ocasionada por la pandemia y las perspectivas y retos de futuro de la salud laboral.<\/p>\t\t\t\t\t\t\t\t<\/div>\n\t\t\t\t<\/div>\n\t\t\t\t\t<\/div>\n\t\t\t\t<\/div>\n\t\t\t\t<\/div>\n\t\t","protected":false},"excerpt":{"rendered":"<p><strong>Autores:<\/strong>\u00a0Carlos Ruiz-Frutos &amp; Ana Mar\u00eda Garc\u00eda Garc\u00eda &amp; George Delcl\u00f2s Clanchet &amp; Elena Ronda P\u00e9rez &amp; Fernando Garc\u00eda Benavides &amp; Mosby &amp; George Delcl\u00f2s Clanchet &amp; Elena Ronda P\u00e9rez &amp; Ana Mar\u00eda Garc\u00eda Garc\u00eda &amp; Fernando Garc\u00eda Benavides<br \/>\n<strong>ISBN:<\/strong>\u00a09788491136590<br \/>\n<strong>Editorial:<\/strong>\u00a0Elsevier<br \/>\n<strong>Edici\u00f3n:<\/strong>\u00a05\u00aa<br \/>\n<strong>Especialidad<\/strong>: Medicina del Trabajo<br \/>\n<strong>P\u00e1ginas<\/strong>: 328<br \/>\n\u00a9 2022<\/p>\n","protected":false},"featured_media":13532,"comment_status":"open","ping_status":"open","template":"","meta":{"_joinchat":[]},"product_cat":[132],"product_tag":[85,133],"class_list":{"0":"post-13531","1":"product","2":"type-product","3":"status-publish","4":"has-post-thumbnail","6":"product_cat-medicina-del-trabajo","7":"product_tag-elsevier","8":"product_tag-medicina-del-trabajo","10":"first","11":"instock","12":"featured","13":"taxable","14":"shipping-taxable","15":"purchasable","16":"product-type-simple"},"_links":{"self":[{"href":"https:\/\/edimeinter.com\/libreria\/wp-json\/wp\/v2\/product\/13531","targetHints":{"allow":["GET"]}}],"collection":[{"href":"https:\/\/edimeinter.com\/libreria\/wp-json\/wp\/v2\/product"}],"about":[{"href":"https:\/\/edimeinter.com\/libreria\/wp-json\/wp\/v2\/types\/product"}],"replies":[{"embeddable":true,"href":"https:\/\/edimeinter.com\/libreria\/wp-json\/wp\/v2\/comments?post=13531"}],"version-history":[{"count":1,"href":"https:\/\/edimeinter.com\/libreria\/wp-json\/wp\/v2\/product\/13531\/revisions"}],"predecessor-version":[{"id":16001,"href":"https:\/\/edimeinter.com\/libreria\/wp-json\/wp\/v2\/product\/13531\/revisions\/16001"}],"wp:featuredmedia":[{"embeddable":true,"href":"https:\/\/edimeinter.com\/libreria\/wp-json\/wp\/v2\/media\/13532"}],"wp:attachment":[{"href":"https:\/\/edimeinter.com\/libreria\/wp-json\/wp\/v2\/media?parent=13531"}],"wp:term":[{"taxonomy":"product_cat","embeddable":true,"href":"https:\/\/edimeinter.com\/libreria\/wp-json\/wp\/v2\/product_cat?post=13531"},{"taxonomy":"product_tag","embeddable":true,"href":"https:\/\/edimeinter.com\/libreria\/wp-json\/wp\/v2\/product_tag?post=13531"}],"curies":[{"name":"wp","href":"https:\/\/api.w.org\/{rel}","templated":true}]}}