{"id":13538,"date":"2025-02-20T19:53:15","date_gmt":"2025-02-20T19:53:15","guid":{"rendered":"https:\/\/edimeinter.com\/libreria\/?post_type=product&#038;p=13538"},"modified":"2025-03-11T17:23:28","modified_gmt":"2025-03-11T17:23:28","slug":"arritmias-en-pediatria-1a-edicion","status":"publish","type":"product","link":"https:\/\/edimeinter.com\/libreria\/product\/arritmias-en-pediatria-1a-edicion\/","title":{"rendered":"Arritmias en pediatr\u00eda. 1\u00aa Edici\u00f3n"},"content":{"rendered":"\t\t<div data-elementor-type=\"wp-post\" data-elementor-id=\"13538\" class=\"elementor elementor-13538\">\n\t\t\t\t<div class=\"elementor-element elementor-element-2612b12 e-flex e-con-boxed e-con e-parent\" data-id=\"2612b12\" data-element_type=\"container\" data-e-type=\"container\">\n\t\t\t\t\t<div class=\"e-con-inner\">\n\t\t\n\t\t<div class=\"elementor-element elementor-element-498707ae elementor-widget elementor-widget-text-editor\" data-id=\"498707ae\" data-element_type=\"widget\" data-e-type=\"widget\" data-widget_type=\"text-editor.default\">\n\t\t\t\t<div class=\"elementor-widget-container\">\n\t\t\t\t\t\t\t\t\t<p>El manejo de un paciente pedi\u00e1trico con arritmia puede ser intimidante. Los latidos cardiacos r\u00e1pidos, la afectaci\u00f3n cardiaca o el resultado potencialmente grave crea una sensaci\u00f3n de inquietud en el profesional sanitario.\u00a0<em>Arritmias en pediatr\u00eda<\/em>\u00a0aborda el reto que suponen estas preocupaciones y proporciona un m\u00e9todo simple y l\u00f3gico para el manejo del paciente pedi\u00e1trico con arritmias.<\/p><p>El objetivo principal de este texto es proporcionar una visi\u00f3n de la mente del electrofisi\u00f3logo pedi\u00e1trico cuando se encuentra con escenarios cl\u00ednicos habituales. Cada cap\u00edtulo comienza con un caso cl\u00ednico que representa las experiencias cl\u00ednicas m\u00e1s comunes en las que un profesional sanitario consulta a un electrofisi\u00f3logo pedi\u00e1trico. El lector encontrar\u00e1 inmediatamente despu\u00e9s una discusi\u00f3n del diagn\u00f3stico, el proceso de pensamiento cl\u00ednico involucrado, las opciones de tratamiento, los resultados esperados y c\u00f3mo manejar los resultados anticipados e imprevistos.<\/p>\t\t\t\t\t\t\t\t<\/div>\n\t\t\t\t<\/div>\n\t\t\t\t\t<\/div>\n\t\t\t\t<\/div>\n\t\t\t\t<\/div>\n\t\t","protected":false},"excerpt":{"rendered":"<p><strong>Autores:<\/strong>\u00a0Vincent C. Thomas &amp; Seshadri Balaji<br \/>\n<strong>ISBN:<\/strong>\u00a09788413822303<br \/>\n<strong>Editorial:<\/strong>\u00a0Elsevier<br \/>\n<strong>Edici\u00f3n:<\/strong>\u00a01\u00aa<br \/>\n<strong>Especialidad<\/strong>: Pediatr\u00eda<br \/>\n<strong>P\u00e1ginas<\/strong>: 184<br \/>\n\u00a9 2022<\/p>\n","protected":false},"featured_media":13539,"comment_status":"open","ping_status":"open","template":"","meta":{"_joinchat":[]},"product_cat":[130],"product_tag":[85,131],"class_list":{"0":"post-13538","1":"product","2":"type-product","3":"status-publish","4":"has-post-thumbnail","6":"product_cat-pediatria-y-neonatologia","7":"product_tag-elsevier","8":"product_tag-pediatria-y-neonatologia","10":"first","11":"instock","12":"featured","13":"taxable","14":"shipping-taxable","15":"purchasable","16":"product-type-simple"},"_links":{"self":[{"href":"https:\/\/edimeinter.com\/libreria\/wp-json\/wp\/v2\/product\/13538","targetHints":{"allow":["GET"]}}],"collection":[{"href":"https:\/\/edimeinter.com\/libreria\/wp-json\/wp\/v2\/product"}],"about":[{"href":"https:\/\/edimeinter.com\/libreria\/wp-json\/wp\/v2\/types\/product"}],"replies":[{"embeddable":true,"href":"https:\/\/edimeinter.com\/libreria\/wp-json\/wp\/v2\/comments?post=13538"}],"version-history":[{"count":2,"href":"https:\/\/edimeinter.com\/libreria\/wp-json\/wp\/v2\/product\/13538\/revisions"}],"predecessor-version":[{"id":16003,"href":"https:\/\/edimeinter.com\/libreria\/wp-json\/wp\/v2\/product\/13538\/revisions\/16003"}],"wp:featuredmedia":[{"embeddable":true,"href":"https:\/\/edimeinter.com\/libreria\/wp-json\/wp\/v2\/media\/13539"}],"wp:attachment":[{"href":"https:\/\/edimeinter.com\/libreria\/wp-json\/wp\/v2\/media?parent=13538"}],"wp:term":[{"taxonomy":"product_cat","embeddable":true,"href":"https:\/\/edimeinter.com\/libreria\/wp-json\/wp\/v2\/product_cat?post=13538"},{"taxonomy":"product_tag","embeddable":true,"href":"https:\/\/edimeinter.com\/libreria\/wp-json\/wp\/v2\/product_tag?post=13538"}],"curies":[{"name":"wp","href":"https:\/\/api.w.org\/{rel}","templated":true}]}}