{"id":13550,"date":"2025-02-20T19:58:44","date_gmt":"2025-02-20T19:58:44","guid":{"rendered":"https:\/\/edimeinter.com\/libreria\/?post_type=product&#038;p=13550"},"modified":"2025-03-11T17:26:54","modified_gmt":"2025-03-11T17:26:54","slug":"netter-flashcards-de-fisiologia-2a-edicion","status":"publish","type":"product","link":"https:\/\/edimeinter.com\/libreria\/product\/netter-flashcards-de-fisiologia-2a-edicion\/","title":{"rendered":"Netter. Flashcards de fisiolog\u00eda. 2\u00aa Edici\u00f3n"},"content":{"rendered":"\t\t<div data-elementor-type=\"wp-post\" data-elementor-id=\"13550\" class=\"elementor elementor-13550\">\n\t\t\t\t<div class=\"elementor-element elementor-element-2612b12 e-flex e-con-boxed e-con e-parent\" data-id=\"2612b12\" data-element_type=\"container\" data-e-type=\"container\">\n\t\t\t\t\t<div class=\"e-con-inner\">\n\t\t\n\t\t<div class=\"elementor-element elementor-element-498707ae elementor-widget elementor-widget-text-editor\" data-id=\"498707ae\" data-element_type=\"widget\" data-e-type=\"widget\" data-widget_type=\"text-editor.default\">\n\t\t\t\t<div class=\"elementor-widget-container\">\n\t\t\t\t\t\t\t\t\t<p>Estas populares flashcards, magn\u00edficamente ilustradas\u00a0 por Frank H. Netter y otros ilustradores de su misma escuela, facilitan el aprendizaje, y han sido actualizadas en detalle, con im\u00e1genes y preguntas en el anverso y respuestas en el reverso.<\/p><p>Constituyen una herramienta eminentemente visual para poner a prueba los conocimientos de fisiolog\u00eda y comprender mejor los conceptos fisiol\u00f3gicos.<\/p><p>M\u00e1s de 200\u00a0<em>flashcards<\/em>\u00a0perforadas, organizadas por sistemas corporales, proporcionan informaci\u00f3n concisa y de f\u00e1cil consulta sobre conceptos fisiol\u00f3gicos clave para poder repasar eficazmente en cualquier lugar. Adem\u00e1s, m\u00e1s de una docena de\u00a0<em>flashcards<\/em>\u00a0nuevas ofrecen contenidos ampliados acerca de la sangre y los ganglios linf\u00e1ticos, con preguntas cl\u00ednicas adicionales para ayudarte a aplicar los conceptos aprendidos.<\/p><p>Incluyen referencias cruzadas a\u00a0<em>Netter. Fundamentos de fisiolog\u00eda<\/em>, 2.\u00aa edici\u00f3n, si bien tambi\u00e9n son muy \u00fatiles junto con otros libros de texto si lo prefieres.<\/p><p>Son ideales para el estudio individual o en grupo, y excelentemente valoradas por estudiantes de pregrado, de enfermer\u00eda, de ciencias de la salud y de medicina.<\/p>\t\t\t\t\t\t\t\t<\/div>\n\t\t\t\t<\/div>\n\t\t\t\t\t<\/div>\n\t\t\t\t<\/div>\n\t\t\t\t<\/div>\n\t\t","protected":false},"excerpt":{"rendered":"<p><strong>Autores:<\/strong>\u00a0Susan E. Mulroney &amp; Adam K. Myers<br \/>\n<strong>ISBN:<\/strong>\u00a09788413822136<br \/>\n<strong>Editorial:<\/strong>\u00a0Elsevier<br \/>\n<strong>Edici\u00f3n:<\/strong>\u00a02\u00aa<br \/>\n<strong>Especialidad<\/strong>: Fisiolog\u00eda<br \/>\n<strong>P\u00e1ginas<\/strong>: 446<br \/>\n\u00a9 2022<\/p>\n","protected":false},"featured_media":13551,"comment_status":"open","ping_status":"open","template":"","meta":{"_joinchat":[]},"product_cat":[209],"product_tag":[85,210],"class_list":{"0":"post-13550","1":"product","2":"type-product","3":"status-publish","4":"has-post-thumbnail","6":"product_cat-fisiologia","7":"product_tag-elsevier","8":"product_tag-fisiologia","10":"first","11":"instock","12":"featured","13":"taxable","14":"shipping-taxable","15":"purchasable","16":"product-type-simple"},"_links":{"self":[{"href":"https:\/\/edimeinter.com\/libreria\/wp-json\/wp\/v2\/product\/13550","targetHints":{"allow":["GET"]}}],"collection":[{"href":"https:\/\/edimeinter.com\/libreria\/wp-json\/wp\/v2\/product"}],"about":[{"href":"https:\/\/edimeinter.com\/libreria\/wp-json\/wp\/v2\/types\/product"}],"replies":[{"embeddable":true,"href":"https:\/\/edimeinter.com\/libreria\/wp-json\/wp\/v2\/comments?post=13550"}],"version-history":[{"count":1,"href":"https:\/\/edimeinter.com\/libreria\/wp-json\/wp\/v2\/product\/13550\/revisions"}],"predecessor-version":[{"id":16005,"href":"https:\/\/edimeinter.com\/libreria\/wp-json\/wp\/v2\/product\/13550\/revisions\/16005"}],"wp:featuredmedia":[{"embeddable":true,"href":"https:\/\/edimeinter.com\/libreria\/wp-json\/wp\/v2\/media\/13551"}],"wp:attachment":[{"href":"https:\/\/edimeinter.com\/libreria\/wp-json\/wp\/v2\/media?parent=13550"}],"wp:term":[{"taxonomy":"product_cat","embeddable":true,"href":"https:\/\/edimeinter.com\/libreria\/wp-json\/wp\/v2\/product_cat?post=13550"},{"taxonomy":"product_tag","embeddable":true,"href":"https:\/\/edimeinter.com\/libreria\/wp-json\/wp\/v2\/product_tag?post=13550"}],"curies":[{"name":"wp","href":"https:\/\/api.w.org\/{rel}","templated":true}]}}