{"id":13556,"date":"2025-02-20T20:06:33","date_gmt":"2025-02-20T20:06:33","guid":{"rendered":"https:\/\/edimeinter.com\/libreria\/?post_type=product&#038;p=13556"},"modified":"2026-04-04T16:28:07","modified_gmt":"2026-04-04T16:28:07","slug":"netter-cuaderno-de-fisiologia-para-colorear-1a-edicion","status":"publish","type":"product","link":"https:\/\/edimeinter.com\/libreria\/product\/netter-cuaderno-de-fisiologia-para-colorear-1a-edicion\/","title":{"rendered":"Netter. Cuaderno de fisiolog\u00eda para colorear. 1\u00aa Edici\u00f3n"},"content":{"rendered":"\t\t<div data-elementor-type=\"wp-post\" data-elementor-id=\"13556\" class=\"elementor elementor-13556\">\n\t\t\t\t<div class=\"elementor-element elementor-element-2612b12 e-flex e-con-boxed e-con e-parent\" data-id=\"2612b12\" data-element_type=\"container\" data-e-type=\"container\">\n\t\t\t\t\t<div class=\"e-con-inner\">\n\t\t\n\t\t<div class=\"elementor-element elementor-element-498707ae elementor-widget elementor-widget-text-editor\" data-id=\"498707ae\" data-element_type=\"widget\" data-e-type=\"widget\" data-widget_type=\"text-editor.default\">\n\t\t\t\t<div class=\"elementor-widget-container\">\n\t\t\t\t\t\t\t\t\t<p>Este cuaderno proporciona una forma divertida e interactiva para aprender y repasar un \u00e1rea\u00a0compleja pero fascinante, para aquellos que est\u00e9n tomando un curso de Fisiolog\u00eda, haciendo\u00a0pr\u00e1cticas de laboratorio, estudiando Medicina o un grado en Ciencias de la Salud.<\/p><p align=\"left\">Refuerza los conocimientos de fisiolog\u00eda con este m\u00e9todo de repaso activo, atractivo y\u00a0relajante y hace que los conceptos abstractos se vuelvan m\u00e1s concretos mediante la\u00a0aplicaci\u00f3n del color para reforzar la comprensi\u00f3n y la memorizaci\u00f3n de los temas m\u00e1s\u00a0dif\u00edciles.<\/p><p align=\"left\">Esta herramienta \u00fanica de aprendizaje es m\u00e1s que un simple libro de colorear y ofrece m\u00e1s\u00a0de 100 temas clave en fisiolog\u00eda, explicados mediante dibujos de gran claridad basados en\u00a0las ilustraciones cl\u00e1sicas de Frank Netter, MD, y de otros magn\u00edficos ilustradores cient\u00edficos\u00a0y m\u00e9dicos.<\/p><p align=\"left\">Incluye ejercicios de colorear que destacan las v\u00edas, los procesos y los ciclos para fomentar\u00a0la memoria visual as\u00ed como tablas de consulta r\u00e1pida y notas cl\u00ednicas de fisiopatolog\u00eda que\u00a0relacionan la ciencia b\u00e1sica con la medicina cl\u00ednica y la asistencia sanitaria. Contiene\u00a0adem\u00e1s preguntas de repaso que refuerzan la comprensi\u00f3n y la retenci\u00f3n, y ofrece acceso\u00a0a recursos online en ingl\u00e9s, como los ejercicios de colorear ya resueltos que sirven como\u00a0referencia.<\/p>\t\t\t\t\t\t\t\t<\/div>\n\t\t\t\t<\/div>\n\t\t\t\t\t<\/div>\n\t\t\t\t<\/div>\n\t\t\t\t<\/div>\n\t\t","protected":false},"excerpt":{"rendered":"<p><strong>Autores:<\/strong>\u00a0Susan E. Mulroney &amp; Adam K. Myers<br \/>\n<strong>ISBN:<\/strong>\u00a09788413822143<br \/>\n<strong>Editorial:<\/strong>\u00a0Elsevier<br \/>\n<strong>Edici\u00f3n:<\/strong>\u00a01\u00aa<br \/>\n<strong>Especialidad<\/strong>: Fisiolog\u00eda<br \/>\n<strong>P\u00e1ginas<\/strong>: 312<br \/>\n\u00a9 2022<\/p>\n","protected":false},"featured_media":13557,"comment_status":"open","ping_status":"closed","template":"","meta":{"_joinchat":[]},"product_cat":[209],"product_tag":[85,210],"class_list":{"0":"post-13556","1":"product","2":"type-product","3":"status-publish","4":"has-post-thumbnail","6":"product_cat-fisiologia","7":"product_tag-elsevier","8":"product_tag-fisiologia","10":"first","11":"instock","12":"featured","13":"taxable","14":"shipping-taxable","15":"purchasable","16":"product-type-simple"},"_links":{"self":[{"href":"https:\/\/edimeinter.com\/libreria\/wp-json\/wp\/v2\/product\/13556","targetHints":{"allow":["GET"]}}],"collection":[{"href":"https:\/\/edimeinter.com\/libreria\/wp-json\/wp\/v2\/product"}],"about":[{"href":"https:\/\/edimeinter.com\/libreria\/wp-json\/wp\/v2\/types\/product"}],"replies":[{"embeddable":true,"href":"https:\/\/edimeinter.com\/libreria\/wp-json\/wp\/v2\/comments?post=13556"}],"version-history":[{"count":4,"href":"https:\/\/edimeinter.com\/libreria\/wp-json\/wp\/v2\/product\/13556\/revisions"}],"predecessor-version":[{"id":18002,"href":"https:\/\/edimeinter.com\/libreria\/wp-json\/wp\/v2\/product\/13556\/revisions\/18002"}],"wp:featuredmedia":[{"embeddable":true,"href":"https:\/\/edimeinter.com\/libreria\/wp-json\/wp\/v2\/media\/13557"}],"wp:attachment":[{"href":"https:\/\/edimeinter.com\/libreria\/wp-json\/wp\/v2\/media?parent=13556"}],"wp:term":[{"taxonomy":"product_cat","embeddable":true,"href":"https:\/\/edimeinter.com\/libreria\/wp-json\/wp\/v2\/product_cat?post=13556"},{"taxonomy":"product_tag","embeddable":true,"href":"https:\/\/edimeinter.com\/libreria\/wp-json\/wp\/v2\/product_tag?post=13556"}],"curies":[{"name":"wp","href":"https:\/\/api.w.org\/{rel}","templated":true}]}}