{"id":13563,"date":"2025-02-20T20:12:42","date_gmt":"2025-02-20T20:12:42","guid":{"rendered":"https:\/\/edimeinter.com\/libreria\/?post_type=product&#038;p=13563"},"modified":"2025-09-11T16:24:44","modified_gmt":"2025-09-11T16:24:44","slug":"cecil-principios-de-medicina-interna-10a-edicion","status":"publish","type":"product","link":"https:\/\/edimeinter.com\/libreria\/product\/cecil-principios-de-medicina-interna-10a-edicion\/","title":{"rendered":"Cecil. Principios de medicina interna. 10\u00aa Edici\u00f3n"},"content":{"rendered":"\t\t<div data-elementor-type=\"wp-post\" data-elementor-id=\"13563\" class=\"elementor elementor-13563\">\n\t\t\t\t<div class=\"elementor-element elementor-element-2612b12 e-flex e-con-boxed e-con e-parent\" data-id=\"2612b12\" data-element_type=\"container\" data-e-type=\"container\">\n\t\t\t\t\t<div class=\"e-con-inner\">\n\t\t\n\t\t<div class=\"elementor-element elementor-element-498707ae elementor-widget elementor-widget-text-editor\" data-id=\"498707ae\" data-element_type=\"widget\" data-e-type=\"widget\" data-widget_type=\"text-editor.default\">\n\t\t\t\t<div class=\"elementor-widget-container\">\n\t\t\t\t\t\t\t\t\t<p>Esta 10.\u00aa edici\u00f3n, minuciosamente revisada, contin\u00faa esta tradici\u00f3n de excelencia, centrando su atenci\u00f3n en el conocimiento esencial m\u00e1s provechoso para todos aquellos que est\u00e9n inici\u00e1ndose o afianz\u00e1ndose en el campo de la medicina interna.<\/p><p>\u00cdntegramente revisada y actualizada por los directores de la edici\u00f3n junto con otros destacados docentes y expertos en esta especialidad, la obra mantiene su enfoque cl\u00ednico y su s\u00f3lido apoyo en las ciencias b\u00e1sicas.<\/p><p>Esta obra de referencia para estudiantes y docentes presenta un nuevo enfoque en los conocimientos esenciales necesarios en la pr\u00e1ctica cl\u00ednica y la formaci\u00f3n de los residentes, con una cobertura concisa y completa de los principios b\u00e1sicos de la medicina y de su aplicaci\u00f3n a la atenci\u00f3n a los pacientes.<\/p><p>Cada una de las secciones de la obra describe la fisiolog\u00eda y la bioqu\u00edmica b\u00e1sicas, seguidas de informaci\u00f3n completa acerca de las enfermedades de los sistemas org\u00e1nicos u otros temas tratados en los diferentes cap\u00edtulos.<\/p><p>El dise\u00f1o a todo color facilita la accesibilidad de los textos y la retenci\u00f3n de conceptos. Las excelentes im\u00e1genes ilustran con claridad la presentaci\u00f3n y las caracter\u00edsticas cl\u00ednicas de las correspondientes enfermedades.<\/p><p>Los nuevos cap\u00edtulos cubren \u00e1reas como el c\u00e1ncer ginecol\u00f3gico y la transici\u00f3n en la asistencia de los pacientes pedi\u00e1tricos con enfermedades pulmonares a los profesionales para adultos.<\/p><p>Incluye la versi\u00f3n digital de la obra original (contenido en ingl\u00e9s) con acceso, a trav\u00e9s de distintos dispositivos, al texto, las figuras y la bibliograf\u00eda del libro<\/p>\t\t\t\t\t\t\t\t<\/div>\n\t\t\t\t<\/div>\n\t\t\t\t\t<\/div>\n\t\t\t\t<\/div>\n\t\t\t\t<\/div>\n\t\t","protected":false},"excerpt":{"rendered":"<p><strong>Autores:<\/strong>\u00a0Edward J. Wing &amp; Fred J. Schiffman<br \/>\n<strong>ISBN:<\/strong>\u00a09788413822174<br \/>\n<strong>Editorial:<\/strong>\u00a0Elsevier<br \/>\n<strong>Edici\u00f3n:<\/strong>\u00a010\u00aa<br \/>\n<strong>Especialidad<\/strong>: Medicina Interna<br \/>\n<strong>P\u00e1ginas<\/strong>: 1240<br \/>\n\u00a9 2022<\/p>\n","protected":false},"featured_media":13564,"comment_status":"open","ping_status":"closed","template":"","meta":{"_joinchat":[]},"product_cat":[150],"product_tag":[85,151],"class_list":{"0":"post-13563","1":"product","2":"type-product","3":"status-publish","4":"has-post-thumbnail","6":"product_cat-medicina-interna","7":"product_tag-elsevier","8":"product_tag-medicina-interna","10":"first","11":"instock","12":"featured","13":"taxable","14":"shipping-taxable","15":"purchasable","16":"product-type-simple"},"_links":{"self":[{"href":"https:\/\/edimeinter.com\/libreria\/wp-json\/wp\/v2\/product\/13563","targetHints":{"allow":["GET"]}}],"collection":[{"href":"https:\/\/edimeinter.com\/libreria\/wp-json\/wp\/v2\/product"}],"about":[{"href":"https:\/\/edimeinter.com\/libreria\/wp-json\/wp\/v2\/types\/product"}],"replies":[{"embeddable":true,"href":"https:\/\/edimeinter.com\/libreria\/wp-json\/wp\/v2\/comments?post=13563"}],"version-history":[{"count":1,"href":"https:\/\/edimeinter.com\/libreria\/wp-json\/wp\/v2\/product\/13563\/revisions"}],"predecessor-version":[{"id":16007,"href":"https:\/\/edimeinter.com\/libreria\/wp-json\/wp\/v2\/product\/13563\/revisions\/16007"}],"wp:featuredmedia":[{"embeddable":true,"href":"https:\/\/edimeinter.com\/libreria\/wp-json\/wp\/v2\/media\/13564"}],"wp:attachment":[{"href":"https:\/\/edimeinter.com\/libreria\/wp-json\/wp\/v2\/media?parent=13563"}],"wp:term":[{"taxonomy":"product_cat","embeddable":true,"href":"https:\/\/edimeinter.com\/libreria\/wp-json\/wp\/v2\/product_cat?post=13563"},{"taxonomy":"product_tag","embeddable":true,"href":"https:\/\/edimeinter.com\/libreria\/wp-json\/wp\/v2\/product_tag?post=13563"}],"curies":[{"name":"wp","href":"https:\/\/api.w.org\/{rel}","templated":true}]}}