{"id":13575,"date":"2025-02-20T20:18:46","date_gmt":"2025-02-20T20:18:46","guid":{"rendered":"https:\/\/edimeinter.com\/libreria\/?post_type=product&#038;p=13575"},"modified":"2025-03-11T17:32:45","modified_gmt":"2025-03-11T17:32:45","slug":"diagnostico-fisico-secretos-3a-edicion","status":"publish","type":"product","link":"https:\/\/edimeinter.com\/libreria\/product\/diagnostico-fisico-secretos-3a-edicion\/","title":{"rendered":"Diagn\u00f3stico f\u00edsico. Secretos. 3\u00aa Edici\u00f3n"},"content":{"rendered":"\t\t<div data-elementor-type=\"wp-post\" data-elementor-id=\"13575\" class=\"elementor elementor-13575\">\n\t\t\t\t<div class=\"elementor-element elementor-element-2612b12 e-flex e-con-boxed e-con e-parent\" data-id=\"2612b12\" data-element_type=\"container\" data-e-type=\"container\">\n\t\t\t\t\t<div class=\"e-con-inner\">\n\t\t\n\t\t<div class=\"elementor-element elementor-element-498707ae elementor-widget elementor-widget-text-editor\" data-id=\"498707ae\" data-element_type=\"widget\" data-e-type=\"widget\" data-widget_type=\"text-editor.default\">\n\t\t\t\t<div class=\"elementor-widget-container\">\n\t\t\t\t\t\t\t\t\t<p>La serie Secretos proporciona a estudiantes y m\u00e9dicos residentes de todas las \u00e1reas recursos concisos, dirigidos y atractivos para realizar consultas r\u00e1pidas y repasar los contenidos antes de un examen<\/p><p>Esta nueva edici\u00f3n incluye contenido completamente revisado y actualizado, con una cobertura profusamente ilustrada de la anamnesis y la explora?ci\u00f3n f\u00edsica, y una revisi\u00f3n de las t\u00e9cnicas de evaluaci\u00f3n ponde?radas en funci\u00f3n de su relevancia cl\u00ednica<\/p><p>Ofrece una cobertura\u00a0de todos los temas esenciales en el diagn\u00f3stico f\u00edsico y la evaluaci\u00f3n de la salud, y emplea el popular formato de preguntas y respuestas de la serie, que tambi\u00e9n incluye cuadros y tablas.<\/p><p>Contiene \u00ablos 100 secretos m\u00e1s importantes\u00bb y los cuadros de pun?tos clave as\u00ed como listas de informaci\u00f3n destacable,\u00a0 reglas mnemot\u00e9cnicas y consejos pr\u00e1cticos de expertos en la materia.<\/p>\t\t\t\t\t\t\t\t<\/div>\n\t\t\t\t<\/div>\n\t\t\t\t\t<\/div>\n\t\t\t\t<\/div>\n\t\t\t\t<\/div>\n\t\t","protected":false},"excerpt":{"rendered":"<p><strong>Autores:<\/strong>\u00a0Salvatore Mangione &amp; Peter Sullivan &amp; Michael S. Wagner<br \/>\n<strong>ISBN:<\/strong>\u00a09788413821757<br \/>\n<strong>Editorial:<\/strong>\u00a0Elsevier<br \/>\n<strong>Edici\u00f3n:<\/strong>\u00a03\u00aa<br \/>\n<strong>Especialidad<\/strong>: Medicina Interna<br \/>\n<strong>P\u00e1ginas<\/strong>: 566<br \/>\n\u00a9 2022<\/p>\n","protected":false},"featured_media":13576,"comment_status":"open","ping_status":"open","template":"","meta":{"_joinchat":[]},"product_cat":[150],"product_tag":[85,151],"class_list":{"0":"post-13575","1":"product","2":"type-product","3":"status-publish","4":"has-post-thumbnail","6":"product_cat-medicina-interna","7":"product_tag-elsevier","8":"product_tag-medicina-interna","10":"first","11":"instock","12":"featured","13":"taxable","14":"shipping-taxable","15":"purchasable","16":"product-type-simple"},"_links":{"self":[{"href":"https:\/\/edimeinter.com\/libreria\/wp-json\/wp\/v2\/product\/13575","targetHints":{"allow":["GET"]}}],"collection":[{"href":"https:\/\/edimeinter.com\/libreria\/wp-json\/wp\/v2\/product"}],"about":[{"href":"https:\/\/edimeinter.com\/libreria\/wp-json\/wp\/v2\/types\/product"}],"replies":[{"embeddable":true,"href":"https:\/\/edimeinter.com\/libreria\/wp-json\/wp\/v2\/comments?post=13575"}],"version-history":[{"count":1,"href":"https:\/\/edimeinter.com\/libreria\/wp-json\/wp\/v2\/product\/13575\/revisions"}],"predecessor-version":[{"id":16009,"href":"https:\/\/edimeinter.com\/libreria\/wp-json\/wp\/v2\/product\/13575\/revisions\/16009"}],"wp:featuredmedia":[{"embeddable":true,"href":"https:\/\/edimeinter.com\/libreria\/wp-json\/wp\/v2\/media\/13576"}],"wp:attachment":[{"href":"https:\/\/edimeinter.com\/libreria\/wp-json\/wp\/v2\/media?parent=13575"}],"wp:term":[{"taxonomy":"product_cat","embeddable":true,"href":"https:\/\/edimeinter.com\/libreria\/wp-json\/wp\/v2\/product_cat?post=13575"},{"taxonomy":"product_tag","embeddable":true,"href":"https:\/\/edimeinter.com\/libreria\/wp-json\/wp\/v2\/product_tag?post=13575"}],"curies":[{"name":"wp","href":"https:\/\/api.w.org\/{rel}","templated":true}]}}