{"id":13581,"date":"2025-02-20T20:23:13","date_gmt":"2025-02-20T20:23:13","guid":{"rendered":"https:\/\/edimeinter.com\/libreria\/?post_type=product&#038;p=13581"},"modified":"2025-03-11T17:33:57","modified_gmt":"2025-03-11T17:33:57","slug":"phillips-ciencia-de-los-materiales-dentales-13a-edicion","status":"publish","type":"product","link":"https:\/\/edimeinter.com\/libreria\/product\/phillips-ciencia-de-los-materiales-dentales-13a-edicion\/","title":{"rendered":"PHILLIPS. Ciencia de los materiales dentales. 13\u00aa Edici\u00f3n"},"content":{"rendered":"\t\t<div data-elementor-type=\"wp-post\" data-elementor-id=\"13581\" class=\"elementor elementor-13581\">\n\t\t\t\t<div class=\"elementor-element elementor-element-2612b12 e-flex e-con-boxed e-con e-parent\" data-id=\"2612b12\" data-element_type=\"container\" data-e-type=\"container\">\n\t\t\t\t\t<div class=\"e-con-inner\">\n\t\t\n\t\t<div class=\"elementor-element elementor-element-498707ae elementor-widget elementor-widget-text-editor\" data-id=\"498707ae\" data-element_type=\"widget\" data-e-type=\"widget\" data-widget_type=\"text-editor.default\">\n\t\t\t\t<div class=\"elementor-widget-container\">\n\t\t\t\t\t\t\t\t\t<p align=\"left\">Nueva edici\u00f3n del texto de referencia en el \u00e1rea de materiales dentales en el grado de\u00a0Odontolog\u00eda que proporciona una visi\u00f3n experta y basada en la evidencia de los diferentes\u00a0materiales y dise\u00f1os para llevar a cabo una restauraci\u00f3n dental.<\/p><p align=\"left\">La obra se estructura en 5 grandes secciones que incluyen un total de 20 cap\u00edtulos. Cada\u00a0cap\u00edtulo se inicia con un peque\u00f1o \u00edndice y un cuadro de palabras clave con sus\u00a0correspondientes definiciones. A lo largo del texto de cap\u00edtulo se intercalan preguntas\u00a0cortas que pretenden estimular la reflexi\u00f3n y enfatizar los concepto m\u00e1s relevantes.<\/p><p align=\"left\">La nueva edici\u00f3n cuenta con la incorporaci\u00f3n de tres cap\u00edtulos muy novedosos tales como:\u00a01) Tecnolog\u00eda digital en odontolog\u00eda, 2) Investigaci\u00f3n in vitro de materiales dentales e 3)\u00a0Investigaci\u00f3n cl\u00ednica sobre restauraciones. As\u00ed mismo, se ha renovado gran parte de la\u00a0iconograf\u00eda incluendo casi 400 fotograf\u00edas e ilustraciones a todo color.<\/p><p align=\"left\">La obra ofrece acceso a SC.com en el que se incluye el e-book, y un listado de bibliograf\u00eda\u00a0recomendada (todo el contenido en ingl\u00e9s.<\/p>\t\t\t\t\t\t\t\t<\/div>\n\t\t\t\t<\/div>\n\t\t\t\t\t<\/div>\n\t\t\t\t<\/div>\n\t\t\t\t<\/div>\n\t\t","protected":false},"excerpt":{"rendered":"<p><strong>Autores:<\/strong>\u00a0Chiayi Shen &amp; H. Ralph Rawls &amp; Josephine F. Esquivel-Upshaw<br \/>\n<strong>ISBN:<\/strong>\u00a09788413822235<br \/>\n<strong>Editorial:<\/strong>\u00a0Elsevier<br \/>\n<strong>Edici\u00f3n:<\/strong>\u00a013\u00aa<br \/>\n<strong>Especialidad<\/strong>: Odontolog\u00eda<br \/>\n<strong>P\u00e1ginas<\/strong>: 448<br \/>\n\u00a9 2022<\/p>\n","protected":false},"featured_media":13582,"comment_status":"open","ping_status":"open","template":"","meta":{"_joinchat":[]},"product_cat":[140],"product_tag":[85,141],"class_list":{"0":"post-13581","1":"product","2":"type-product","3":"status-publish","4":"has-post-thumbnail","6":"product_cat-odontologia-y-ortodoncia","7":"product_tag-elsevier","8":"product_tag-odontologia-y-ortodoncia","10":"first","11":"instock","12":"featured","13":"taxable","14":"shipping-taxable","15":"purchasable","16":"product-type-simple"},"_links":{"self":[{"href":"https:\/\/edimeinter.com\/libreria\/wp-json\/wp\/v2\/product\/13581","targetHints":{"allow":["GET"]}}],"collection":[{"href":"https:\/\/edimeinter.com\/libreria\/wp-json\/wp\/v2\/product"}],"about":[{"href":"https:\/\/edimeinter.com\/libreria\/wp-json\/wp\/v2\/types\/product"}],"replies":[{"embeddable":true,"href":"https:\/\/edimeinter.com\/libreria\/wp-json\/wp\/v2\/comments?post=13581"}],"version-history":[{"count":1,"href":"https:\/\/edimeinter.com\/libreria\/wp-json\/wp\/v2\/product\/13581\/revisions"}],"predecessor-version":[{"id":16010,"href":"https:\/\/edimeinter.com\/libreria\/wp-json\/wp\/v2\/product\/13581\/revisions\/16010"}],"wp:featuredmedia":[{"embeddable":true,"href":"https:\/\/edimeinter.com\/libreria\/wp-json\/wp\/v2\/media\/13582"}],"wp:attachment":[{"href":"https:\/\/edimeinter.com\/libreria\/wp-json\/wp\/v2\/media?parent=13581"}],"wp:term":[{"taxonomy":"product_cat","embeddable":true,"href":"https:\/\/edimeinter.com\/libreria\/wp-json\/wp\/v2\/product_cat?post=13581"},{"taxonomy":"product_tag","embeddable":true,"href":"https:\/\/edimeinter.com\/libreria\/wp-json\/wp\/v2\/product_tag?post=13581"}],"curies":[{"name":"wp","href":"https:\/\/api.w.org\/{rel}","templated":true}]}}