{"id":13587,"date":"2025-02-20T20:26:31","date_gmt":"2025-02-20T20:26:31","guid":{"rendered":"https:\/\/edimeinter.com\/libreria\/?post_type=product&#038;p=13587"},"modified":"2025-03-11T17:34:52","modified_gmt":"2025-03-11T17:34:52","slug":"mosby-diccionario-de-odontologia-4a-edicion","status":"publish","type":"product","link":"https:\/\/edimeinter.com\/libreria\/product\/mosby-diccionario-de-odontologia-4a-edicion\/","title":{"rendered":"Mosby. Diccionario de odontolog\u00eda. 4\u00aa Edici\u00f3n"},"content":{"rendered":"\t\t<div data-elementor-type=\"wp-post\" data-elementor-id=\"13587\" class=\"elementor elementor-13587\">\n\t\t\t\t<div class=\"elementor-element elementor-element-2612b12 e-flex e-con-boxed e-con e-parent\" data-id=\"2612b12\" data-element_type=\"container\" data-e-type=\"container\">\n\t\t\t\t\t<div class=\"e-con-inner\">\n\t\t\n\t\t<div class=\"elementor-element elementor-element-498707ae elementor-widget elementor-widget-text-editor\" data-id=\"498707ae\" data-element_type=\"widget\" data-e-type=\"widget\" data-widget_type=\"text-editor.default\">\n\t\t\t\t<div class=\"elementor-widget-container\">\n\t\t\t\t\t\t\t\t\t<p>La obra define m\u00e1s de 10.000 t\u00e9rminos que abarcan todas las \u00e1reas de la odontolog\u00eda, as\u00ed como t\u00e9rminos m\u00e9dicos y farmacol\u00f3gicos usados habitualmente para la asistencia al paciente, incorporando las investigaciones y tecnolog\u00edas m\u00e1s recientes<\/p><p>Incluye un total de 300 figuras a todo color que muestran los equipos m\u00e1s novedosos, las ciencias b\u00e1sicas y la patolog\u00eda cl\u00ednica, as\u00ed como las \u00faltimas t\u00e9cnicas para aplicar los conceptos clave en la actividad cl\u00ednica o docente<\/p><p>Cuenta con un reputado consejo editorial liderado por la editora principal Margaret J. Fehrenbach (higienista dental, bi\u00f3loga oral, consultora educativa y escritora cient\u00edfica en odontolog\u00eda<\/p>\t\t\t\t\t\t\t\t<\/div>\n\t\t\t\t<\/div>\n\t\t\t\t\t<\/div>\n\t\t\t\t<\/div>\n\t\t\t\t<\/div>\n\t\t","protected":false},"excerpt":{"rendered":"<p><strong>Autores:<\/strong>\u00a0Margaret J. Fehrenbach<br \/>\n<strong>ISBN:<\/strong>\u00a09788413820224<br \/>\n<strong>Editorial:<\/strong>\u00a0Elsevier<br \/>\n<strong>Edici\u00f3n:<\/strong>\u00a04\u00aa<br \/>\n<strong>Especialidad<\/strong>: Odontolog\u00eda<br \/>\n<strong>P\u00e1ginas<\/strong>: 966<br \/>\n\u00a9 2022<\/p>\n","protected":false},"featured_media":13588,"comment_status":"open","ping_status":"open","template":"","meta":{"_joinchat":[]},"product_cat":[140],"product_tag":[85,141],"class_list":{"0":"post-13587","1":"product","2":"type-product","3":"status-publish","4":"has-post-thumbnail","6":"product_cat-odontologia-y-ortodoncia","7":"product_tag-elsevier","8":"product_tag-odontologia-y-ortodoncia","10":"first","11":"instock","12":"featured","13":"taxable","14":"shipping-taxable","15":"purchasable","16":"product-type-simple"},"_links":{"self":[{"href":"https:\/\/edimeinter.com\/libreria\/wp-json\/wp\/v2\/product\/13587","targetHints":{"allow":["GET"]}}],"collection":[{"href":"https:\/\/edimeinter.com\/libreria\/wp-json\/wp\/v2\/product"}],"about":[{"href":"https:\/\/edimeinter.com\/libreria\/wp-json\/wp\/v2\/types\/product"}],"replies":[{"embeddable":true,"href":"https:\/\/edimeinter.com\/libreria\/wp-json\/wp\/v2\/comments?post=13587"}],"version-history":[{"count":1,"href":"https:\/\/edimeinter.com\/libreria\/wp-json\/wp\/v2\/product\/13587\/revisions"}],"predecessor-version":[{"id":16011,"href":"https:\/\/edimeinter.com\/libreria\/wp-json\/wp\/v2\/product\/13587\/revisions\/16011"}],"wp:featuredmedia":[{"embeddable":true,"href":"https:\/\/edimeinter.com\/libreria\/wp-json\/wp\/v2\/media\/13588"}],"wp:attachment":[{"href":"https:\/\/edimeinter.com\/libreria\/wp-json\/wp\/v2\/media?parent=13587"}],"wp:term":[{"taxonomy":"product_cat","embeddable":true,"href":"https:\/\/edimeinter.com\/libreria\/wp-json\/wp\/v2\/product_cat?post=13587"},{"taxonomy":"product_tag","embeddable":true,"href":"https:\/\/edimeinter.com\/libreria\/wp-json\/wp\/v2\/product_tag?post=13587"}],"curies":[{"name":"wp","href":"https:\/\/api.w.org\/{rel}","templated":true}]}}