{"id":13597,"date":"2025-02-20T21:07:57","date_gmt":"2025-02-20T21:07:57","guid":{"rendered":"https:\/\/edimeinter.com\/libreria\/?post_type=product&#038;p=13597"},"modified":"2025-03-11T17:36:06","modified_gmt":"2025-03-11T17:36:06","slug":"manual-de-tratamiento-percutaneo-de-la-estenosis-aortica-2a-edicion","status":"publish","type":"product","link":"https:\/\/edimeinter.com\/libreria\/product\/manual-de-tratamiento-percutaneo-de-la-estenosis-aortica-2a-edicion\/","title":{"rendered":"Manual de tratamiento percut\u00e1neo de la estenosis a\u00f3rtica. 2\u00aa Edici\u00f3n"},"content":{"rendered":"\t\t<div data-elementor-type=\"wp-post\" data-elementor-id=\"13597\" class=\"elementor elementor-13597\">\n\t\t\t\t<div class=\"elementor-element elementor-element-2612b12 e-flex e-con-boxed e-con e-parent\" data-id=\"2612b12\" data-element_type=\"container\" data-e-type=\"container\">\n\t\t\t\t\t<div class=\"e-con-inner\">\n\t\t\n\t\t<div class=\"elementor-element elementor-element-498707ae elementor-widget elementor-widget-text-editor\" data-id=\"498707ae\" data-element_type=\"widget\" data-e-type=\"widget\" data-widget_type=\"text-editor.default\">\n\t\t\t\t<div class=\"elementor-widget-container\">\n\t\t\t\t\t\t\t\t\t<p>Edici\u00f3n actualizada de una obra que describe con todo detalle la aplicaci\u00f3n de una novedosa t\u00e9cnica en Cardiologia indicada para el tratamiento de la estenos\u00eds a\u00f3rtica. Cuenta con la participaci\u00f3n de destacados expertos en la materia que proceden de centros de referencia de Cardiolog\u00eda, lo que hace que sea una obra de referencia y sin compencia para estos especialistas. Incluye v\u00eddeos que describen paso a paso la t\u00e9cnica as\u00ed como las \u00faltimas actualizaciones y recomendaciones cl\u00ednicas procedentes de los organismos de referencia en este \u00e1mbito.<\/p>\t\t\t\t\t\t\t\t<\/div>\n\t\t\t\t<\/div>\n\t\t\t\t\t<\/div>\n\t\t\t\t<\/div>\n\t\t\t\t<\/div>\n\t\t","protected":false},"excerpt":{"rendered":"<p><strong>Autores:<\/strong>\u00a0Pablo Avanzas Fern\u00e1ndez &amp; Diego L\u00f3pez Otero<br \/>\n<strong>ISBN:<\/strong>\u00a09788491138921<br \/>\n<strong>Editorial:<\/strong>\u00a0Elsevier<br \/>\n<strong>Edici\u00f3n:<\/strong>\u00a02\u00aa<br \/>\n<strong>Especialidad<\/strong>: Cardiolog\u00eda<br \/>\n<strong>P\u00e1ginas<\/strong>: 504<br \/>\n\u00a9 2022<\/p>\n","protected":false},"featured_media":13598,"comment_status":"open","ping_status":"open","template":"","meta":{"_joinchat":[]},"product_cat":[181],"product_tag":[182,85],"class_list":{"0":"post-13597","1":"product","2":"type-product","3":"status-publish","4":"has-post-thumbnail","6":"product_cat-cardiologia-y-cirugia-vascular","7":"product_tag-cardiologia-y-cirugia-vascular","8":"product_tag-elsevier","10":"first","11":"outofstock","12":"featured","13":"taxable","14":"shipping-taxable","15":"purchasable","16":"product-type-simple"},"_links":{"self":[{"href":"https:\/\/edimeinter.com\/libreria\/wp-json\/wp\/v2\/product\/13597","targetHints":{"allow":["GET"]}}],"collection":[{"href":"https:\/\/edimeinter.com\/libreria\/wp-json\/wp\/v2\/product"}],"about":[{"href":"https:\/\/edimeinter.com\/libreria\/wp-json\/wp\/v2\/types\/product"}],"replies":[{"embeddable":true,"href":"https:\/\/edimeinter.com\/libreria\/wp-json\/wp\/v2\/comments?post=13597"}],"version-history":[{"count":1,"href":"https:\/\/edimeinter.com\/libreria\/wp-json\/wp\/v2\/product\/13597\/revisions"}],"predecessor-version":[{"id":16012,"href":"https:\/\/edimeinter.com\/libreria\/wp-json\/wp\/v2\/product\/13597\/revisions\/16012"}],"wp:featuredmedia":[{"embeddable":true,"href":"https:\/\/edimeinter.com\/libreria\/wp-json\/wp\/v2\/media\/13598"}],"wp:attachment":[{"href":"https:\/\/edimeinter.com\/libreria\/wp-json\/wp\/v2\/media?parent=13597"}],"wp:term":[{"taxonomy":"product_cat","embeddable":true,"href":"https:\/\/edimeinter.com\/libreria\/wp-json\/wp\/v2\/product_cat?post=13597"},{"taxonomy":"product_tag","embeddable":true,"href":"https:\/\/edimeinter.com\/libreria\/wp-json\/wp\/v2\/product_tag?post=13597"}],"curies":[{"name":"wp","href":"https:\/\/api.w.org\/{rel}","templated":true}]}}