{"id":13606,"date":"2025-02-20T21:14:44","date_gmt":"2025-02-20T21:14:44","guid":{"rendered":"https:\/\/edimeinter.com\/libreria\/?post_type=product&#038;p=13606"},"modified":"2025-03-11T17:38:42","modified_gmt":"2025-03-11T17:38:42","slug":"electrocardiografia-de-las-arritmias-2a-edicion","status":"publish","type":"product","link":"https:\/\/edimeinter.com\/libreria\/product\/electrocardiografia-de-las-arritmias-2a-edicion\/","title":{"rendered":"Electrocardiograf\u00eda de las arritmias. 2\u00aa Edici\u00f3n"},"content":{"rendered":"\t\t<div data-elementor-type=\"wp-post\" data-elementor-id=\"13606\" class=\"elementor elementor-13606\">\n\t\t\t\t<div class=\"elementor-element elementor-element-2612b12 e-flex e-con-boxed e-con e-parent\" data-id=\"2612b12\" data-element_type=\"container\" data-e-type=\"container\">\n\t\t\t\t\t<div class=\"e-con-inner\">\n\t\t\n\t\t<div class=\"elementor-element elementor-element-498707ae elementor-widget elementor-widget-text-editor\" data-id=\"498707ae\" data-element_type=\"widget\" data-e-type=\"widget\" data-widget_type=\"text-editor.default\">\n\t\t\t\t<div class=\"elementor-widget-container\">\n\t\t\t\t\t\t\t\t\t<p>Gracias a su facilidad de lectura y a sus abundantes ilustraciones, Electrocardiograf\u00eda de las arritmias. Una revisi\u00f3n exhaustiva, 2.\u00aa edici\u00f3n, proporciona los conocimientos y las competencias cl\u00ednicas fundamentales que se necesitan para interpretar con exactitud los electrocardiogramas (ECG) con vistas a la preparaci\u00f3n de ex\u00e1menes y a la pr\u00e1ctica cl\u00ednica.<\/p><p>Los acreditados cardi\u00f3logos Mithilesh K. Das y Douglas P. Zipes presentan una revisi\u00f3n concisa, aunque definitiva, de todos los aspectos b\u00e1sicos del ECG, con ejemplos realistas y explicaciones detalladas de una gran variedad de sus aplicaciones.<\/p>\t\t\t\t\t\t\t\t<\/div>\n\t\t\t\t<\/div>\n\t\t\t\t\t<\/div>\n\t\t\t\t<\/div>\n\t\t\t\t<\/div>\n\t\t","protected":false},"excerpt":{"rendered":"<p><strong>Autores:<\/strong>\u00a0Mithilesh K. Das &amp; Douglas P. Zipes<br \/>\n<strong>ISBN:<\/strong>\u00a09788413821825<br \/>\n<strong>Editorial:<\/strong>\u00a0Elsevier<br \/>\n<strong>Edici\u00f3n:<\/strong>\u00a02\u00aa<br \/>\n<strong>Especialidad<\/strong>: Cardiolog\u00eda<br \/>\n<strong>P\u00e1ginas<\/strong>: 480<br \/>\n\u00a9 2022<\/p>\n","protected":false},"featured_media":13607,"comment_status":"open","ping_status":"open","template":"","meta":{"_joinchat":[]},"product_cat":[181],"product_tag":[182,85],"class_list":{"0":"post-13606","1":"product","2":"type-product","3":"status-publish","4":"has-post-thumbnail","6":"product_cat-cardiologia-y-cirugia-vascular","7":"product_tag-cardiologia-y-cirugia-vascular","8":"product_tag-elsevier","10":"first","11":"outofstock","12":"featured","13":"taxable","14":"shipping-taxable","15":"purchasable","16":"product-type-simple"},"_links":{"self":[{"href":"https:\/\/edimeinter.com\/libreria\/wp-json\/wp\/v2\/product\/13606","targetHints":{"allow":["GET"]}}],"collection":[{"href":"https:\/\/edimeinter.com\/libreria\/wp-json\/wp\/v2\/product"}],"about":[{"href":"https:\/\/edimeinter.com\/libreria\/wp-json\/wp\/v2\/types\/product"}],"replies":[{"embeddable":true,"href":"https:\/\/edimeinter.com\/libreria\/wp-json\/wp\/v2\/comments?post=13606"}],"version-history":[{"count":2,"href":"https:\/\/edimeinter.com\/libreria\/wp-json\/wp\/v2\/product\/13606\/revisions"}],"predecessor-version":[{"id":16014,"href":"https:\/\/edimeinter.com\/libreria\/wp-json\/wp\/v2\/product\/13606\/revisions\/16014"}],"wp:featuredmedia":[{"embeddable":true,"href":"https:\/\/edimeinter.com\/libreria\/wp-json\/wp\/v2\/media\/13607"}],"wp:attachment":[{"href":"https:\/\/edimeinter.com\/libreria\/wp-json\/wp\/v2\/media?parent=13606"}],"wp:term":[{"taxonomy":"product_cat","embeddable":true,"href":"https:\/\/edimeinter.com\/libreria\/wp-json\/wp\/v2\/product_cat?post=13606"},{"taxonomy":"product_tag","embeddable":true,"href":"https:\/\/edimeinter.com\/libreria\/wp-json\/wp\/v2\/product_tag?post=13606"}],"curies":[{"name":"wp","href":"https:\/\/api.w.org\/{rel}","templated":true}]}}