{"id":13613,"date":"2025-02-20T21:17:03","date_gmt":"2025-02-20T21:17:03","guid":{"rendered":"https:\/\/edimeinter.com\/libreria\/?post_type=product&#038;p=13613"},"modified":"2025-05-27T18:48:11","modified_gmt":"2025-05-27T18:48:11","slug":"inmunologia-celular-y-molecular-10a-edicion","status":"publish","type":"product","link":"https:\/\/edimeinter.com\/libreria\/product\/inmunologia-celular-y-molecular-10a-edicion\/","title":{"rendered":"Inmunolog\u00eda celular y molecular. 10\u00aa Edici\u00f3n"},"content":{"rendered":"\t\t<div data-elementor-type=\"wp-post\" data-elementor-id=\"13613\" class=\"elementor elementor-13613\">\n\t\t\t\t\n<div class=\"elementor-element elementor-element-2612b12 e-flex e-con-boxed e-con e-parent\" data-id=\"2612b12\" data-element_type=\"container\" data-e-type=\"container\">\n\t\t\t\t\t<div class=\"e-con-inner\">\n\t\t\t\t<div class=\"elementor-element elementor-element-498707ae elementor-widget elementor-widget-text-editor\" data-id=\"498707ae\" data-element_type=\"widget\" data-e-type=\"widget\" data-widget_type=\"text-editor.default\">\n\t\t\t\t<div class=\"elementor-widget-container\">\n\t\t\t\t\t\t\t\t\t<p>Nueva edici\u00f3n del texto de referencia en inmunolog\u00eda, libro de primera elecci\u00f3n para todos aquellos estudiantes de Medicina que se enfrentan a esta asignatura por primera vez<\/p><p>Ofrece una introducci\u00f3n incomparable a este complejo campo, siempre desde un enfoque pr\u00e1ctico y cl\u00ednico. Incluye contenidos revisados para garantizar la claridad expositiva y la comprensi\u00f3n de los conceptos, as\u00ed como exhaustivas actualizaciones con el objeto de proporcionar a los lectores la informac\u00ed\u00f3n m\u00e1s reciente<\/p><p>Entre las principales novedades destaca la actualizaci\u00f3n, entre otras,\u00a0en las siguientes tem\u00e1ticas: sensores intracelulares de la inmunidad innata, la inmunoterapia tumoral, la inmunolog\u00eda de las enfermedades infecciosas (entre ellas el coronavirus), el uso terap\u00e9utico de anticuerpos monoclonales y la inmunolog\u00eda del VIH<\/p><p>Incluye acceso a SC.com, en el que se puede acceder al e-book completo, a un extenso glosario, un banco de 142 MCQ y casos cl\u00ednicos<\/p>\t\t\t\t\t\t\t\t<\/div>\n\t\t\t\t<\/div>\n\t\t\t\t\t<\/div>\n\t\t\t\t<\/div>\n\t\t\t\t<\/div>\n\t\t","protected":false},"excerpt":{"rendered":"<p><strong>Autores:<\/strong>\u00a0Abul K. Abbas &amp; Andrew H. Lichtman &amp; Shiv Pillai<br \/>\n<strong>ISBN:<\/strong>\u00a09788413822068<br \/>\n<strong>Editorial:<\/strong>\u00a0Elsevier<br \/>\n<strong>Edici\u00f3n:<\/strong>\u00a010\u00aa<br \/>\n<strong>Especialidad<\/strong>: Inmunolog\u00eda<br \/>\n<strong>P\u00e1ginas<\/strong>: 600<br \/>\n\u00a9 2022<\/p>\n","protected":false},"featured_media":13614,"comment_status":"open","ping_status":"closed","template":"","meta":{"_joinchat":[]},"product_cat":[164],"product_tag":[85,165],"class_list":{"0":"post-13613","1":"product","2":"type-product","3":"status-publish","4":"has-post-thumbnail","6":"product_cat-inmunologia","7":"product_tag-elsevier","8":"product_tag-inmunologia","10":"first","11":"instock","12":"featured","13":"taxable","14":"shipping-taxable","15":"purchasable","16":"product-type-simple"},"_links":{"self":[{"href":"https:\/\/edimeinter.com\/libreria\/wp-json\/wp\/v2\/product\/13613","targetHints":{"allow":["GET"]}}],"collection":[{"href":"https:\/\/edimeinter.com\/libreria\/wp-json\/wp\/v2\/product"}],"about":[{"href":"https:\/\/edimeinter.com\/libreria\/wp-json\/wp\/v2\/types\/product"}],"replies":[{"embeddable":true,"href":"https:\/\/edimeinter.com\/libreria\/wp-json\/wp\/v2\/comments?post=13613"}],"version-history":[{"count":2,"href":"https:\/\/edimeinter.com\/libreria\/wp-json\/wp\/v2\/product\/13613\/revisions"}],"predecessor-version":[{"id":16016,"href":"https:\/\/edimeinter.com\/libreria\/wp-json\/wp\/v2\/product\/13613\/revisions\/16016"}],"wp:featuredmedia":[{"embeddable":true,"href":"https:\/\/edimeinter.com\/libreria\/wp-json\/wp\/v2\/media\/13614"}],"wp:attachment":[{"href":"https:\/\/edimeinter.com\/libreria\/wp-json\/wp\/v2\/media?parent=13613"}],"wp:term":[{"taxonomy":"product_cat","embeddable":true,"href":"https:\/\/edimeinter.com\/libreria\/wp-json\/wp\/v2\/product_cat?post=13613"},{"taxonomy":"product_tag","embeddable":true,"href":"https:\/\/edimeinter.com\/libreria\/wp-json\/wp\/v2\/product_tag?post=13613"}],"curies":[{"name":"wp","href":"https:\/\/api.w.org\/{rel}","templated":true}]}}