{"id":13632,"date":"2025-02-20T21:30:37","date_gmt":"2025-02-20T21:30:37","guid":{"rendered":"https:\/\/edimeinter.com\/libreria\/?post_type=product&#038;p=13632"},"modified":"2025-03-11T17:44:09","modified_gmt":"2025-03-11T17:44:09","slug":"fundamentos-para-la-practica-en-terapia-ocupacional-6a-edicion","status":"publish","type":"product","link":"https:\/\/edimeinter.com\/libreria\/product\/fundamentos-para-la-practica-en-terapia-ocupacional-6a-edicion\/","title":{"rendered":"Fundamentos para la pr\u00e1ctica en Terapia Ocupacional. 6\u00aa Edici\u00f3n"},"content":{"rendered":"\t\t<div data-elementor-type=\"wp-post\" data-elementor-id=\"13632\" class=\"elementor elementor-13632\">\n\t\t\t\t<div class=\"elementor-element elementor-element-2612b12 e-flex e-con-boxed e-con e-parent\" data-id=\"2612b12\" data-element_type=\"container\" data-e-type=\"container\">\n\t\t\t\t\t<div class=\"e-con-inner\">\n\t\t\n\t\t<div class=\"elementor-element elementor-element-498707ae elementor-widget elementor-widget-text-editor\" data-id=\"498707ae\" data-element_type=\"widget\" data-e-type=\"widget\" data-widget_type=\"text-editor.default\">\n\t\t\t\t<div class=\"elementor-widget-container\">\n\t\t\t\t\t\t\t\t\t<p>Texto internacionalmente reconocido, cuyo principal valor es su potencial a la hora de\u00a0introducir a estudiantes y profesionales a las teor\u00edas principales que explicar, gu\u00edan y permiten\u00a0desarrollar la investigaci\u00f3n y la pr\u00e1ctica de la terapia ocupacional.<\/p><p align=\"left\">La obra proporciona a estudiantes y profesionales unos fundamentos s\u00f3lidos sobre la teor\u00eda\u00a0y la pr\u00e1ctica de la terapia ocupacional, y presenta a su vez las tendencias y debates m\u00e1s\u00a0recientes.<\/p><p align=\"left\">Cuenta con un amplio abanico de expertos en la materia, que aportan una perspectiva\u00a0internacional sobre la pr\u00e1ctica cl\u00ednica, e incluye estudios de casos para mostrar la\u00a0aplicaci\u00f3n pr\u00e1ctica de la teor\u00eda.<\/p><p align=\"left\">El texto est\u00e1 dise\u00f1ado para ser utilizado en una variedad de formas dependiendo del nivel\u00a0de conocimiento del lector.<\/p><p align=\"left\">Este texto invita abiertamente a los lectores a reflexionar, debatir y adoptar perspectivas\u00a0contrapuestas, que reconocen la importancia de la divergencia de opini\u00f3n para fortalecer\u00a0la profesi\u00f3n sobre una base m\u00e1s solida de evidencias.<\/p>\t\t\t\t\t\t\t\t<\/div>\n\t\t\t\t<\/div>\n\t\t\t\t\t<\/div>\n\t\t\t\t<\/div>\n\t\t\t\t<\/div>\n\t\t","protected":false},"excerpt":{"rendered":"<p><strong>Autores:<\/strong>\u00a0Edward A. S. Duncan<br \/>\n<strong>ISBN:<\/strong>\u00a09788413822181<br \/>\n<strong>Editorial:<\/strong>\u00a0Elsevier<br \/>\n<strong>Edici\u00f3n:<\/strong>\u00a06\u00aa<br \/>\n<strong>Especialidad<\/strong>: Fisioterapia<br \/>\n<strong>P\u00e1ginas<\/strong>: 232<br \/>\n\u00a9 2022<\/p>\n","protected":false},"featured_media":13633,"comment_status":"open","ping_status":"open","template":"","meta":{"_joinchat":[]},"product_cat":[111],"product_tag":[85,112],"class_list":{"0":"post-13632","1":"product","2":"type-product","3":"status-publish","4":"has-post-thumbnail","6":"product_cat-fisioterapia","7":"product_tag-elsevier","8":"product_tag-fisioterapia","10":"first","11":"instock","12":"featured","13":"taxable","14":"shipping-taxable","15":"purchasable","16":"product-type-simple"},"_links":{"self":[{"href":"https:\/\/edimeinter.com\/libreria\/wp-json\/wp\/v2\/product\/13632","targetHints":{"allow":["GET"]}}],"collection":[{"href":"https:\/\/edimeinter.com\/libreria\/wp-json\/wp\/v2\/product"}],"about":[{"href":"https:\/\/edimeinter.com\/libreria\/wp-json\/wp\/v2\/types\/product"}],"replies":[{"embeddable":true,"href":"https:\/\/edimeinter.com\/libreria\/wp-json\/wp\/v2\/comments?post=13632"}],"version-history":[{"count":2,"href":"https:\/\/edimeinter.com\/libreria\/wp-json\/wp\/v2\/product\/13632\/revisions"}],"predecessor-version":[{"id":16021,"href":"https:\/\/edimeinter.com\/libreria\/wp-json\/wp\/v2\/product\/13632\/revisions\/16021"}],"wp:featuredmedia":[{"embeddable":true,"href":"https:\/\/edimeinter.com\/libreria\/wp-json\/wp\/v2\/media\/13633"}],"wp:attachment":[{"href":"https:\/\/edimeinter.com\/libreria\/wp-json\/wp\/v2\/media?parent=13632"}],"wp:term":[{"taxonomy":"product_cat","embeddable":true,"href":"https:\/\/edimeinter.com\/libreria\/wp-json\/wp\/v2\/product_cat?post=13632"},{"taxonomy":"product_tag","embeddable":true,"href":"https:\/\/edimeinter.com\/libreria\/wp-json\/wp\/v2\/product_tag?post=13632"}],"curies":[{"name":"wp","href":"https:\/\/api.w.org\/{rel}","templated":true}]}}