{"id":13639,"date":"2025-02-20T21:37:52","date_gmt":"2025-02-20T21:37:52","guid":{"rendered":"https:\/\/edimeinter.com\/libreria\/?post_type=product&#038;p=13639"},"modified":"2025-03-11T17:45:37","modified_gmt":"2025-03-11T17:45:37","slug":"robbins-y-cotran-repaso-de-anatomia-patologica-5a-edicion","status":"publish","type":"product","link":"https:\/\/edimeinter.com\/libreria\/product\/robbins-y-cotran-repaso-de-anatomia-patologica-5a-edicion\/","title":{"rendered":"Robbins y Cotran. Repaso de anatom\u00eda patol\u00f3gica . 5\u00aa Edici\u00f3n"},"content":{"rendered":"\t\t<div data-elementor-type=\"wp-post\" data-elementor-id=\"13639\" class=\"elementor elementor-13639\">\n\t\t\t\t<div class=\"elementor-element elementor-element-2612b12 e-flex e-con-boxed e-con e-parent\" data-id=\"2612b12\" data-element_type=\"container\" data-e-type=\"container\">\n\t\t\t\t\t<div class=\"e-con-inner\">\n\t\t\n\t\t<div class=\"elementor-element elementor-element-498707ae elementor-widget elementor-widget-text-editor\" data-id=\"498707ae\" data-element_type=\"widget\" data-e-type=\"widget\" data-widget_type=\"text-editor.default\">\n\t\t\t\t<div class=\"elementor-widget-container\">\n\t\t\t\t\t\t\t\t\t<p>Nueva ed del\u00a0libro de repaso de la familia Robbins y Cotran vinculado a las 10\u00aa\u00a0 ed de los referentes en anatom\u00eda patol\u00f3gica, Robbins patologia humana y Robbins y Cotran. Patolog\u00eda estructural y funcional<\/p><p>Contiene alrededor de 3000 preguntas de opci\u00f3n m\u00faltiple con una \u00fanica respuesta correcta. Incluye el razonamiento de la respuesta correcta.<\/p><p>La gran parte de preguntas son en formato de caso cl\u00ednico lo que ayuda a reforzar la correlaci\u00f3n cl\u00ednica y prepara al estudiante para su posterior pr\u00e1ctica<\/p><p>Incluye acceso a Sc.com (contenido en ingl\u00e9s)<\/p>\t\t\t\t\t\t\t\t<\/div>\n\t\t\t\t<\/div>\n\t\t\t\t\t<\/div>\n\t\t\t\t<\/div>\n\t\t\t\t<\/div>\n\t\t","protected":false},"excerpt":{"rendered":"<p><strong>Autores:<\/strong>\u00a0Edward C. Klatt &amp; Vinay Kumar<br \/>\n<strong>ISBN:<\/strong>\u00a09788413822167<br \/>\n<strong>Editorial:<\/strong>\u00a0Elsevier<br \/>\n<strong>Edici\u00f3n:<\/strong>\u00a05\u00aa<br \/>\n<strong>Especialidad<\/strong>: Patolog\u00eda<br \/>\n<strong>P\u00e1ginas<\/strong>: 488<br \/>\n\u00a9 2022<\/p>\n","protected":false},"featured_media":13640,"comment_status":"open","ping_status":"open","template":"","meta":{"_joinchat":[]},"product_cat":[134],"product_tag":[85,135],"class_list":{"0":"post-13639","1":"product","2":"type-product","3":"status-publish","4":"has-post-thumbnail","6":"product_cat-patologia","7":"product_tag-elsevier","8":"product_tag-patologia","10":"first","11":"instock","12":"featured","13":"taxable","14":"shipping-taxable","15":"purchasable","16":"product-type-simple"},"_links":{"self":[{"href":"https:\/\/edimeinter.com\/libreria\/wp-json\/wp\/v2\/product\/13639","targetHints":{"allow":["GET"]}}],"collection":[{"href":"https:\/\/edimeinter.com\/libreria\/wp-json\/wp\/v2\/product"}],"about":[{"href":"https:\/\/edimeinter.com\/libreria\/wp-json\/wp\/v2\/types\/product"}],"replies":[{"embeddable":true,"href":"https:\/\/edimeinter.com\/libreria\/wp-json\/wp\/v2\/comments?post=13639"}],"version-history":[{"count":1,"href":"https:\/\/edimeinter.com\/libreria\/wp-json\/wp\/v2\/product\/13639\/revisions"}],"predecessor-version":[{"id":16022,"href":"https:\/\/edimeinter.com\/libreria\/wp-json\/wp\/v2\/product\/13639\/revisions\/16022"}],"wp:featuredmedia":[{"embeddable":true,"href":"https:\/\/edimeinter.com\/libreria\/wp-json\/wp\/v2\/media\/13640"}],"wp:attachment":[{"href":"https:\/\/edimeinter.com\/libreria\/wp-json\/wp\/v2\/media?parent=13639"}],"wp:term":[{"taxonomy":"product_cat","embeddable":true,"href":"https:\/\/edimeinter.com\/libreria\/wp-json\/wp\/v2\/product_cat?post=13639"},{"taxonomy":"product_tag","embeddable":true,"href":"https:\/\/edimeinter.com\/libreria\/wp-json\/wp\/v2\/product_tag?post=13639"}],"curies":[{"name":"wp","href":"https:\/\/api.w.org\/{rel}","templated":true}]}}