{"id":13657,"date":"2025-02-20T21:57:50","date_gmt":"2025-02-20T21:57:50","guid":{"rendered":"https:\/\/edimeinter.com\/libreria\/?post_type=product&#038;p=13657"},"modified":"2025-03-11T17:50:17","modified_gmt":"2025-03-11T17:50:17","slug":"mosby-cuaderno-para-colorear-de-anatomia-y-fisiologia-2a-edicion","status":"publish","type":"product","link":"https:\/\/edimeinter.com\/libreria\/product\/mosby-cuaderno-para-colorear-de-anatomia-y-fisiologia-2a-edicion\/","title":{"rendered":"Mosby. Cuaderno para colorear de anatom\u00eda y fisiolog\u00eda. 2\u00aa Edici\u00f3n"},"content":{"rendered":"\t\t<div data-elementor-type=\"wp-post\" data-elementor-id=\"13657\" class=\"elementor elementor-13657\">\n\t\t\t\t<div class=\"elementor-element elementor-element-2612b12 e-flex e-con-boxed e-con e-parent\" data-id=\"2612b12\" data-element_type=\"container\" data-e-type=\"container\">\n\t\t\t\t\t<div class=\"e-con-inner\">\n\t\t\n\t\t<div class=\"elementor-element elementor-element-498707ae elementor-widget elementor-widget-text-editor\" data-id=\"498707ae\" data-element_type=\"widget\" data-e-type=\"widget\" data-widget_type=\"text-editor.default\">\n\t\t\t\t<div class=\"elementor-widget-container\">\n\t\t\t\t\t\t\t\t\t<p>Obra que da color a la anatom\u00eda y la fisiolog\u00eda para comprenderlas mejor y que en su nueva edici\u00f3n incorpora procesos fisiol\u00f3gicos, muchos m\u00e1s ejercicios de colorear y casos cl\u00ednicos.<\/p><p>Esta pr\u00e1ctica herramienta de estudio abarca los sistemas corporales principales, desde la piel hasta el sistema reproductor. Incluye cap\u00edtulos sobre los sentidos, las c\u00e9lulas, los tejidos, y la organizaci\u00f3n y la orientaci\u00f3n del cuerpo.<\/p><p>Con sus 250 ilustraciones de anatom\u00eda y fisiolog\u00eda para colorear y repasar es un recurso ameno que ayuda al aprendizaje y la retentiva de los conceptos importantes de la anatom\u00eda y la fisiolog\u00eda. Casi todos los dibujos se acompa\u00f1an de una breve descripci\u00f3n, de especial utilidad en los contenidos que tratan los aspectos fisiol\u00f3gicos m\u00e1s dif\u00edciles.<\/p><p>Contiene actividades y casos cl\u00ednicos, adem\u00e1s de los ejercicios para colorear, que optimizan el estudio. Los casos cl\u00ednicos proporcionan una oportunidad adicional para reflexionar sobre un sistema corporal y utilizar las habilidades de resoluci\u00f3n de problemas del mundo real.<\/p><p>Dirigido tanto a estudiantes de Anatom\u00eda y Fisiolog\u00eda como a cualquier interesado en el funcionamiento del cuerpo humano, este recurso excepcional ayudar\u00e1 a dominar la anatom\u00eda y la fisiolog\u00eda de un modo ameno.<\/p>\t\t\t\t\t\t\t\t<\/div>\n\t\t\t\t<\/div>\n\t\t\t\t\t<\/div>\n\t\t\t\t<\/div>\n\t\t\t\t<\/div>\n\t\t","protected":false},"excerpt":{"rendered":"<p><strong>Autores:<\/strong>\u00a0Mosby<br \/>\n<strong>ISBN:<\/strong>\u00a09788413822310<br \/>\n<strong>Editorial:<\/strong>\u00a0Elsevier<br \/>\n<strong>Edici\u00f3n:<\/strong>\u00a02\u00aa<br \/>\n<strong>Especialidad<\/strong>: Anatom\u00eda<br \/>\n<strong>P\u00e1ginas<\/strong>: 256<br \/>\n\u00a9 2022<\/p>\n","protected":false},"featured_media":13658,"comment_status":"open","ping_status":"open","template":"","meta":{"_joinchat":[]},"product_cat":[100],"product_tag":[101,85],"class_list":{"0":"post-13657","1":"product","2":"type-product","3":"status-publish","4":"has-post-thumbnail","6":"product_cat-anatomia","7":"product_tag-anatomia","8":"product_tag-elsevier","10":"first","11":"instock","12":"featured","13":"taxable","14":"shipping-taxable","15":"purchasable","16":"product-type-simple"},"_links":{"self":[{"href":"https:\/\/edimeinter.com\/libreria\/wp-json\/wp\/v2\/product\/13657","targetHints":{"allow":["GET"]}}],"collection":[{"href":"https:\/\/edimeinter.com\/libreria\/wp-json\/wp\/v2\/product"}],"about":[{"href":"https:\/\/edimeinter.com\/libreria\/wp-json\/wp\/v2\/types\/product"}],"replies":[{"embeddable":true,"href":"https:\/\/edimeinter.com\/libreria\/wp-json\/wp\/v2\/comments?post=13657"}],"version-history":[{"count":1,"href":"https:\/\/edimeinter.com\/libreria\/wp-json\/wp\/v2\/product\/13657\/revisions"}],"predecessor-version":[{"id":16026,"href":"https:\/\/edimeinter.com\/libreria\/wp-json\/wp\/v2\/product\/13657\/revisions\/16026"}],"wp:featuredmedia":[{"embeddable":true,"href":"https:\/\/edimeinter.com\/libreria\/wp-json\/wp\/v2\/media\/13658"}],"wp:attachment":[{"href":"https:\/\/edimeinter.com\/libreria\/wp-json\/wp\/v2\/media?parent=13657"}],"wp:term":[{"taxonomy":"product_cat","embeddable":true,"href":"https:\/\/edimeinter.com\/libreria\/wp-json\/wp\/v2\/product_cat?post=13657"},{"taxonomy":"product_tag","embeddable":true,"href":"https:\/\/edimeinter.com\/libreria\/wp-json\/wp\/v2\/product_tag?post=13657"}],"curies":[{"name":"wp","href":"https:\/\/api.w.org\/{rel}","templated":true}]}}