{"id":13666,"date":"2025-02-20T22:01:56","date_gmt":"2025-02-20T22:01:56","guid":{"rendered":"https:\/\/edimeinter.com\/libreria\/?post_type=product&#038;p=13666"},"modified":"2025-03-11T17:51:23","modified_gmt":"2025-03-11T17:51:23","slug":"manual-de-radiologia-para-tecnicos-2a-edicion","status":"publish","type":"product","link":"https:\/\/edimeinter.com\/libreria\/product\/manual-de-radiologia-para-tecnicos-2a-edicion\/","title":{"rendered":"Manual de radiolog\u00eda para t\u00e9cnicos. 2\u00aa Edici\u00f3n"},"content":{"rendered":"\t\t<div data-elementor-type=\"wp-post\" data-elementor-id=\"13666\" class=\"elementor elementor-13666\">\n\t\t\t\t\n<div class=\"elementor-element elementor-element-2612b12 e-flex e-con-boxed e-con e-parent\" data-id=\"2612b12\" data-element_type=\"container\" data-e-type=\"container\">\n\t\t\t\t\t<div class=\"e-con-inner\">\n\t\t\t\t<div class=\"elementor-element elementor-element-498707ae elementor-widget elementor-widget-text-editor\" data-id=\"498707ae\" data-element_type=\"widget\" data-e-type=\"widget\" data-widget_type=\"text-editor.default\">\n\t\t\t\t<div class=\"elementor-widget-container\">\n\t\t\t\t\t\t\t\t\t<p>El objetivo del manual es transmitir conocimientos b\u00e1sicos de f\u00edsica radiol\u00f3gica, preparar a los estudiantes para sus ex\u00e1menes y proporcionar una base de\u00a0conocimientos para que los radi\u00f3logos puedan tomar decisiones documentadas sobre facores t\u00e9cnicos, calidad de la imagen diagn\u00f3stica, y control de la radiaci\u00f3n para los pacientes y el personal.<\/p><p>Se ajusta al programa de la American Society of Radiologic Technologists, que ayuda a desarrollar las destrezas necesarias para obtener im\u00e1genes radiol\u00f3gicas de alta calidad de forma eficaz y segura; a preparar con \u00e9xito la prueba de acceso al American Registry of Radiologic Technologists, y a la incorporaci\u00f3n a la pr\u00e1ctica cl\u00ednica.<\/p><p>Se han reorganizado, consolidado y actualizado los cap\u00edtulos para reflejar los m\u00e1s recientes avances en imagen m\u00e9dica y se incluyen descripcioens de temas que prometen un increible desarrollo de la imagen m\u00e9dica: tomos\u00edntesis, inteligencia artificial (IA), computaci\u00f3n cu\u00e1ntica (c\u00fabits) y cambios en el tratamiento de la radiaci\u00f3n.<\/p><p>Se ofrece una amplia visi\u00f3n de la radiolog\u00eda, incluidas las bases de la f\u00edsica radiol\u00f3gica, las t\u00e9cnicas de imagen diagn\u00f3sticas, la radiobiolog\u00eda y el tragamiento radiol\u00f3gico.<\/p><p>Se incluyen objetivos de aprendizaje de los cap\u00edtulos para ayudar a los estudiantes y facilitar la lectura del texto, se presentan ecuaciones que van siempre seguidas de ejemplos de problemas, con una aplicaci\u00f3n cl\u00ednica directa. As\u00edmismo, esta edici\u00f3n merjora los puntos clave de cada cap\u00edtulo, al incluir m\u00e1s conceptos y definiciones.<\/p>\t\t\t\t\t\t\t\t<\/div>\n\t\t\t\t<\/div>\n\t\t\t\t\t<\/div>\n\t\t\t\t<\/div>\n\t\t\t\t<\/div>\n\t\t","protected":false},"excerpt":{"rendered":"<p><strong>Autores:<\/strong>\u00a0Stewart C. Bushong<br \/>\n<strong>ISBN:<\/strong>\u00a09788413821474<br \/>\n<strong>Editorial:<\/strong>\u00a0Elsevier<br \/>\n<strong>Edici\u00f3n:<\/strong>\u00a02\u00aa<br \/>\n<strong>Especialidad<\/strong>: Diagn\u00f3stico por Im\u00e1genes<br \/>\n<strong>P\u00e1ginas<\/strong>: 608<br \/>\n\u00a9 2022<\/p>\n","protected":false},"featured_media":13667,"comment_status":"open","ping_status":"open","template":"","meta":{"_joinchat":[]},"product_cat":[80],"product_tag":[81,85],"class_list":{"0":"post-13666","1":"product","2":"type-product","3":"status-publish","4":"has-post-thumbnail","6":"product_cat-diagnostico-por-imagenes","7":"product_tag-diagnostico-por-imagenes","8":"product_tag-elsevier","10":"first","11":"outofstock","12":"featured","13":"taxable","14":"shipping-taxable","15":"purchasable","16":"product-type-simple"},"_links":{"self":[{"href":"https:\/\/edimeinter.com\/libreria\/wp-json\/wp\/v2\/product\/13666","targetHints":{"allow":["GET"]}}],"collection":[{"href":"https:\/\/edimeinter.com\/libreria\/wp-json\/wp\/v2\/product"}],"about":[{"href":"https:\/\/edimeinter.com\/libreria\/wp-json\/wp\/v2\/types\/product"}],"replies":[{"embeddable":true,"href":"https:\/\/edimeinter.com\/libreria\/wp-json\/wp\/v2\/comments?post=13666"}],"version-history":[{"count":1,"href":"https:\/\/edimeinter.com\/libreria\/wp-json\/wp\/v2\/product\/13666\/revisions"}],"predecessor-version":[{"id":16027,"href":"https:\/\/edimeinter.com\/libreria\/wp-json\/wp\/v2\/product\/13666\/revisions\/16027"}],"wp:featuredmedia":[{"embeddable":true,"href":"https:\/\/edimeinter.com\/libreria\/wp-json\/wp\/v2\/media\/13667"}],"wp:attachment":[{"href":"https:\/\/edimeinter.com\/libreria\/wp-json\/wp\/v2\/media?parent=13666"}],"wp:term":[{"taxonomy":"product_cat","embeddable":true,"href":"https:\/\/edimeinter.com\/libreria\/wp-json\/wp\/v2\/product_cat?post=13666"},{"taxonomy":"product_tag","embeddable":true,"href":"https:\/\/edimeinter.com\/libreria\/wp-json\/wp\/v2\/product_tag?post=13666"}],"curies":[{"name":"wp","href":"https:\/\/api.w.org\/{rel}","templated":true}]}}