{"id":13685,"date":"2025-02-20T22:10:06","date_gmt":"2025-02-20T22:10:06","guid":{"rendered":"https:\/\/edimeinter.com\/libreria\/?post_type=product&#038;p=13685"},"modified":"2025-12-12T21:20:49","modified_gmt":"2025-12-12T21:20:49","slug":"braddom-medicina-fisica-y-rehabilitacion-6a-edicion","status":"publish","type":"product","link":"https:\/\/edimeinter.com\/libreria\/product\/braddom-medicina-fisica-y-rehabilitacion-6a-edicion\/","title":{"rendered":"Braddom. Medicina f\u00edsica y rehabilitaci\u00f3n. 6\u00aa Edici\u00f3n"},"content":{"rendered":"\t\t<div data-elementor-type=\"wp-post\" data-elementor-id=\"13685\" class=\"elementor elementor-13685\">\n\t\t\t\t<div class=\"elementor-element elementor-element-2612b12 e-flex e-con-boxed e-con e-parent\" data-id=\"2612b12\" data-element_type=\"container\" data-e-type=\"container\">\n\t\t\t\t\t<div class=\"e-con-inner\">\n\t\t\n\t\t<div class=\"elementor-element elementor-element-498707ae elementor-widget elementor-widget-text-editor\" data-id=\"498707ae\" data-element_type=\"widget\" data-e-type=\"widget\" data-widget_type=\"text-editor.default\">\n\t\t\t\t<div class=\"elementor-widget-container\">\n\t\t\t\t\t\t\t\t\t<p>La m\u00e1s acreditada referencia en el campo de la medicina f\u00edsica y la rehabiltaci\u00f3n desde hace m\u00e1s de veinte a\u00f1os.<\/p><p>Esta obra de referencia ha constituido el primer recurso al que acude todo equipo de rehabilitaci\u00f3n, ya que recoge pormenorizadamente los principios b\u00e1sicos de este campo, adem\u00e1s de la informaci\u00f3n m\u00e1s actual sobre investigaci\u00f3n, tecnolog\u00eda e intervenciones, lo que redunda en la mejora de la atenci\u00f3n al paciente y en su recuperaci\u00f3n.<\/p><p>A\u00f1ade un nuevo cap\u00edtulo, \u00abMedicina del trabajo y rehabilitaci\u00f3n profesional\u00bb, mejora la cobertura de temas como la vejia neur\u00f3gena, la rehabilitaci\u00f3n y la restauraci\u00f3n prote\u00b4sica en la amputaci\u00f3n de extremidades supreriores, y los trastornos m\u00e9dicos agudos -entre ellos, la enfermedad card\u00edaca, la fragilidad m\u00e9dica y la insuficiencia renal.<\/p><p>Ampl\u00eda el contenido sobre cuestiones clave como las opciones de abordajes del dolor en las intervenciones, la marcha y las pr\u00f3tesis, la ecograf\u00eda, la radioscopia, y el electrodiagn\u00f3stico. Cuenta con c\u00e1p\u00edtulos profusamente ilustrados y de estructura uniforme, en los ques es f\u00e1cil encontrar la informaci\u00f3n clave.<\/p><p>Incluye la versi\u00f3n digital de la obra original (contenido en ingl\u00e9s), con acceso, a\u00a0trav\u00e9s de distintos dispositivos, al texto, las figuras y la bibliograf\u00eda completa del libro. As\u00edmismo, cuenta con m\u00e1s de cincuenta pr\u00e1cticos v\u00eddeos y cientos de preguntas de autoevaluaci\u00f3n basadas en problemas que buscan un aprendizaje m\u00e1s eficaz.<\/p>\t\t\t\t\t\t\t\t<\/div>\n\t\t\t\t<\/div>\n\t\t\t\t\t<\/div>\n\t\t\t\t<\/div>\n\t\t\t\t<\/div>\n\t\t","protected":false},"excerpt":{"rendered":"<p><strong>Autores:<\/strong>\u00a0David X. Cifu<br \/>\n<strong>ISBN:<\/strong>\u00a09788413820644<br \/>\n<strong>Editorial:<\/strong>\u00a0Elsevier<br \/>\n<strong>Edici\u00f3n:<\/strong>\u00a06\u00aa<br \/>\n<strong>Especialidad<\/strong>: Fisioterapia<br \/>\n<strong>P\u00e1ginas<\/strong>: 1184<br \/>\n\u00a9 2022<\/p>\n","protected":false},"featured_media":13686,"comment_status":"open","ping_status":"closed","template":"","meta":{"_joinchat":[]},"product_cat":[111],"product_tag":[85,112],"class_list":{"0":"post-13685","1":"product","2":"type-product","3":"status-publish","4":"has-post-thumbnail","6":"product_cat-fisioterapia","7":"product_tag-elsevier","8":"product_tag-fisioterapia","10":"first","11":"outofstock","12":"featured","13":"taxable","14":"shipping-taxable","15":"purchasable","16":"product-type-simple"},"_links":{"self":[{"href":"https:\/\/edimeinter.com\/libreria\/wp-json\/wp\/v2\/product\/13685","targetHints":{"allow":["GET"]}}],"collection":[{"href":"https:\/\/edimeinter.com\/libreria\/wp-json\/wp\/v2\/product"}],"about":[{"href":"https:\/\/edimeinter.com\/libreria\/wp-json\/wp\/v2\/types\/product"}],"replies":[{"embeddable":true,"href":"https:\/\/edimeinter.com\/libreria\/wp-json\/wp\/v2\/comments?post=13685"}],"version-history":[{"count":2,"href":"https:\/\/edimeinter.com\/libreria\/wp-json\/wp\/v2\/product\/13685\/revisions"}],"predecessor-version":[{"id":16032,"href":"https:\/\/edimeinter.com\/libreria\/wp-json\/wp\/v2\/product\/13685\/revisions\/16032"}],"wp:featuredmedia":[{"embeddable":true,"href":"https:\/\/edimeinter.com\/libreria\/wp-json\/wp\/v2\/media\/13686"}],"wp:attachment":[{"href":"https:\/\/edimeinter.com\/libreria\/wp-json\/wp\/v2\/media?parent=13685"}],"wp:term":[{"taxonomy":"product_cat","embeddable":true,"href":"https:\/\/edimeinter.com\/libreria\/wp-json\/wp\/v2\/product_cat?post=13685"},{"taxonomy":"product_tag","embeddable":true,"href":"https:\/\/edimeinter.com\/libreria\/wp-json\/wp\/v2\/product_tag?post=13685"}],"curies":[{"name":"wp","href":"https:\/\/api.w.org\/{rel}","templated":true}]}}