{"id":13691,"date":"2025-02-20T22:13:53","date_gmt":"2025-02-20T22:13:53","guid":{"rendered":"https:\/\/edimeinter.com\/libreria\/?post_type=product&#038;p=13691"},"modified":"2025-03-11T17:56:06","modified_gmt":"2025-03-11T17:56:06","slug":"aneurismas-cerebrales-1a-edicion","status":"publish","type":"product","link":"https:\/\/edimeinter.com\/libreria\/product\/aneurismas-cerebrales-1a-edicion\/","title":{"rendered":"Aneurismas cerebrales. 1\u00aa Edici\u00f3n"},"content":{"rendered":"\t\t<div data-elementor-type=\"wp-post\" data-elementor-id=\"13691\" class=\"elementor elementor-13691\">\n\t\t\t\t<div class=\"elementor-element elementor-element-2612b12 e-flex e-con-boxed e-con e-parent\" data-id=\"2612b12\" data-element_type=\"container\" data-e-type=\"container\">\n\t\t\t\t\t<div class=\"e-con-inner\">\n\t\t\n\t\t<div class=\"elementor-element elementor-element-498707ae elementor-widget elementor-widget-text-editor\" data-id=\"498707ae\" data-element_type=\"widget\" data-e-type=\"widget\" data-widget_type=\"text-editor.default\">\n\t\t\t\t<div class=\"elementor-widget-container\">\n\t\t\t\t\t\t\t\t\t<p>Obra que ofrece una visi\u00f3n microquir\u00fargica de los aneurismas cerebrales mediante la aplicaci\u00f3n de t\u00e9cnicas endovasculares.<\/p><p>A lo largo de 30 cap\u00edtulos, los autores presentan los aspectos m\u00e1s relevantes sobre la fisiopatolog\u00eda, el diagn\u00f3sticos y el manejo cl\u00ednico y quir\u00fargico de los aneurismas cerebrales.<\/p><p>Destaca lo originalidad del material gr\u00e1fico incluido. Todas las fotograf\u00edas han sido realizadas por los autores de manera exclusiva para este libro. Un total de 12 v\u00eddeos intraoperatorios muestran paso a paso la realizaci\u00f3n de las t\u00e9cnicas empleadas para esta condici\u00f3n.<\/p><p>El contenido responde a la filosof\u00eda del grupo de autores participantes: realizaci\u00f3n de una cirug\u00eda anat\u00f3mica basada en la m\u00e1xima resecci\u00f3n posible que permita la conservaci\u00f3n de la anatom\u00eda \u00abnormal\u00bb como m\u00e1xima garant\u00eda para preservar las funciones neurol\u00f3gicas.<\/p>\t\t\t\t\t\t\t\t<\/div>\n\t\t\t\t<\/div>\n\t\t\t\t\t<\/div>\n\t\t\t\t<\/div>\n\t\t\t\t<\/div>\n\t\t","protected":false},"excerpt":{"rendered":"<p><strong>Autores:<\/strong>\u00a0Jos\u00e9 Manuel Gonz\u00e1lez Darder &amp; Vicent Quilis Quesada &amp; Pau Capilla Guasch<br \/>\n<strong>ISBN:<\/strong>\u00a09788491138853<br \/>\n<strong>Editorial:<\/strong>\u00a0Elsevier<br \/>\n<strong>Edici\u00f3n:<\/strong>\u00a01\u00aa<br \/>\n<strong>Especialidad<\/strong>: Neurolog\u00eda y Neurocirug\u00eda<br \/>\n<strong>P\u00e1ginas<\/strong>: 344<br \/>\n\u00a9 2021<\/p>\n","protected":false},"featured_media":13692,"comment_status":"open","ping_status":"open","template":"","meta":{"_joinchat":[]},"product_cat":[166],"product_tag":[85,167],"class_list":{"0":"post-13691","1":"product","2":"type-product","3":"status-publish","4":"has-post-thumbnail","6":"product_cat-neurologia-y-neurocirugia","7":"product_tag-elsevier","8":"product_tag-neurologia-y-neurocirugia","10":"first","11":"instock","12":"featured","13":"taxable","14":"shipping-taxable","15":"purchasable","16":"product-type-simple"},"_links":{"self":[{"href":"https:\/\/edimeinter.com\/libreria\/wp-json\/wp\/v2\/product\/13691","targetHints":{"allow":["GET"]}}],"collection":[{"href":"https:\/\/edimeinter.com\/libreria\/wp-json\/wp\/v2\/product"}],"about":[{"href":"https:\/\/edimeinter.com\/libreria\/wp-json\/wp\/v2\/types\/product"}],"replies":[{"embeddable":true,"href":"https:\/\/edimeinter.com\/libreria\/wp-json\/wp\/v2\/comments?post=13691"}],"version-history":[{"count":2,"href":"https:\/\/edimeinter.com\/libreria\/wp-json\/wp\/v2\/product\/13691\/revisions"}],"predecessor-version":[{"id":16034,"href":"https:\/\/edimeinter.com\/libreria\/wp-json\/wp\/v2\/product\/13691\/revisions\/16034"}],"wp:featuredmedia":[{"embeddable":true,"href":"https:\/\/edimeinter.com\/libreria\/wp-json\/wp\/v2\/media\/13692"}],"wp:attachment":[{"href":"https:\/\/edimeinter.com\/libreria\/wp-json\/wp\/v2\/media?parent=13691"}],"wp:term":[{"taxonomy":"product_cat","embeddable":true,"href":"https:\/\/edimeinter.com\/libreria\/wp-json\/wp\/v2\/product_cat?post=13691"},{"taxonomy":"product_tag","embeddable":true,"href":"https:\/\/edimeinter.com\/libreria\/wp-json\/wp\/v2\/product_tag?post=13691"}],"curies":[{"name":"wp","href":"https:\/\/api.w.org\/{rel}","templated":true}]}}