{"id":13709,"date":"2025-02-20T22:23:17","date_gmt":"2025-02-20T22:23:17","guid":{"rendered":"https:\/\/edimeinter.com\/libreria\/?post_type=product&#038;p=13709"},"modified":"2025-03-11T18:00:44","modified_gmt":"2025-03-11T18:00:44","slug":"endodoncia-6a-edicion","status":"publish","type":"product","link":"https:\/\/edimeinter.com\/libreria\/product\/endodoncia-6a-edicion\/","title":{"rendered":"Endodoncia. 6\u00aa Edici\u00f3n"},"content":{"rendered":"\t\t<div data-elementor-type=\"wp-post\" data-elementor-id=\"13709\" class=\"elementor elementor-13709\">\n\t\t\t\t<div class=\"elementor-element elementor-element-2612b12 e-flex e-con-boxed e-con e-parent\" data-id=\"2612b12\" data-element_type=\"container\" data-e-type=\"container\">\n\t\t\t\t\t<div class=\"e-con-inner\">\n\t\t\n\t\t<div class=\"elementor-element elementor-element-498707ae elementor-widget elementor-widget-text-editor\" data-id=\"498707ae\" data-element_type=\"widget\" data-e-type=\"widget\" data-widget_type=\"text-editor.default\">\n\t\t\t\t<div class=\"elementor-widget-container\">\n\t\t\t\t\t\t\t\t\t<p>Nueva edici\u00f3n de uno de los textos m\u00e1s reconocidos en el campo de la Endodoncia y que cuenta con la participaci\u00f3n de m\u00e1s de 30 renombrados expertos en los distintos aspectos de la disciplina.<\/p><p>La obra se estructura en un total de 22 cap\u00edtulos y 4 anexox a trav\u00e9s de los cuales se describe como diagnosticar enfermedades pulpares y periapicales y c\u00f3mo realizar tratamientos de conductos b\u00e1sicos. Ofrece as\u00ed mismo, una amplia cobertura de la etiolog\u00eda de la enfermedad, la anesteisa local, el tratamiento de emergencia, la obturaci\u00f3n y la temporizaci\u00f3n.<\/p><p>La nueva edici\u00f3n se ha revisado y actualizado en su totalidad, si bien cabe destacar el mayor enfoque centrado en la informaci\u00f3n cl\u00ednica m\u00e1s relevante y por otro lado, el cada vez mayor grado de evidencia cient\u00edfica en la que se sostiene toda la informaci\u00f3n. La magn\u00edfica iconograf\u00eda (&gt; 1.000 ilustraciones, incluyendo radiograf\u00edas y fotograf\u00edas cl\u00ednicas) lo convierten en texto de primera elecci\u00f3n.<\/p><p>Versi\u00f3n digital de la obra original (contenido en ingl\u00e9s) con acceso al texto, las figuras y la bibliograf\u00eda del libro, adem\u00e1s de 72 v\u00eddeos de procedimientos.<\/p>\t\t\t\t\t\t\t\t<\/div>\n\t\t\t\t<\/div>\n\t\t\t\t\t<\/div>\n\t\t\t\t<\/div>\n\t\t\t\t<\/div>\n\t\t","protected":false},"excerpt":{"rendered":"<p><strong>Autores:<\/strong>\u00a0Mahmoud Torabinejad &amp; Ashraf Fouad &amp; Shahrokh Shabahang<br \/>\n<strong>ISBN:<\/strong>\u00a09788413820217<br \/>\n<strong>Editorial:<\/strong>\u00a0Elsevier<br \/>\n<strong>Edici\u00f3n:<\/strong>\u00a06\u00aa<br \/>\n<strong>Especialidad<\/strong>: Odontolog\u00eda y Ortodoncia<br \/>\n<strong>P\u00e1ginas<\/strong>: 520<br \/>\n\u00a9 2021<\/p>\n","protected":false},"featured_media":13710,"comment_status":"open","ping_status":"open","template":"","meta":{"_joinchat":[]},"product_cat":[140],"product_tag":[85,141],"class_list":{"0":"post-13709","1":"product","2":"type-product","3":"status-publish","4":"has-post-thumbnail","6":"product_cat-odontologia-y-ortodoncia","7":"product_tag-elsevier","8":"product_tag-odontologia-y-ortodoncia","10":"first","11":"instock","12":"featured","13":"taxable","14":"shipping-taxable","15":"purchasable","16":"product-type-simple"},"_links":{"self":[{"href":"https:\/\/edimeinter.com\/libreria\/wp-json\/wp\/v2\/product\/13709","targetHints":{"allow":["GET"]}}],"collection":[{"href":"https:\/\/edimeinter.com\/libreria\/wp-json\/wp\/v2\/product"}],"about":[{"href":"https:\/\/edimeinter.com\/libreria\/wp-json\/wp\/v2\/types\/product"}],"replies":[{"embeddable":true,"href":"https:\/\/edimeinter.com\/libreria\/wp-json\/wp\/v2\/comments?post=13709"}],"version-history":[{"count":1,"href":"https:\/\/edimeinter.com\/libreria\/wp-json\/wp\/v2\/product\/13709\/revisions"}],"predecessor-version":[{"id":16038,"href":"https:\/\/edimeinter.com\/libreria\/wp-json\/wp\/v2\/product\/13709\/revisions\/16038"}],"wp:featuredmedia":[{"embeddable":true,"href":"https:\/\/edimeinter.com\/libreria\/wp-json\/wp\/v2\/media\/13710"}],"wp:attachment":[{"href":"https:\/\/edimeinter.com\/libreria\/wp-json\/wp\/v2\/media?parent=13709"}],"wp:term":[{"taxonomy":"product_cat","embeddable":true,"href":"https:\/\/edimeinter.com\/libreria\/wp-json\/wp\/v2\/product_cat?post=13709"},{"taxonomy":"product_tag","embeddable":true,"href":"https:\/\/edimeinter.com\/libreria\/wp-json\/wp\/v2\/product_tag?post=13709"}],"curies":[{"name":"wp","href":"https:\/\/api.w.org\/{rel}","templated":true}]}}