{"id":13721,"date":"2025-02-20T22:28:03","date_gmt":"2025-02-20T22:28:03","guid":{"rendered":"https:\/\/edimeinter.com\/libreria\/?post_type=product&#038;p=13721"},"modified":"2025-05-27T22:05:01","modified_gmt":"2025-05-27T22:05:01","slug":"sleisenger-y-fordtran-enfermedades-digestivas-y-hepaticas-11a-edicion","status":"publish","type":"product","link":"https:\/\/edimeinter.com\/libreria\/product\/sleisenger-y-fordtran-enfermedades-digestivas-y-hepaticas-11a-edicion\/","title":{"rendered":"Sleisenger y Fordtran. Enfermedades digestivas y hep\u00e1ticas. 11\u00aa Edici\u00f3n"},"content":{"rendered":"\t\t<div data-elementor-type=\"wp-post\" data-elementor-id=\"13721\" class=\"elementor elementor-13721\">\n\t\t\t\t<div class=\"elementor-element elementor-element-2612b12 e-flex e-con-boxed e-con e-parent\" data-id=\"2612b12\" data-element_type=\"container\" data-e-type=\"container\">\n\t\t\t\t\t<div class=\"e-con-inner\">\n\t\t\n\t\t<div class=\"elementor-element elementor-element-498707ae elementor-widget elementor-widget-text-editor\" data-id=\"498707ae\" data-element_type=\"widget\" data-e-type=\"widget\" data-widget_type=\"text-editor.default\">\n\t\t\t\t<div class=\"elementor-widget-container\">\n\t\t\t\t\t\t\t\t\t<p>Libro de consulta sobre gastroenterolog\u00eda m\u00e1s reconocido en el mundo.<\/p><p>Und\u00e9cima edici\u00f3n, completamente actualizada que vuelve a reunir en dos magistrales vol\u00famenes los conocimientos y la experiencia de cientos de reputados especialmente de todo el mundo que mantienen al d\u00eda las m\u00e1s recientes t\u00e9cnicas, procedimientos y tratamientos para todo tipo de enfermedades digestivas y hep\u00e1ticas.<\/p><p>Proporciona contenidos nuevos y ampliados sobre las hepatitis B y C cr\u00f3nicas, la infecci\u00f3n por Helicobacter pylori, la prevenci\u00f3n del c\u00e1ncer colorrectal mediante t\u00e9cnicas de cribado y vigilancia, los agentes biol\u00f3gicos y las nuevas micromol\u00e9culas empleados para tratar y prevenir la recidiva de la enfermedad inflamatoria intestinal, las enfermedades gastrointestinales inmunitarias y auto.inmunitarias, etc.<\/p><p>El lecor localizar\u00e1 sin dificultad la informaci\u00f3n que necesite gracias a las clara estructuraci\u00f3n de los contenidos, m\u00e1s de 1.100 im\u00e1genes en color y \u00fatiles algoritmos de f\u00e1cil consulta. Adem\u00e1s ofrece informaci\u00f3n contrastada sobre temas clave como el es\u00f3fago de Barret, el microbioma intestinal y los probi\u00f3ticos, los trasplantes de microbioma fecal, y los trasplantes de h\u00edgado, p\u00e1ncreas e intestino delgado.<\/p><p>Incluye acceso a ExpertConsult donde se halla disponible la versi\u00f3n electr\u00f3nica del libro, con actualizaciones mensuales, y m\u00e1s de 20 v\u00eddeos de procedimientos. El contenido est\u00e1 \u00edntegramente en ingl\u00e9s.<\/p>\t\t\t\t\t\t\t\t<\/div>\n\t\t\t\t<\/div>\n\t\t\t\t\t<\/div>\n\t\t\t\t<\/div>\n\t\t\t\t<\/div>\n\t\t","protected":false},"excerpt":{"rendered":"<p><strong>Autores:<\/strong>\u00a0Mark Feldman &amp; Lawrence S. Friedman &amp; Lawrence J. Brandt<br \/>\n<strong>ISBN:<\/strong>\u00a09788491139492<br \/>\n<strong>Editorial:<\/strong>\u00a0Elsevier<br \/>\n<strong>Edici\u00f3n:<\/strong>\u00a011\u00aa<br \/>\n<strong>Especialidad<\/strong>: Gastroenterolog\u00eda<br \/>\n<strong>P\u00e1ginas<\/strong>: 2384<br \/>\n\u00a9 2021<\/p>\n","protected":false},"featured_media":13722,"comment_status":"open","ping_status":"closed","template":"","meta":{"_joinchat":[]},"product_cat":[168],"product_tag":[85,169],"class_list":{"0":"post-13721","1":"product","2":"type-product","3":"status-publish","4":"has-post-thumbnail","6":"product_cat-gastroenterologia","7":"product_tag-elsevier","8":"product_tag-gastroenterologia","10":"first","11":"instock","12":"featured","13":"taxable","14":"shipping-taxable","15":"purchasable","16":"product-type-simple"},"_links":{"self":[{"href":"https:\/\/edimeinter.com\/libreria\/wp-json\/wp\/v2\/product\/13721","targetHints":{"allow":["GET"]}}],"collection":[{"href":"https:\/\/edimeinter.com\/libreria\/wp-json\/wp\/v2\/product"}],"about":[{"href":"https:\/\/edimeinter.com\/libreria\/wp-json\/wp\/v2\/types\/product"}],"replies":[{"embeddable":true,"href":"https:\/\/edimeinter.com\/libreria\/wp-json\/wp\/v2\/comments?post=13721"}],"version-history":[{"count":1,"href":"https:\/\/edimeinter.com\/libreria\/wp-json\/wp\/v2\/product\/13721\/revisions"}],"predecessor-version":[{"id":16040,"href":"https:\/\/edimeinter.com\/libreria\/wp-json\/wp\/v2\/product\/13721\/revisions\/16040"}],"wp:featuredmedia":[{"embeddable":true,"href":"https:\/\/edimeinter.com\/libreria\/wp-json\/wp\/v2\/media\/13722"}],"wp:attachment":[{"href":"https:\/\/edimeinter.com\/libreria\/wp-json\/wp\/v2\/media?parent=13721"}],"wp:term":[{"taxonomy":"product_cat","embeddable":true,"href":"https:\/\/edimeinter.com\/libreria\/wp-json\/wp\/v2\/product_cat?post=13721"},{"taxonomy":"product_tag","embeddable":true,"href":"https:\/\/edimeinter.com\/libreria\/wp-json\/wp\/v2\/product_tag?post=13721"}],"curies":[{"name":"wp","href":"https:\/\/api.w.org\/{rel}","templated":true}]}}