{"id":13727,"date":"2025-02-20T22:31:48","date_gmt":"2025-02-20T22:31:48","guid":{"rendered":"https:\/\/edimeinter.com\/libreria\/?post_type=product&#038;p=13727"},"modified":"2025-03-11T18:04:57","modified_gmt":"2025-03-11T18:04:57","slug":"guyton-y-hall-compendio-de-fisiologia-medica-14a-edicion","status":"publish","type":"product","link":"https:\/\/edimeinter.com\/libreria\/product\/guyton-y-hall-compendio-de-fisiologia-medica-14a-edicion\/","title":{"rendered":"Guyton y Hall. Compendio de fisiolog\u00eda m\u00e9dica. 14\u00aa Edici\u00f3n"},"content":{"rendered":"\t\t<div data-elementor-type=\"wp-post\" data-elementor-id=\"13727\" class=\"elementor elementor-13727\">\n\t\t\t\t<div class=\"elementor-element elementor-element-2612b12 e-flex e-con-boxed e-con e-parent\" data-id=\"2612b12\" data-element_type=\"container\" data-e-type=\"container\">\n\t\t\t\t\t<div class=\"e-con-inner\">\n\t\t\n\t\t<div class=\"elementor-element elementor-element-498707ae elementor-widget elementor-widget-text-editor\" data-id=\"498707ae\" data-element_type=\"widget\" data-e-type=\"widget\" data-widget_type=\"text-editor.default\">\n\t\t\t\t<div class=\"elementor-widget-container\">\n\t\t\t\t\t\t\t\t\t<p>Nueva edici\u00f3n de la gu\u00eda m\u00e1s valiosa a la hora de estudiar los conceptos fundamentales de la fisiolog\u00eda m\u00e9dica.<\/p><p>Guyton y Hall. Compendio de fisiolog\u00eda m\u00e9dica, 14\u00aa edici\u00f3n, presenta en formato de bolsillo, los conocimientos de fisiolog\u00eda fundamentales contenidos en Guyton y Hall. Tratado de fisiolog\u00eda m\u00e9dica. Este compendio reproduce la estructura y el contenido del principal tratado de fama mundial del que deriva, lo que lo convierte en una herramienta ideal para revisar de forma r\u00e1pida y en cualquier momento las cuestiones m\u00e1s complejas.<\/p><p>Inclusi\u00f3n de conceptos actualizados procedentes de la 14\u00aa edici\u00f3n del tratado en un formato sin\u00f3ptico. Gracias a las referencias a las p\u00e1ginas del tratado y la correspondencia en el \u00edndice de cap\u00edtulos se proporciona acceso r\u00e1pido a informaci\u00f3n adicional para un estudio m\u00e1s exhaustivo.<\/p><p>Incluye el acceso a la versi\u00f3n electr\u00f3nica del libro (en ingl\u00e9s), que permite acceder al texto completo, las figuras y las referencias desde diversos dispositivos.<\/p>\t\t\t\t\t\t\t\t<\/div>\n\t\t\t\t<\/div>\n\t\t\t\t\t<\/div>\n\t\t\t\t<\/div>\n\t\t\t\t<\/div>\n\t\t","protected":false},"excerpt":{"rendered":"<p><strong>Autores:<\/strong>\u00a0John E. Hall &amp; John E. Hall<br \/>\n<strong>ISBN:<\/strong>\u00a09788491139546<br \/>\n<strong>Editorial:<\/strong>\u00a0Elsevier<br \/>\n<strong>Edici\u00f3n:<\/strong>\u00a014\u00aa<br \/>\n<strong>Especialidad<\/strong>: Fisiolog\u00eda<br \/>\n<strong>P\u00e1ginas<\/strong>: 336<br \/>\n\u00a9 2021<\/p>\n","protected":false},"featured_media":13728,"comment_status":"open","ping_status":"open","template":"","meta":{"_joinchat":[]},"product_cat":[209],"product_tag":[85,210],"class_list":{"0":"post-13727","1":"product","2":"type-product","3":"status-publish","4":"has-post-thumbnail","6":"product_cat-fisiologia","7":"product_tag-elsevier","8":"product_tag-fisiologia","10":"first","11":"instock","12":"featured","13":"taxable","14":"shipping-taxable","15":"purchasable","16":"product-type-simple"},"_links":{"self":[{"href":"https:\/\/edimeinter.com\/libreria\/wp-json\/wp\/v2\/product\/13727","targetHints":{"allow":["GET"]}}],"collection":[{"href":"https:\/\/edimeinter.com\/libreria\/wp-json\/wp\/v2\/product"}],"about":[{"href":"https:\/\/edimeinter.com\/libreria\/wp-json\/wp\/v2\/types\/product"}],"replies":[{"embeddable":true,"href":"https:\/\/edimeinter.com\/libreria\/wp-json\/wp\/v2\/comments?post=13727"}],"version-history":[{"count":2,"href":"https:\/\/edimeinter.com\/libreria\/wp-json\/wp\/v2\/product\/13727\/revisions"}],"predecessor-version":[{"id":16042,"href":"https:\/\/edimeinter.com\/libreria\/wp-json\/wp\/v2\/product\/13727\/revisions\/16042"}],"wp:featuredmedia":[{"embeddable":true,"href":"https:\/\/edimeinter.com\/libreria\/wp-json\/wp\/v2\/media\/13728"}],"wp:attachment":[{"href":"https:\/\/edimeinter.com\/libreria\/wp-json\/wp\/v2\/media?parent=13727"}],"wp:term":[{"taxonomy":"product_cat","embeddable":true,"href":"https:\/\/edimeinter.com\/libreria\/wp-json\/wp\/v2\/product_cat?post=13727"},{"taxonomy":"product_tag","embeddable":true,"href":"https:\/\/edimeinter.com\/libreria\/wp-json\/wp\/v2\/product_tag?post=13727"}],"curies":[{"name":"wp","href":"https:\/\/api.w.org\/{rel}","templated":true}]}}