{"id":13733,"date":"2025-02-20T22:35:05","date_gmt":"2025-02-20T22:35:05","guid":{"rendered":"https:\/\/edimeinter.com\/libreria\/?post_type=product&#038;p=13733"},"modified":"2025-03-11T18:09:52","modified_gmt":"2025-03-11T18:09:52","slug":"manual-de-tomografia-de-coherencia-optica-1a-edicion","status":"publish","type":"product","link":"https:\/\/edimeinter.com\/libreria\/product\/manual-de-tomografia-de-coherencia-optica-1a-edicion\/","title":{"rendered":"Manual de tomograf\u00eda de coherencia \u00f3ptica. 1\u00aa Edici\u00f3n"},"content":{"rendered":"\t\t<div data-elementor-type=\"wp-post\" data-elementor-id=\"13733\" class=\"elementor elementor-13733\">\n\t\t\t\t<div class=\"elementor-element elementor-element-2612b12 e-flex e-con-boxed e-con e-parent\" data-id=\"2612b12\" data-element_type=\"container\" data-e-type=\"container\">\n\t\t\t\t\t<div class=\"e-con-inner\">\n\t\t\n\t\t<div class=\"elementor-element elementor-element-498707ae elementor-widget elementor-widget-text-editor\" data-id=\"498707ae\" data-element_type=\"widget\" data-e-type=\"widget\" data-widget_type=\"text-editor.default\">\n\t\t\t\t<div class=\"elementor-widget-container\">\n\t\t\t\t\t\t\t\t\t<p>Repasa las distintas patolog\u00edas de la retina y ofrece la informaci\u00f3n m\u00e1s actualizada sobre las aplicaciones cl\u00ednicas de la OCT.<\/p><p>Se trata de un manual concebido como una herramienta de consulta r\u00e1pida, con un gran n\u00famero de im\u00e1genes de alta calidad, y cuyo contenido ha sido redactado con un estilo sencillo y un enfoque muy did\u00e1ctico.<\/p><p>Va dirigido a oftalm\u00f3logos y retin\u00f3logos en formaci\u00f3n, a especialistas que deseen actualizar sus conocimientos, y a cualquier profesional de la salud que tenga la oportunidad de ver pacientes de retina y uve\u00edtis, y desee conocer los m\u00e1s recientes avances en este campo.<\/p><p>El manual cuenta con el aval de la Asociaci\u00f3n Panamericana de Oftalmolog\u00eda (PAAO), de la Sociedad Panamericana de Retina y V\u00edtreo (SPRV) y del Grupo Panamericano Colaborativo de Retina (PACORES).<\/p>\t\t\t\t\t\t\t\t<\/div>\n\t\t\t\t<\/div>\n\t\t\t\t\t<\/div>\n\t\t\t\t<\/div>\n\t\t\t\t<\/div>\n\t\t","protected":false},"excerpt":{"rendered":"<p><strong>Autores:<\/strong>\u00a0Roberto Gallego-Pinazo &amp; J. Fernando Ar\u00e9valo &amp; Lih Teh Wu &amp; Rosa Dolz<br \/>\n<strong>ISBN:<\/strong>\u00a09788491138297<br \/>\n<strong>Editorial:<\/strong>\u00a0Elsevier<br \/>\n<strong>Edici\u00f3n:<\/strong>\u00a01\u00aa<br \/>\n<strong>Especialidad<\/strong>: Oftalmolog\u00eda y Optometr\u00eda<br \/>\n<strong>P\u00e1ginas<\/strong>: 212<br \/>\n\u00a9 2021<\/p>\n","protected":false},"featured_media":13734,"comment_status":"open","ping_status":"open","template":"","meta":{"_joinchat":[]},"product_cat":[95],"product_tag":[85,96],"class_list":{"0":"post-13733","1":"product","2":"type-product","3":"status-publish","4":"has-post-thumbnail","6":"product_cat-oftalmologia-y-optometria","7":"product_tag-elsevier","8":"product_tag-oftalmologia-y-optometria","10":"first","11":"instock","12":"featured","13":"taxable","14":"shipping-taxable","15":"purchasable","16":"product-type-simple"},"_links":{"self":[{"href":"https:\/\/edimeinter.com\/libreria\/wp-json\/wp\/v2\/product\/13733","targetHints":{"allow":["GET"]}}],"collection":[{"href":"https:\/\/edimeinter.com\/libreria\/wp-json\/wp\/v2\/product"}],"about":[{"href":"https:\/\/edimeinter.com\/libreria\/wp-json\/wp\/v2\/types\/product"}],"replies":[{"embeddable":true,"href":"https:\/\/edimeinter.com\/libreria\/wp-json\/wp\/v2\/comments?post=13733"}],"version-history":[{"count":1,"href":"https:\/\/edimeinter.com\/libreria\/wp-json\/wp\/v2\/product\/13733\/revisions"}],"predecessor-version":[{"id":16043,"href":"https:\/\/edimeinter.com\/libreria\/wp-json\/wp\/v2\/product\/13733\/revisions\/16043"}],"wp:featuredmedia":[{"embeddable":true,"href":"https:\/\/edimeinter.com\/libreria\/wp-json\/wp\/v2\/media\/13734"}],"wp:attachment":[{"href":"https:\/\/edimeinter.com\/libreria\/wp-json\/wp\/v2\/media?parent=13733"}],"wp:term":[{"taxonomy":"product_cat","embeddable":true,"href":"https:\/\/edimeinter.com\/libreria\/wp-json\/wp\/v2\/product_cat?post=13733"},{"taxonomy":"product_tag","embeddable":true,"href":"https:\/\/edimeinter.com\/libreria\/wp-json\/wp\/v2\/product_tag?post=13733"}],"curies":[{"name":"wp","href":"https:\/\/api.w.org\/{rel}","templated":true}]}}