{"id":13739,"date":"2025-02-20T22:37:21","date_gmt":"2025-02-20T22:37:21","guid":{"rendered":"https:\/\/edimeinter.com\/libreria\/?post_type=product&#038;p=13739"},"modified":"2025-03-11T18:13:36","modified_gmt":"2025-03-11T18:13:36","slug":"inteligencia-artificial-en-el-ambito-de-la-salud-1a-edicion","status":"publish","type":"product","link":"https:\/\/edimeinter.com\/libreria\/product\/inteligencia-artificial-en-el-ambito-de-la-salud-1a-edicion\/","title":{"rendered":"Inteligencia artificial en el \u00e1mbito de la salud. 1\u00aa Edici\u00f3n"},"content":{"rendered":"\t\t<div data-elementor-type=\"wp-post\" data-elementor-id=\"13739\" class=\"elementor elementor-13739\">\n\t\t\t\t<div class=\"elementor-element elementor-element-2612b12 e-flex e-con-boxed e-con e-parent\" data-id=\"2612b12\" data-element_type=\"container\" data-e-type=\"container\">\n\t\t\t\t\t<div class=\"e-con-inner\">\n\t\t\n\t\t<div class=\"elementor-element elementor-element-498707ae elementor-widget elementor-widget-text-editor\" data-id=\"498707ae\" data-element_type=\"widget\" data-e-type=\"widget\" data-widget_type=\"text-editor.default\">\n\t\t\t\t<div class=\"elementor-widget-container\">\n\t\t\t\t\t\t\t\t\t<p>Obra que presenta una introducci\u00f3n exhaustiva a la inteligencia artificial como herramienta para la generaci\u00f3n y el an\u00e1lisis de datos sanitarios.<\/p><p>Presenta las aplicaciones que ofrece la Inteligencia Artificial para el dise\u00f1o y el desarrollo de f\u00e1rmacos, as\u00ed como sus aplicaciones en los campos del diagn\u00f3stico, el tratamiento y las pruebas de imagen en oncolog\u00eda. A continuaci\u00f3n, se tratan las aplicaciones de la IA en dispositivos m\u00e9dicos y cirug\u00eda, as\u00ed como en la monitorizaci\u00f3n a distancia de los pacientes.<\/p><p>Destaca diferentes t\u00e9cnicas de datos para el an\u00e1lisis de datos sanitarios, incluyendo el aprendizaje autom\u00e1tico y la mineria de datos.<\/p><p>Plantea los nuevos desaf\u00edos en el dise\u00f1o, la aplicaci\u00f3n y la gesti\u00f3n de sistemas inteligentes y de redes de datos sanitarios.<\/p><p>Incluye aplicaciones y estudios de casos en todas las \u00e1reas en las que se puede aplicar la IA a los datos sanitarios.<\/p>\t\t\t\t\t\t\t\t<\/div>\n\t\t\t\t<\/div>\n\t\t\t\t\t<\/div>\n\t\t\t\t<\/div>\n\t\t\t\t<\/div>\n\t\t","protected":false},"excerpt":{"rendered":"<p><strong>Autores:<\/strong>\u00a0Adam Bohr &amp; Kaveh Memarzadeh<br \/>\n<strong>ISBN:<\/strong>\u00a09788413820170<br \/>\n<strong>Editorial:<\/strong>\u00a0Elsevier<br \/>\n<strong>Edici\u00f3n:<\/strong>\u00a01\u00aa<br \/>\n<strong>Especialidad<\/strong>: Educaci\u00f3n M\u00e9dica<br \/>\n<strong>P\u00e1ginas<\/strong>: 384<br \/>\n\u00a9 2021<\/p>\n","protected":false},"featured_media":13740,"comment_status":"open","ping_status":"open","template":"","meta":{"_joinchat":[]},"product_cat":[160],"product_tag":[161,85],"class_list":{"0":"post-13739","1":"product","2":"type-product","3":"status-publish","4":"has-post-thumbnail","6":"product_cat-educacion-medica","7":"product_tag-educacion-medica","8":"product_tag-elsevier","10":"first","11":"outofstock","12":"featured","13":"taxable","14":"shipping-taxable","15":"purchasable","16":"product-type-simple"},"_links":{"self":[{"href":"https:\/\/edimeinter.com\/libreria\/wp-json\/wp\/v2\/product\/13739","targetHints":{"allow":["GET"]}}],"collection":[{"href":"https:\/\/edimeinter.com\/libreria\/wp-json\/wp\/v2\/product"}],"about":[{"href":"https:\/\/edimeinter.com\/libreria\/wp-json\/wp\/v2\/types\/product"}],"replies":[{"embeddable":true,"href":"https:\/\/edimeinter.com\/libreria\/wp-json\/wp\/v2\/comments?post=13739"}],"version-history":[{"count":2,"href":"https:\/\/edimeinter.com\/libreria\/wp-json\/wp\/v2\/product\/13739\/revisions"}],"predecessor-version":[{"id":16045,"href":"https:\/\/edimeinter.com\/libreria\/wp-json\/wp\/v2\/product\/13739\/revisions\/16045"}],"wp:featuredmedia":[{"embeddable":true,"href":"https:\/\/edimeinter.com\/libreria\/wp-json\/wp\/v2\/media\/13740"}],"wp:attachment":[{"href":"https:\/\/edimeinter.com\/libreria\/wp-json\/wp\/v2\/media?parent=13739"}],"wp:term":[{"taxonomy":"product_cat","embeddable":true,"href":"https:\/\/edimeinter.com\/libreria\/wp-json\/wp\/v2\/product_cat?post=13739"},{"taxonomy":"product_tag","embeddable":true,"href":"https:\/\/edimeinter.com\/libreria\/wp-json\/wp\/v2\/product_tag?post=13739"}],"curies":[{"name":"wp","href":"https:\/\/api.w.org\/{rel}","templated":true}]}}