{"id":13745,"date":"2025-02-20T22:40:25","date_gmt":"2025-02-20T22:40:25","guid":{"rendered":"https:\/\/edimeinter.com\/libreria\/?post_type=product&#038;p=13745"},"modified":"2025-03-11T18:33:22","modified_gmt":"2025-03-11T18:33:22","slug":"manual-basico-de-urgencias-en-traumatologia-1a-edicion","status":"publish","type":"product","link":"https:\/\/edimeinter.com\/libreria\/product\/manual-basico-de-urgencias-en-traumatologia-1a-edicion\/","title":{"rendered":"Manual b\u00e1sico de urgencias en traumatolog\u00eda. 1\u00aa Edici\u00f3n"},"content":{"rendered":"\t\t<div data-elementor-type=\"wp-post\" data-elementor-id=\"13745\" class=\"elementor elementor-13745\">\n\t\t\t\t<div class=\"elementor-element elementor-element-2612b12 e-flex e-con-boxed e-con e-parent\" data-id=\"2612b12\" data-element_type=\"container\" data-e-type=\"container\">\n\t\t\t\t\t<div class=\"e-con-inner\">\n\t\t\n\t\t<div class=\"elementor-element elementor-element-498707ae elementor-widget elementor-widget-text-editor\" data-id=\"498707ae\" data-element_type=\"widget\" data-e-type=\"widget\" data-widget_type=\"text-editor.default\">\n\t\t\t\t<div class=\"elementor-widget-container\">\n\t\t\t\t\t\t\t\t\t<p>Con un enfoque eminentemente pr\u00e1ctico, permite consultar r\u00e1pidamente cualquier patolog\u00eda traum\u00e1tica y obtener orientaciones diagn\u00f3sticas precisas para el tratamiento.<\/p><p>Se trata del primer manual de traumatolog\u00eda enfocado claramente a la asistencia m\u00e9dica. Los autores prescinden de informaci\u00f3n te\u00f3rica no esencial para el tratamiento y ofrecen pautas concisas para que incluso un profesional con conocimientos b\u00e1sicos en traumatolog\u00eda pueda llevar a cabo una labor asistencial de calidad.<\/p><p>El elenco de colaboradores refleja la fusi\u00f3n perfecta entre la experiencia\u00a0y la templanza de los m\u00e9dicos especialistas del servicio de traumatolog\u00eda, y el entusiasmo y la frescura de los residentes que realizan gran parte de la actividad asistencial. Cuenta, adem\u00e1s, con especialistas en el campo de la atenci\u00f3n primaria y la rehabilitaci\u00f3n.<\/p><p>La obra va dirigida a cualqueir m\u00e9dicoa que tenga contacto con la traumatolog\u00eda durante su desempe\u00f1o profesional, tanto en el servicio de urgencias como en la atenci\u00f3n primaria.<\/p><p>La obra ofrece acceso a\u00a0<a href=\"http:\/\/www.elsevier.es\/clinicalreference\">www.elsevier.es\/clinicalreference<\/a>, con 16 v\u00eddeo que ilustran diversos tipos de exploraciones, maniobras de reducci\u00f3n y los pasos generales para la colocaci\u00f3n de una f\u00e9rula.<\/p>\t\t\t\t\t\t\t\t<\/div>\n\t\t\t\t<\/div>\n\t\t\t\t\t<\/div>\n\t\t\t\t<\/div>\n\t\t\t\t<\/div>\n\t\t","protected":false},"excerpt":{"rendered":"<p><strong>Autores:<\/strong>\u00a0Mario Holgado<br \/>\n<strong>ISBN:<\/strong>\u00a09788413820194<br \/>\n<strong>Editorial:<\/strong>\u00a0Elsevier<br \/>\n<strong>Edici\u00f3n:<\/strong>\u00a01\u00aa<br \/>\n<strong>Especialidad<\/strong>: Traumatolog\u00eda y Ortopedia<br \/>\n<strong>P\u00e1ginas<\/strong>: 200<br \/>\n\u00a9 2022<\/p>\n","protected":false},"featured_media":13746,"comment_status":"open","ping_status":"open","template":"","meta":{"_joinchat":[]},"product_cat":[146],"product_tag":[85,147],"class_list":{"0":"post-13745","1":"product","2":"type-product","3":"status-publish","4":"has-post-thumbnail","6":"product_cat-traumatologia-y-ortopedia","7":"product_tag-elsevier","8":"product_tag-traumatologia-y-ortopedia","10":"first","11":"instock","12":"featured","13":"taxable","14":"shipping-taxable","15":"purchasable","16":"product-type-simple"},"_links":{"self":[{"href":"https:\/\/edimeinter.com\/libreria\/wp-json\/wp\/v2\/product\/13745","targetHints":{"allow":["GET"]}}],"collection":[{"href":"https:\/\/edimeinter.com\/libreria\/wp-json\/wp\/v2\/product"}],"about":[{"href":"https:\/\/edimeinter.com\/libreria\/wp-json\/wp\/v2\/types\/product"}],"replies":[{"embeddable":true,"href":"https:\/\/edimeinter.com\/libreria\/wp-json\/wp\/v2\/comments?post=13745"}],"version-history":[{"count":2,"href":"https:\/\/edimeinter.com\/libreria\/wp-json\/wp\/v2\/product\/13745\/revisions"}],"predecessor-version":[{"id":16047,"href":"https:\/\/edimeinter.com\/libreria\/wp-json\/wp\/v2\/product\/13745\/revisions\/16047"}],"wp:featuredmedia":[{"embeddable":true,"href":"https:\/\/edimeinter.com\/libreria\/wp-json\/wp\/v2\/media\/13746"}],"wp:attachment":[{"href":"https:\/\/edimeinter.com\/libreria\/wp-json\/wp\/v2\/media?parent=13745"}],"wp:term":[{"taxonomy":"product_cat","embeddable":true,"href":"https:\/\/edimeinter.com\/libreria\/wp-json\/wp\/v2\/product_cat?post=13745"},{"taxonomy":"product_tag","embeddable":true,"href":"https:\/\/edimeinter.com\/libreria\/wp-json\/wp\/v2\/product_tag?post=13745"}],"curies":[{"name":"wp","href":"https:\/\/api.w.org\/{rel}","templated":true}]}}