{"id":13751,"date":"2025-02-20T22:43:07","date_gmt":"2025-02-20T22:43:07","guid":{"rendered":"https:\/\/edimeinter.com\/libreria\/?post_type=product&#038;p=13751"},"modified":"2025-03-11T18:34:20","modified_gmt":"2025-03-11T18:34:20","slug":"traumatologia-y-ortopedia-miembro-superior-1a-edicion","status":"publish","type":"product","link":"https:\/\/edimeinter.com\/libreria\/product\/traumatologia-y-ortopedia-miembro-superior-1a-edicion\/","title":{"rendered":"Traumatolog\u00eda y ortopedia. Miembro superior. 1\u00aa Edici\u00f3n"},"content":{"rendered":"\t\t<div data-elementor-type=\"wp-post\" data-elementor-id=\"13751\" class=\"elementor elementor-13751\">\n\t\t\t\t\n<div class=\"elementor-element elementor-element-2612b12 e-flex e-con-boxed e-con e-parent\" data-id=\"2612b12\" data-element_type=\"container\" data-e-type=\"container\">\n\t\t\t\t\t<div class=\"e-con-inner\">\n\t\t\t\t<div class=\"elementor-element elementor-element-498707ae elementor-widget elementor-widget-text-editor\" data-id=\"498707ae\" data-element_type=\"widget\" data-e-type=\"widget\" data-widget_type=\"text-editor.default\">\n\t\t\t\t<div class=\"elementor-widget-container\">\n\t\t\t\t\t\t\t\t\t<p>Aborda el conocimiento y la patolog\u00eda del miembro superior as\u00ed como el avance en las t\u00e9cnicas quir\u00fargicas m\u00e1s avanzadas.<\/p><p>La Sociedad Espa\u00f1ola de Cirug\u00eda Ortop\u00e9dica y Traumatolog\u00eda (SECOT) promueve la publicaci\u00f3n de un tratado en cuatro vol\u00famenes que aborda todo el contenido necesario para la adecuada formaci\u00f3n y actualizaci\u00f3n de los cirujanos ortop\u00e9dicos en sus distintas etapas profesionales.<\/p><p>Traumatolog\u00eda y ortopedia. Miembro superior, el segundo de los vol\u00famenes, se compone de un total de 32 cap\u00edtulos en los que se abordan las afecciones de la extremidad superior, \u00e1rea que presenta una complejidad especial debido a las incapacidades y secuelas que pueden producir las enfermedades ocurridas en esta regi\u00f3n anat\u00f3mica, la cual posee unas caracter\u00edsticas funcionales privativas de la especie humana.<\/p><p>Participan en esta obra destacados especialistas de Cirug\u00eda ortop\u00e9dica y traumatolog\u00eda, vinculados a la SECOT, aportando as\u00ed al contenido una gran experiencia cl\u00ednica y docente que hace que esta obra se convierta en una herramienta fundamental para la formaci\u00f3n y puesta al d\u00eda de especialistas.<\/p>\t\t\t\t\t\t\t\t<\/div>\n\t\t\t\t<\/div>\n\t\t\t\t\t<\/div>\n\t\t\t\t<\/div>\n\t\t\t\t<\/div>\n\t\t","protected":false},"excerpt":{"rendered":"<p><strong>Autores:<\/strong>\u00a0Jos\u00e9 Cordero Ampuero &amp; Fernando Marco Mart\u00ednez<br \/>\n<strong>ISBN:<\/strong>\u00a09788491135012<br \/>\n<strong>Editorial:<\/strong>\u00a0Elsevier<br \/>\n<strong>Edici\u00f3n:<\/strong>\u00a01\u00aa<br \/>\n<strong>Especialidad<\/strong>: Traumatolog\u00eda y Ortopedia<br \/>\n<strong>P\u00e1ginas<\/strong>: 440<br \/>\n\u00a9 2021<\/p>\n","protected":false},"featured_media":13752,"comment_status":"open","ping_status":"open","template":"","meta":{"_joinchat":[]},"product_cat":[146],"product_tag":[85,147],"class_list":{"0":"post-13751","1":"product","2":"type-product","3":"status-publish","4":"has-post-thumbnail","6":"product_cat-traumatologia-y-ortopedia","7":"product_tag-elsevier","8":"product_tag-traumatologia-y-ortopedia","10":"first","11":"outofstock","12":"featured","13":"taxable","14":"shipping-taxable","15":"purchasable","16":"product-type-simple"},"_links":{"self":[{"href":"https:\/\/edimeinter.com\/libreria\/wp-json\/wp\/v2\/product\/13751","targetHints":{"allow":["GET"]}}],"collection":[{"href":"https:\/\/edimeinter.com\/libreria\/wp-json\/wp\/v2\/product"}],"about":[{"href":"https:\/\/edimeinter.com\/libreria\/wp-json\/wp\/v2\/types\/product"}],"replies":[{"embeddable":true,"href":"https:\/\/edimeinter.com\/libreria\/wp-json\/wp\/v2\/comments?post=13751"}],"version-history":[{"count":1,"href":"https:\/\/edimeinter.com\/libreria\/wp-json\/wp\/v2\/product\/13751\/revisions"}],"predecessor-version":[{"id":16048,"href":"https:\/\/edimeinter.com\/libreria\/wp-json\/wp\/v2\/product\/13751\/revisions\/16048"}],"wp:featuredmedia":[{"embeddable":true,"href":"https:\/\/edimeinter.com\/libreria\/wp-json\/wp\/v2\/media\/13752"}],"wp:attachment":[{"href":"https:\/\/edimeinter.com\/libreria\/wp-json\/wp\/v2\/media?parent=13751"}],"wp:term":[{"taxonomy":"product_cat","embeddable":true,"href":"https:\/\/edimeinter.com\/libreria\/wp-json\/wp\/v2\/product_cat?post=13751"},{"taxonomy":"product_tag","embeddable":true,"href":"https:\/\/edimeinter.com\/libreria\/wp-json\/wp\/v2\/product_tag?post=13751"}],"curies":[{"name":"wp","href":"https:\/\/api.w.org\/{rel}","templated":true}]}}