{"id":13757,"date":"2025-02-20T22:45:35","date_gmt":"2025-02-20T22:45:35","guid":{"rendered":"https:\/\/edimeinter.com\/libreria\/?post_type=product&#038;p=13757"},"modified":"2025-03-11T18:37:53","modified_gmt":"2025-03-11T18:37:53","slug":"complicaciones-en-cirugia-ortopedica-1a-edicion","status":"publish","type":"product","link":"https:\/\/edimeinter.com\/libreria\/product\/complicaciones-en-cirugia-ortopedica-1a-edicion\/","title":{"rendered":"Complicaciones en cirug\u00eda ortop\u00e9dica. 1\u00aa Edici\u00f3n"},"content":{"rendered":"\t\t<div data-elementor-type=\"wp-post\" data-elementor-id=\"13757\" class=\"elementor elementor-13757\">\n\t\t\t\t<div class=\"elementor-element elementor-element-2612b12 e-flex e-con-boxed e-con e-parent\" data-id=\"2612b12\" data-element_type=\"container\" data-e-type=\"container\">\n\t\t\t\t\t<div class=\"e-con-inner\">\n\t\t\n\t\t<div class=\"elementor-element elementor-element-498707ae elementor-widget elementor-widget-text-editor\" data-id=\"498707ae\" data-element_type=\"widget\" data-e-type=\"widget\" data-widget_type=\"text-editor.default\">\n\t\t\t\t<div class=\"elementor-widget-container\">\n\t\t\t\t\t\t\t\t\t<p>Resuelve las complicaciones quir\u00fargicas m\u00e1s usuales en cirug\u00eda ortop\u00e9dica.<\/p><p>Abarca una amplia variedad de t\u00e9cnicas quir\u00fargicas, como reparaci\u00f3n meniscal, reconstrucci\u00f3n del ligamento cruzado anterior, cirug\u00eda condral en ni\u00f1os y adultos, osteotom\u00edas de rodilla, cirug\u00eda del manguito de los rotadores, y artroscopia de cadera y de codo, entre otras.<\/p><p>Describe y ofrece soluciones para los errores y las complicaciones m\u00e1s frecuentes y devastadores del tratamiento quir\u00fargico en medicina deportiva, combinando el conocimiento te\u00f3rico de los traumat\u00f3logos dedicados a la docencia con las habilidades t\u00e9cnicas de los traumat\u00f3logos generales que trabajan en primera l\u00ednea.<\/p><p>Utiliza un formato sencillo, con apartados para errores preoperatorios, problemas intraoperatorios y complicaciones postoperatorias. Presenta un dise\u00f1o en color con numerosas ilustraciones, fotograf\u00edas y pruebas de imagen.<\/p><p>Incluye acceso al ebook de la obra, en ingl\u00e9s,\u00a0a trav\u00e9s d eExpertConsult. Este contenido electr\u00f3nico permite realizar b\u00fasquedas en el texto, las figuras y las referencias bibliogr\u00e1ficas del libro desde diversos dispositivos.<\/p>\t\t\t\t\t\t\t\t<\/div>\n\t\t\t\t<\/div>\n\t\t\t\t\t<\/div>\n\t\t\t\t<\/div>\n\t\t\t\t<\/div>\n\t\t","protected":false},"excerpt":{"rendered":"<p><strong>Autores:<\/strong>\u00a0Stephen R. Thompson<br \/>\n<strong>ISBN:<\/strong>\u00a09788491135487<br \/>\n<strong>Editorial:<\/strong>\u00a0Elsevier<br \/>\n<strong>Edici\u00f3n:<\/strong>\u00a01\u00aa<br \/>\n<strong>Especialidad<\/strong>: Traumatolog\u00eda y Ortopedia<br \/>\n<strong>P\u00e1ginas<\/strong>: 392<br \/>\n\u00a9 2021<\/p>\n","protected":false},"featured_media":13758,"comment_status":"open","ping_status":"open","template":"","meta":{"_joinchat":[]},"product_cat":[146],"product_tag":[85,147],"class_list":{"0":"post-13757","1":"product","2":"type-product","3":"status-publish","4":"has-post-thumbnail","6":"product_cat-traumatologia-y-ortopedia","7":"product_tag-elsevier","8":"product_tag-traumatologia-y-ortopedia","10":"first","11":"instock","12":"featured","13":"taxable","14":"shipping-taxable","15":"purchasable","16":"product-type-simple"},"_links":{"self":[{"href":"https:\/\/edimeinter.com\/libreria\/wp-json\/wp\/v2\/product\/13757","targetHints":{"allow":["GET"]}}],"collection":[{"href":"https:\/\/edimeinter.com\/libreria\/wp-json\/wp\/v2\/product"}],"about":[{"href":"https:\/\/edimeinter.com\/libreria\/wp-json\/wp\/v2\/types\/product"}],"replies":[{"embeddable":true,"href":"https:\/\/edimeinter.com\/libreria\/wp-json\/wp\/v2\/comments?post=13757"}],"version-history":[{"count":2,"href":"https:\/\/edimeinter.com\/libreria\/wp-json\/wp\/v2\/product\/13757\/revisions"}],"predecessor-version":[{"id":16050,"href":"https:\/\/edimeinter.com\/libreria\/wp-json\/wp\/v2\/product\/13757\/revisions\/16050"}],"wp:featuredmedia":[{"embeddable":true,"href":"https:\/\/edimeinter.com\/libreria\/wp-json\/wp\/v2\/media\/13758"}],"wp:attachment":[{"href":"https:\/\/edimeinter.com\/libreria\/wp-json\/wp\/v2\/media?parent=13757"}],"wp:term":[{"taxonomy":"product_cat","embeddable":true,"href":"https:\/\/edimeinter.com\/libreria\/wp-json\/wp\/v2\/product_cat?post=13757"},{"taxonomy":"product_tag","embeddable":true,"href":"https:\/\/edimeinter.com\/libreria\/wp-json\/wp\/v2\/product_tag?post=13757"}],"curies":[{"name":"wp","href":"https:\/\/api.w.org\/{rel}","templated":true}]}}