{"id":13763,"date":"2025-02-20T22:47:58","date_gmt":"2025-02-20T22:47:58","guid":{"rendered":"https:\/\/edimeinter.com\/libreria\/?post_type=product&#038;p=13763"},"modified":"2025-03-11T18:48:15","modified_gmt":"2025-03-11T18:48:15","slug":"planificacion-de-cuidados-en-enfermeria-basada-en-datos-1a-edicion","status":"publish","type":"product","link":"https:\/\/edimeinter.com\/libreria\/product\/planificacion-de-cuidados-en-enfermeria-basada-en-datos-1a-edicion\/","title":{"rendered":"Planificaci\u00f3n de cuidados en enfermer\u00eda basada en datos. 1\u00aa Edici\u00f3n"},"content":{"rendered":"\t\t<div data-elementor-type=\"wp-post\" data-elementor-id=\"13763\" class=\"elementor elementor-13763\">\n\t\t\t\t<div class=\"elementor-element elementor-element-2612b12 e-flex e-con-boxed e-con e-parent\" data-id=\"2612b12\" data-element_type=\"container\" data-e-type=\"container\">\n\t\t\t\t\t<div class=\"e-con-inner\">\n\t\t\n\t\t<div class=\"elementor-element elementor-element-498707ae elementor-widget elementor-widget-text-editor\" data-id=\"498707ae\" data-element_type=\"widget\" data-e-type=\"widget\" data-widget_type=\"text-editor.default\">\n\t\t\t\t<div class=\"elementor-widget-container\">\n\t\t\t\t\t\t\t\t\t<p>Obra basada en datos que presenta soluciones fundamentadas en la evidencia relativas a la dotaci\u00f3n de personal y al uso de datos operativos que permitan a los servicios sanitarios aplicar estrategias para mejoar la atenci\u00f3n al paciente y los resultados de la organizaciones.<\/p><p>Se detalla c\u00f3mo optimizar el uso de la inform\u00e1tica para obtener, compartir, relacionar y procesar los datos obtenidos, y as\u00ed proporcionar informaci\u00f3n en tiempo real a los responsables de la toma de decisiones a todos los niveles organizativos y formentar la colaboraci\u00f3n y el uso \u00f3ptimo de los recursos humanos y t\u00e9cnicos disponibles con el objeto de satisfacer las demandas de los servicios de salud.<\/p><p>Presenta y analiza las evidencias obtenidas de casos cl\u00ednicos reales de varios pa\u00edses. Ofrece distintas y detalladas perspectivas de la complejidad del sistema sanitario, orientadas a la mejora de la toma de decisiones. Muestra los v\u00ednculos existentes entre los datos de enfermer\u00eda y su uso para la gesti\u00f3n de unos servicios sanitarios de la m\u00e1xima eficacia.<\/p><p>Esta obra consitituye un excelente recurso para estudiantes y graduados en infor\u00b4m\u00e1tica, enfermeras, personal de gerencia de enfermer\u00eda y otros profesionales de la salud interesados en la enriquecedora aplicaci\u00f3n de la inform\u00e1tica para la mejora de los servicios de salud.<\/p>\t\t\t\t\t\t\t\t<\/div>\n\t\t\t\t<\/div>\n\t\t\t\t\t<\/div>\n\t\t\t\t<\/div>\n\t\t\t\t<\/div>\n\t\t","protected":false},"excerpt":{"rendered":"<p><strong>Autores:<\/strong>\u00a0Evelyn Hovenga &amp; Cherrie Lowe<br \/>\n<strong>ISBN:<\/strong>\u00a09788413821191<br \/>\n<strong>Editorial:<\/strong>\u00a0Elsevier<br \/>\n<strong>Edici\u00f3n:<\/strong>\u00a01\u00aa<br \/>\n<strong>Especialidad<\/strong>: Enfermer\u00eda<br \/>\n<strong>P\u00e1ginas<\/strong>: 482<br \/>\n\u00a9 2022<\/p>\n","protected":false},"featured_media":13764,"comment_status":"open","ping_status":"open","template":"","meta":{"_joinchat":[]},"product_cat":[115],"product_tag":[85,82],"class_list":{"0":"post-13763","1":"product","2":"type-product","3":"status-publish","4":"has-post-thumbnail","6":"product_cat-enfermeria","7":"product_tag-elsevier","8":"product_tag-enfermeria","10":"first","11":"instock","12":"featured","13":"taxable","14":"shipping-taxable","15":"purchasable","16":"product-type-simple"},"_links":{"self":[{"href":"https:\/\/edimeinter.com\/libreria\/wp-json\/wp\/v2\/product\/13763","targetHints":{"allow":["GET"]}}],"collection":[{"href":"https:\/\/edimeinter.com\/libreria\/wp-json\/wp\/v2\/product"}],"about":[{"href":"https:\/\/edimeinter.com\/libreria\/wp-json\/wp\/v2\/types\/product"}],"replies":[{"embeddable":true,"href":"https:\/\/edimeinter.com\/libreria\/wp-json\/wp\/v2\/comments?post=13763"}],"version-history":[{"count":2,"href":"https:\/\/edimeinter.com\/libreria\/wp-json\/wp\/v2\/product\/13763\/revisions"}],"predecessor-version":[{"id":16052,"href":"https:\/\/edimeinter.com\/libreria\/wp-json\/wp\/v2\/product\/13763\/revisions\/16052"}],"wp:featuredmedia":[{"embeddable":true,"href":"https:\/\/edimeinter.com\/libreria\/wp-json\/wp\/v2\/media\/13764"}],"wp:attachment":[{"href":"https:\/\/edimeinter.com\/libreria\/wp-json\/wp\/v2\/media?parent=13763"}],"wp:term":[{"taxonomy":"product_cat","embeddable":true,"href":"https:\/\/edimeinter.com\/libreria\/wp-json\/wp\/v2\/product_cat?post=13763"},{"taxonomy":"product_tag","embeddable":true,"href":"https:\/\/edimeinter.com\/libreria\/wp-json\/wp\/v2\/product_tag?post=13763"}],"curies":[{"name":"wp","href":"https:\/\/api.w.org\/{rel}","templated":true}]}}