{"id":13769,"date":"2025-02-20T22:51:10","date_gmt":"2025-02-20T22:51:10","guid":{"rendered":"https:\/\/edimeinter.com\/libreria\/?post_type=product&#038;p=13769"},"modified":"2025-03-11T18:49:13","modified_gmt":"2025-03-11T18:49:13","slug":"pudner-enfermeria-en-el-paciente-quirurgico-4a-edicion","status":"publish","type":"product","link":"https:\/\/edimeinter.com\/libreria\/product\/pudner-enfermeria-en-el-paciente-quirurgico-4a-edicion\/","title":{"rendered":"Pudner. Enfermer\u00eda en el paciente quir\u00fargico. 4\u00aa Edici\u00f3n"},"content":{"rendered":"\t\t<div data-elementor-type=\"wp-post\" data-elementor-id=\"13769\" class=\"elementor elementor-13769\">\n\t\t\t\t<div class=\"elementor-element elementor-element-2612b12 e-flex e-con-boxed e-con e-parent\" data-id=\"2612b12\" data-element_type=\"container\" data-e-type=\"container\">\n\t\t\t\t\t<div class=\"e-con-inner\">\n\t\t\n\t\t<div class=\"elementor-element elementor-element-498707ae elementor-widget elementor-widget-text-editor\" data-id=\"498707ae\" data-element_type=\"widget\" data-e-type=\"widget\" data-widget_type=\"text-editor.default\">\n\t\t\t\t<div class=\"elementor-widget-container\">\n\t\t\t\t\t\t\t\t\t<p>La nueva edici\u00f3n de esta pr\u00e1ctica gu\u00eda re\u00fane contenidos completamente actualizados y principios clave de los cuidados de enfermer\u00eda en los pacientes quir\u00fargicos.<\/p><p>Se divide en dos secciones: en la primera, se explican las bases de los cuidados quir\u00fargicos ; en la segunda, se abordan de forma exhaustiva todas las \u00e1reas principales de la pr\u00e1ctica quir\u00fargica y se proorciona informaci\u00f3n, tanto te\u00f3rica como pr\u00e1ctica, acerca una amplia gama de intervenciones.<\/p><p>Ofrece todo lo necesario para proporcionar los mejores cuidados desde una perspectiva centrada en el paciente, pero sin descuidar temas como la seguridad y la funcio\u00f3n de la enfermera en relaci\u00f3n con la legislaci\u00f3n actual. Su pr\u00e1ctico formato har\u00e1 de esta gu\u00eda una herramienta imprescindible, tanto para enfermeras como para otros profesionales sanitarios.<\/p><p>El contenido se ha actualizado para reflejar los \u00faltimos avances de la especialidad, desde los progresos en cirug\u00eda laparosc\u00f3pica hasta la introducci\u00f3n de nuevas cirug\u00edas ambulatorias reflejando la pr\u00e1ctica cl\u00ednica m\u00e1s reciente y respetando los principios \u00e9ticos de la atenci\u00f3n sanitaria.<\/p>\t\t\t\t\t\t\t\t<\/div>\n\t\t\t\t<\/div>\n\t\t\t\t\t<\/div>\n\t\t\t\t<\/div>\n\t\t\t\t<\/div>\n\t\t","protected":false},"excerpt":{"rendered":"<p><strong>Autores:<\/strong>\u00a0Ian Peate &amp; Jay Macleod<br \/>\n<strong>ISBN:<\/strong>\u00a09788413821344<br \/>\n<strong>Editorial:<\/strong>\u00a0Elsevier<br \/>\n<strong>Edici\u00f3n:<\/strong>\u00a04\u00aa<br \/>\n<strong>Especialidad<\/strong>: Enfermer\u00eda<br \/>\n<strong>P\u00e1ginas<\/strong>: 584<br \/>\n\u00a9 2021<\/p>\n","protected":false},"featured_media":13770,"comment_status":"open","ping_status":"open","template":"","meta":{"_joinchat":[]},"product_cat":[115],"product_tag":[85,82],"class_list":{"0":"post-13769","1":"product","2":"type-product","3":"status-publish","4":"has-post-thumbnail","6":"product_cat-enfermeria","7":"product_tag-elsevier","8":"product_tag-enfermeria","10":"first","11":"instock","12":"featured","13":"taxable","14":"shipping-taxable","15":"purchasable","16":"product-type-simple"},"_links":{"self":[{"href":"https:\/\/edimeinter.com\/libreria\/wp-json\/wp\/v2\/product\/13769","targetHints":{"allow":["GET"]}}],"collection":[{"href":"https:\/\/edimeinter.com\/libreria\/wp-json\/wp\/v2\/product"}],"about":[{"href":"https:\/\/edimeinter.com\/libreria\/wp-json\/wp\/v2\/types\/product"}],"replies":[{"embeddable":true,"href":"https:\/\/edimeinter.com\/libreria\/wp-json\/wp\/v2\/comments?post=13769"}],"version-history":[{"count":1,"href":"https:\/\/edimeinter.com\/libreria\/wp-json\/wp\/v2\/product\/13769\/revisions"}],"predecessor-version":[{"id":16053,"href":"https:\/\/edimeinter.com\/libreria\/wp-json\/wp\/v2\/product\/13769\/revisions\/16053"}],"wp:featuredmedia":[{"embeddable":true,"href":"https:\/\/edimeinter.com\/libreria\/wp-json\/wp\/v2\/media\/13770"}],"wp:attachment":[{"href":"https:\/\/edimeinter.com\/libreria\/wp-json\/wp\/v2\/media?parent=13769"}],"wp:term":[{"taxonomy":"product_cat","embeddable":true,"href":"https:\/\/edimeinter.com\/libreria\/wp-json\/wp\/v2\/product_cat?post=13769"},{"taxonomy":"product_tag","embeddable":true,"href":"https:\/\/edimeinter.com\/libreria\/wp-json\/wp\/v2\/product_tag?post=13769"}],"curies":[{"name":"wp","href":"https:\/\/api.w.org\/{rel}","templated":true}]}}