{"id":13781,"date":"2025-02-20T22:56:36","date_gmt":"2025-02-20T22:56:36","guid":{"rendered":"https:\/\/edimeinter.com\/libreria\/?post_type=product&#038;p=13781"},"modified":"2025-03-11T19:42:22","modified_gmt":"2025-03-11T19:42:22","slug":"analisis-de-datos-en-enfermeria-1a-edicion","status":"publish","type":"product","link":"https:\/\/edimeinter.com\/libreria\/product\/analisis-de-datos-en-enfermeria-1a-edicion\/","title":{"rendered":"An\u00e1lisis de datos en enfermer\u00eda. 1\u00aa Edici\u00f3n"},"content":{"rendered":"\t\t<div data-elementor-type=\"wp-post\" data-elementor-id=\"13781\" class=\"elementor elementor-13781\">\n\t\t\t\t<div class=\"elementor-element elementor-element-2612b12 e-flex e-con-boxed e-con e-parent\" data-id=\"2612b12\" data-element_type=\"container\" data-e-type=\"container\">\n\t\t\t\t\t<div class=\"e-con-inner\">\n\t\t\n\t\t<div class=\"elementor-element elementor-element-498707ae elementor-widget elementor-widget-text-editor\" data-id=\"498707ae\" data-element_type=\"widget\" data-e-type=\"widget\" data-widget_type=\"text-editor.default\">\n\t\t\t\t<div class=\"elementor-widget-container\">\n\t\t\t\t\t\t\t\t\t<p>Obra que proporciona a los pacientes de enfermer\u00eda toda la informaci\u00f3n sobre c\u00f3mo trabajar con datos a fin de evaluar y mejorar la prestaci\u00f3n de aistencia a los pacientes.<\/p><p>Incorpora toda la informaci\u00f3n sobre la evaluaci\u00f3n comparativa y los indicadores notificables, las m\u00e9tricas econ\u00f3micas, la mejora de la calidad, la investigaci\u00f3n y la ciencia de la implementaci\u00f3n, con correlaciones con la pr\u00e1ctica de la enfermer\u00eda. Tambi\u00e9n se abordan las medidas de seguridad para garantizar la integridad y la privacidad de los datos personales de los pacientes.<\/p><p>Un recurso imprescindible para los profesionales de enfermer\u00eda, pero tambi\u00e9n para otros profesionales sanitarios que requieren de unos conocimientos b\u00e1sicos sobre los principios clave del uso de datos para implementar eficazmente pr\u00e1cticas basadas en la evidencia y mejorar la calidad del servicio y la notificaci\u00f3n obligatoria de \u00edndices clave.<\/p><p>Proporciona ejemplos de la compleja relaci\u00f3n entre los datos de investigaci\u00f3n, los indicadores notificables, los reembolsos econ\u00f3micos y la mejora de la calidad, as\u00ed como de la evaluaci\u00f3n y la implementaci\u00f3n de las pr\u00e1cticas basadas en la evidencia.<\/p>\t\t\t\t\t\t\t\t<\/div>\n\t\t\t\t<\/div>\n\t\t\t\t\t<\/div>\n\t\t\t\t<\/div>\n\t\t\t\t<\/div>\n\t\t","protected":false},"excerpt":{"rendered":"<p><strong>Autores:<\/strong>\u00a0Molly McNett<br \/>\n<strong>ISBN:<\/strong>\u00a09788413820552<br \/>\n<strong>Editorial:<\/strong>\u00a0Elsevier<br \/>\n<strong>Edici\u00f3n:<\/strong>\u00a01\u00aa<br \/>\n<strong>Especialidad<\/strong>: Enfermer\u00eda<br \/>\n<strong>P\u00e1ginas<\/strong>: 126<br \/>\n\u00a9 2021<\/p>\n","protected":false},"featured_media":13782,"comment_status":"open","ping_status":"open","template":"","meta":{"_joinchat":[]},"product_cat":[115],"product_tag":[85,82],"class_list":{"0":"post-13781","1":"product","2":"type-product","3":"status-publish","4":"has-post-thumbnail","6":"product_cat-enfermeria","7":"product_tag-elsevier","8":"product_tag-enfermeria","10":"first","11":"instock","12":"featured","13":"taxable","14":"shipping-taxable","15":"purchasable","16":"product-type-simple"},"_links":{"self":[{"href":"https:\/\/edimeinter.com\/libreria\/wp-json\/wp\/v2\/product\/13781","targetHints":{"allow":["GET"]}}],"collection":[{"href":"https:\/\/edimeinter.com\/libreria\/wp-json\/wp\/v2\/product"}],"about":[{"href":"https:\/\/edimeinter.com\/libreria\/wp-json\/wp\/v2\/types\/product"}],"replies":[{"embeddable":true,"href":"https:\/\/edimeinter.com\/libreria\/wp-json\/wp\/v2\/comments?post=13781"}],"version-history":[{"count":1,"href":"https:\/\/edimeinter.com\/libreria\/wp-json\/wp\/v2\/product\/13781\/revisions"}],"predecessor-version":[{"id":16056,"href":"https:\/\/edimeinter.com\/libreria\/wp-json\/wp\/v2\/product\/13781\/revisions\/16056"}],"wp:featuredmedia":[{"embeddable":true,"href":"https:\/\/edimeinter.com\/libreria\/wp-json\/wp\/v2\/media\/13782"}],"wp:attachment":[{"href":"https:\/\/edimeinter.com\/libreria\/wp-json\/wp\/v2\/media?parent=13781"}],"wp:term":[{"taxonomy":"product_cat","embeddable":true,"href":"https:\/\/edimeinter.com\/libreria\/wp-json\/wp\/v2\/product_cat?post=13781"},{"taxonomy":"product_tag","embeddable":true,"href":"https:\/\/edimeinter.com\/libreria\/wp-json\/wp\/v2\/product_tag?post=13781"}],"curies":[{"name":"wp","href":"https:\/\/api.w.org\/{rel}","templated":true}]}}