{"id":13793,"date":"2025-02-20T23:03:52","date_gmt":"2025-02-20T23:03:52","guid":{"rendered":"https:\/\/edimeinter.com\/libreria\/?post_type=product&#038;p=13793"},"modified":"2025-03-11T19:44:14","modified_gmt":"2025-03-11T19:44:14","slug":"merenstein-y-gardner-manual-de-cuidados-intensivos-neonatales-9a-edicion","status":"publish","type":"product","link":"https:\/\/edimeinter.com\/libreria\/product\/merenstein-y-gardner-manual-de-cuidados-intensivos-neonatales-9a-edicion\/","title":{"rendered":"Merenstein y Gardner. Manual de cuidados intensivos neonatales. 9\u00aa Edici\u00f3n"},"content":{"rendered":"\t\t<div data-elementor-type=\"wp-post\" data-elementor-id=\"13793\" class=\"elementor elementor-13793\">\n\t\t\t\t<div class=\"elementor-element elementor-element-2612b12 e-flex e-con-boxed e-con e-parent\" data-id=\"2612b12\" data-element_type=\"container\" data-e-type=\"container\">\n\t\t\t\t\t<div class=\"e-con-inner\">\n\t\t\n\t\t<div class=\"elementor-element elementor-element-498707ae elementor-widget elementor-widget-text-editor\" data-id=\"498707ae\" data-element_type=\"widget\" data-e-type=\"widget\" data-widget_type=\"text-editor.default\">\n\t\t\t\t<div class=\"elementor-widget-container\">\n\t\t\t\t\t\t\t\t\t<p>Manual con un enfoque \u00fanico, basado en la colaboraci\u00f3n interprofesional, de los cuidados intensivos neonatales, lo cual lo convierte en el recurso ideal tanto para enfermeras neonatales como para neon\u00e1tologos.<\/p><p>Obra con contenido exhaustivo y meticulosamente actualizado, en el que los profesionales de las unidades de cuidados intensivos neonatales pueden encontrar una gu\u00eda fiable que recoge la m\u00e1s reciente informaci\u00f3n basada en la evidencia, gu\u00edas cl\u00ednicas y recomendaciones pr\u00e1cticas enun formato manejable y de f\u00e1cil consulta.<\/p><p>Los autores incorporan un amplio contenido sobre los cuidados en la sala de partos, desarrollan los nuevos paquetes de medidas basados en la evidencia, incluyen informaci\u00f3n sobre nuevas herramientas cl\u00ednicas para la valoraci\u00f3n del dolor, una cobertura am\u00f1iada de los cuidados paliativos en la unidad de cuidados intensivos neonatales e informaci\u00f3n sobre c\u00f3mo atender a padres con depresi\u00f3n, entre otros aspectos.<\/p><p>La presente obra est\u00e1 dise\u00f1ada para ofrecer una combinaci\u00f3n de fisiolog\u00eda y fisiopatolog\u00eda, con especial \u00e9nfasis sobre su aplicaci\u00f3n cl\u00ednica, a enfermeras de cuidados intensivos neonatales, estudiantes de enfermer\u00eda, estudiantes de medicina, y cl\u00ednicos y personal de consultas pedi\u00e1tricas, quir\u00fargicas y de atenci\u00f3n primaria. El contenido es lo suficiente\u00a0exhaustivo para enfermeras y m\u00e9dicos, pero lo bastante accesibe para el personal sanitario auxiliar.<\/p>\t\t\t\t\t\t\t\t<\/div>\n\t\t\t\t<\/div>\n\t\t\t\t\t<\/div>\n\t\t\t\t<\/div>\n\t\t\t\t<\/div>\n\t\t","protected":false},"excerpt":{"rendered":"<p><strong>Autores:<\/strong>\u00a0Sandra Lee Gardner &amp; Brian S. Carter &amp; Mary I Enzman-Hines &amp; Susan Niermeyer<br \/>\n<strong>ISBN:<\/strong>\u00a09788413820057<br \/>\n<strong>Editorial:<\/strong>\u00a0Elsevier<br \/>\n<strong>Edici\u00f3n:<\/strong>\u00a09\u00aa<br \/>\n<strong>Especialidad<\/strong>: Pediatr\u00eda<br \/>\n<strong>P\u00e1ginas<\/strong>: 1264<br \/>\n\u00a9 2021<\/p>\n","protected":false},"featured_media":13794,"comment_status":"open","ping_status":"open","template":"","meta":{"_joinchat":[]},"product_cat":[130],"product_tag":[85,131],"class_list":{"0":"post-13793","1":"product","2":"type-product","3":"status-publish","4":"has-post-thumbnail","6":"product_cat-pediatria-y-neonatologia","7":"product_tag-elsevier","8":"product_tag-pediatria-y-neonatologia","10":"first","11":"outofstock","12":"featured","13":"taxable","14":"shipping-taxable","15":"purchasable","16":"product-type-simple"},"_links":{"self":[{"href":"https:\/\/edimeinter.com\/libreria\/wp-json\/wp\/v2\/product\/13793","targetHints":{"allow":["GET"]}}],"collection":[{"href":"https:\/\/edimeinter.com\/libreria\/wp-json\/wp\/v2\/product"}],"about":[{"href":"https:\/\/edimeinter.com\/libreria\/wp-json\/wp\/v2\/types\/product"}],"replies":[{"embeddable":true,"href":"https:\/\/edimeinter.com\/libreria\/wp-json\/wp\/v2\/comments?post=13793"}],"version-history":[{"count":1,"href":"https:\/\/edimeinter.com\/libreria\/wp-json\/wp\/v2\/product\/13793\/revisions"}],"predecessor-version":[{"id":16058,"href":"https:\/\/edimeinter.com\/libreria\/wp-json\/wp\/v2\/product\/13793\/revisions\/16058"}],"wp:featuredmedia":[{"embeddable":true,"href":"https:\/\/edimeinter.com\/libreria\/wp-json\/wp\/v2\/media\/13794"}],"wp:attachment":[{"href":"https:\/\/edimeinter.com\/libreria\/wp-json\/wp\/v2\/media?parent=13793"}],"wp:term":[{"taxonomy":"product_cat","embeddable":true,"href":"https:\/\/edimeinter.com\/libreria\/wp-json\/wp\/v2\/product_cat?post=13793"},{"taxonomy":"product_tag","embeddable":true,"href":"https:\/\/edimeinter.com\/libreria\/wp-json\/wp\/v2\/product_tag?post=13793"}],"curies":[{"name":"wp","href":"https:\/\/api.w.org\/{rel}","templated":true}]}}