{"id":13820,"date":"2025-02-20T23:18:07","date_gmt":"2025-02-20T23:18:07","guid":{"rendered":"https:\/\/edimeinter.com\/libreria\/?post_type=product&#038;p=13820"},"modified":"2025-04-04T22:12:58","modified_gmt":"2025-04-04T22:12:58","slug":"gray-atlas-de-anatomia-3a-edicion","status":"publish","type":"product","link":"https:\/\/edimeinter.com\/libreria\/product\/gray-atlas-de-anatomia-3a-edicion\/","title":{"rendered":"Gray. Atlas de Anatom\u00eda. 3\u00aa Edici\u00f3n"},"content":{"rendered":"\t\t<div data-elementor-type=\"wp-post\" data-elementor-id=\"13820\" class=\"elementor elementor-13820\">\n\t\t\t\t<div class=\"elementor-element elementor-element-2612b12 e-flex e-con-boxed e-con e-parent\" data-id=\"2612b12\" data-element_type=\"container\" data-e-type=\"container\">\n\t\t\t\t\t<div class=\"e-con-inner\">\n\t\t\n\t\t<div class=\"elementor-element elementor-element-498707ae elementor-widget elementor-widget-text-editor\" data-id=\"498707ae\" data-element_type=\"widget\" data-e-type=\"widget\" data-widget_type=\"text-editor.default\">\n\t\t\t\t<div class=\"elementor-widget-container\">\n\t\t\t\t\t\t\t\t\t<p>La obra se presenta como una novedad en nuestro cat\u00e1logo que se posiciona como el compa\u00f1ero perfecto para el texto de referencia del mismo autor, Gray Anatom\u00eda para estudiantes de medicina 4\u00aa ed, constituyendo un recurso ideal para el estudiante, magn\u00edficamente ilustrado y con un claro enfoque cl\u00ednico.<\/p><p>La obra presenta el m\u00edsmo \u00edndice que el texto de referencia y por lo general se sigue la secuencia: anatom\u00eda de superficie, estructuras \u00f3seas, estructuras musculares, vascularizaci\u00f3n e innervaci\u00f3n. Al final de cada cap\u00edtulo se presentan tablas y dibujos esquem\u00e1ticos para facilitar el reapaso r\u00e1pido de los temas que presentan mayor complejidad.<\/p><p>El Atlas se convierte en un agu\u00eda visual con caso 1.000 figuras anat\u00f3micas, entre las que se encuentran modernos dibujos esquem\u00e1ticos e im\u00e1genes de diagn\u00f3stico (ultrasonido, TC, RMI, endoscopia\u2026). Es \u00fanico en su g\u00e9nero por integrar ilustraciones de moderno dise\u00f1o, im\u00e1genes de anatom\u00eda de superficie e im\u00e1genes de diagn\u00f3stico.<\/p><p>La obra ofrece acceso a SC.com en el que se incluye la totalidad del e-book, as\u00ed como una colecci\u00f3n de 53 v\u00eddeos de procesos de disecci\u00f3n.<\/p>\t\t\t\t\t\t\t\t<\/div>\n\t\t\t\t<\/div>\n\t\t\t\t\t<\/div>\n\t\t\t\t<\/div>\n\t\t\t\t<\/div>\n\t\t","protected":false},"excerpt":{"rendered":"<p><strong>Autores:<\/strong>\u00a0Richard L. Drake &amp; A. Wayne Vogl &amp; Adam M.W. Mitchell<br \/>\n<strong>ISBN:<\/strong>\u00a09788491139607<br \/>\n<strong>Editorial:<\/strong>\u00a0Elsevier<br \/>\n<strong>Edici\u00f3n:<\/strong>\u00a03\u00aa<br \/>\n<strong>Especialidad<\/strong>:\u00a0Anatom\u00eda<br \/>\n<strong>P\u00e1ginas<\/strong>: 648<br \/>\n\u00a9 2021<\/p>\n","protected":false},"featured_media":13821,"comment_status":"open","ping_status":"closed","template":"","meta":{"_joinchat":[]},"product_cat":[100],"product_tag":[101,85],"class_list":{"0":"post-13820","1":"product","2":"type-product","3":"status-publish","4":"has-post-thumbnail","6":"product_cat-anatomia","7":"product_tag-anatomia","8":"product_tag-elsevier","10":"first","11":"outofstock","12":"featured","13":"taxable","14":"shipping-taxable","15":"purchasable","16":"product-type-simple"},"_links":{"self":[{"href":"https:\/\/edimeinter.com\/libreria\/wp-json\/wp\/v2\/product\/13820","targetHints":{"allow":["GET"]}}],"collection":[{"href":"https:\/\/edimeinter.com\/libreria\/wp-json\/wp\/v2\/product"}],"about":[{"href":"https:\/\/edimeinter.com\/libreria\/wp-json\/wp\/v2\/types\/product"}],"replies":[{"embeddable":true,"href":"https:\/\/edimeinter.com\/libreria\/wp-json\/wp\/v2\/comments?post=13820"}],"version-history":[{"count":1,"href":"https:\/\/edimeinter.com\/libreria\/wp-json\/wp\/v2\/product\/13820\/revisions"}],"predecessor-version":[{"id":16063,"href":"https:\/\/edimeinter.com\/libreria\/wp-json\/wp\/v2\/product\/13820\/revisions\/16063"}],"wp:featuredmedia":[{"embeddable":true,"href":"https:\/\/edimeinter.com\/libreria\/wp-json\/wp\/v2\/media\/13821"}],"wp:attachment":[{"href":"https:\/\/edimeinter.com\/libreria\/wp-json\/wp\/v2\/media?parent=13820"}],"wp:term":[{"taxonomy":"product_cat","embeddable":true,"href":"https:\/\/edimeinter.com\/libreria\/wp-json\/wp\/v2\/product_cat?post=13820"},{"taxonomy":"product_tag","embeddable":true,"href":"https:\/\/edimeinter.com\/libreria\/wp-json\/wp\/v2\/product_tag?post=13820"}],"curies":[{"name":"wp","href":"https:\/\/api.w.org\/{rel}","templated":true}]}}