{"id":13834,"date":"2025-02-20T23:23:08","date_gmt":"2025-02-20T23:23:08","guid":{"rendered":"https:\/\/edimeinter.com\/libreria\/?post_type=product&#038;p=13834"},"modified":"2025-03-11T19:56:09","modified_gmt":"2025-03-11T19:56:09","slug":"compendio-de-medicina-interna-1a-edicion","status":"publish","type":"product","link":"https:\/\/edimeinter.com\/libreria\/product\/compendio-de-medicina-interna-1a-edicion\/","title":{"rendered":"Fisiopatolog\u00eda de la COVID-19 en diferentes \u00f3rganos y sistemas. 1\u00aa Edici\u00f3n"},"content":{"rendered":"\t\t<div data-elementor-type=\"wp-post\" data-elementor-id=\"13834\" class=\"elementor elementor-13834\">\n\t\t\t\t<div class=\"elementor-element elementor-element-2612b12 e-flex e-con-boxed e-con e-parent\" data-id=\"2612b12\" data-element_type=\"container\" data-e-type=\"container\">\n\t\t\t\t\t<div class=\"e-con-inner\">\n\t\t\n\t\t<div class=\"elementor-element elementor-element-498707ae elementor-widget elementor-widget-text-editor\" data-id=\"498707ae\" data-element_type=\"widget\" data-e-type=\"widget\" data-widget_type=\"text-editor.default\">\n\t\t\t\t<div class=\"elementor-widget-container\">\n\t\t\t\t\t\t\t\t\t<p>Esta obra muestra en un solo volumen, de forma pr\u00e1ctica y sencilla, c\u00f3mo la infecci\u00f3n por el SARS-CoV-2 afecta a numerosos \u00f3rganos y sistemas, pudiendo dar lugar a una enfermedad grave, en muchos casos de naturaleza sist\u00e9mica.<\/p><p>La obra est\u00e1 esctructurada en trece cap\u00edtulos. Inicialmente se describen los mecanismos infectivos del virus y la respuesta inmune a la infecci\u00f3n por el SARS-CoV-2. Aborda la fisiopatolog\u00eda del virus en los sistemas respiratorio, cardiovascular, gastrointestinal, real, nervioso, cut\u00e1neo y muscular.<\/p><p>Posteriormente se detallan los mecanismos fisiopatol\u00f3gicos mediante los cuales se desarrolla el da\u00f1o en el \u00f3rgano diana, tambi\u00e9n en el paciente cr\u00edtico. Los \u00faltimos cap\u00edtulos abordan el seguimiento y la rehabilitaci\u00f3n de los pacientes que han superado la enfermedad.<\/p><p>Especialmente dirigida a los distintos profesionales sanitarios (m\u00e9dicos, enfermeras y fisioterapeutas, entre otros), tambi\u00e9n ser\u00e1 un recurso de enorme inter\u00e9s para estudiantes de grados y posgrados sanitarios y de Ciencias de la Salud, as\u00ed como para cient\u00edficos que trabajen en \u00e1mbitos relacionados.<\/p>\t\t\t\t\t\t\t\t<\/div>\n\t\t\t\t<\/div>\n\t\t\t\t\t<\/div>\n\t\t\t\t<\/div>\n\t\t\t\t<\/div>\n\t\t","protected":false},"excerpt":{"rendered":"<p><strong>Autores:<\/strong>\u00a0Esther Barreiro Portela<br \/>\n<strong>ISBN:<\/strong>\u00a09788413821603<br \/>\n<strong>Editorial:<\/strong>\u00a0Elsevier<br \/>\n<strong>Edici\u00f3n:<\/strong>\u00a01\u00aa<br \/>\n<strong>Especialidad<\/strong>: Medicina Interna<br \/>\n<strong>P\u00e1ginas<\/strong>: 202<br \/>\n\u00a9 2022<\/p>\n","protected":false},"featured_media":13835,"comment_status":"open","ping_status":"open","template":"","meta":{"_joinchat":[]},"product_cat":[150],"product_tag":[85,151],"class_list":{"0":"post-13834","1":"product","2":"type-product","3":"status-publish","4":"has-post-thumbnail","6":"product_cat-medicina-interna","7":"product_tag-elsevier","8":"product_tag-medicina-interna","10":"first","11":"instock","12":"featured","13":"taxable","14":"shipping-taxable","15":"purchasable","16":"product-type-simple"},"_links":{"self":[{"href":"https:\/\/edimeinter.com\/libreria\/wp-json\/wp\/v2\/product\/13834","targetHints":{"allow":["GET"]}}],"collection":[{"href":"https:\/\/edimeinter.com\/libreria\/wp-json\/wp\/v2\/product"}],"about":[{"href":"https:\/\/edimeinter.com\/libreria\/wp-json\/wp\/v2\/types\/product"}],"replies":[{"embeddable":true,"href":"https:\/\/edimeinter.com\/libreria\/wp-json\/wp\/v2\/comments?post=13834"}],"version-history":[{"count":2,"href":"https:\/\/edimeinter.com\/libreria\/wp-json\/wp\/v2\/product\/13834\/revisions"}],"predecessor-version":[{"id":16066,"href":"https:\/\/edimeinter.com\/libreria\/wp-json\/wp\/v2\/product\/13834\/revisions\/16066"}],"wp:featuredmedia":[{"embeddable":true,"href":"https:\/\/edimeinter.com\/libreria\/wp-json\/wp\/v2\/media\/13835"}],"wp:attachment":[{"href":"https:\/\/edimeinter.com\/libreria\/wp-json\/wp\/v2\/media?parent=13834"}],"wp:term":[{"taxonomy":"product_cat","embeddable":true,"href":"https:\/\/edimeinter.com\/libreria\/wp-json\/wp\/v2\/product_cat?post=13834"},{"taxonomy":"product_tag","embeddable":true,"href":"https:\/\/edimeinter.com\/libreria\/wp-json\/wp\/v2\/product_tag?post=13834"}],"curies":[{"name":"wp","href":"https:\/\/api.w.org\/{rel}","templated":true}]}}