{"id":13853,"date":"2025-02-20T23:30:29","date_gmt":"2025-02-20T23:30:29","guid":{"rendered":"https:\/\/edimeinter.com\/libreria\/?post_type=product&#038;p=13853"},"modified":"2025-03-11T20:07:50","modified_gmt":"2025-03-11T20:07:50","slug":"compendio-de-medicina-interna-7a-edicion","status":"publish","type":"product","link":"https:\/\/edimeinter.com\/libreria\/product\/compendio-de-medicina-interna-7a-edicion\/","title":{"rendered":"Compendio de Medicina Interna. 7\u00aa Edici\u00f3n"},"content":{"rendered":"\t\t<div data-elementor-type=\"wp-post\" data-elementor-id=\"13853\" class=\"elementor elementor-13853\">\n\t\t\t\t<div class=\"elementor-element elementor-element-2612b12 e-flex e-con-boxed e-con e-parent\" data-id=\"2612b12\" data-element_type=\"container\" data-e-type=\"container\">\n\t\t\t\t\t<div class=\"e-con-inner\">\n\t\t\n\t\t<div class=\"elementor-element elementor-element-498707ae elementor-widget elementor-widget-text-editor\" data-id=\"498707ae\" data-element_type=\"widget\" data-e-type=\"widget\" data-widget_type=\"text-editor.default\">\n\t\t\t\t<div class=\"elementor-widget-container\">\n\t\t\t\t\t\t\t\t\t<p>Concebido omo una herramienta de soporte para la pr\u00e1ctica cl\u00ednica diaria, Compendio de Medicina Interna, 7\u00aa ed. presenta en un maejable formato de bolsillo un resumen actualizado de los dos v\u00f3lumenes del tratado Farreras.Roman. Medicina Interna, 19\u00aa ed.<\/p><p>Incopora nuevos contenidos como \u00abSeguridad del paciente y de la pr\u00e1ctica m\u00e9dica\u00bb, \u00abPsiquiatr\u00eda general\u00bb, \u00abTrastornos de la glucosilaci\u00f3n de las prote\u00ednas\u00bb, \u00abInfecci\u00f3n por SARS-CoV-2\u00bb e \u00abIntoxicaciones por armas qu\u00edmicas\u00bb.<\/p><p>Incluye las pr\u00e1cticas \u00abTablas de referencia y valores normales de las pruebas de laboratorio m\u00e1s habituales\u00bb. Cuenta con un exhaustivo \u00edndice alfab\u00e9tico elaborado a partir de una minuciosa y razonada elecci\u00f3n.<\/p><p>La obra conjuga el enfoque cl\u00ednico con un gran rigo acad\u00e9mico y did\u00e1ctico, por lo que resultar\u00e1 de inter\u00e9s tanto para los m\u00e9dicos residentes como para los m\u00e9dicos especialistas, as\u00ed como para otros muchos profesionales o estudiantes del \u00e1mbito de las Ciencias de la Salud implicados en la atenci\u00f3n al paciente.<\/p>\t\t\t\t\t\t\t\t<\/div>\n\t\t\t\t<\/div>\n\t\t\t\t\t<\/div>\n\t\t\t\t<\/div>\n\t\t\t\t<\/div>\n\t\t","protected":false},"excerpt":{"rendered":"<p><strong>Autores:<\/strong>\u00a0Ciril Rozman Borstnar &amp; Francesc Cardellach L\u00f3pez<br \/>\n<strong>ISBN:<\/strong>\u00a09788491139133<br \/>\n<strong>Editorial:<\/strong>\u00a0Elsevier<br \/>\n<strong>Edici\u00f3n:<\/strong>\u00a07\u00aa<br \/>\n<strong>Especialidad<\/strong>: Medicina Interna<br \/>\n<strong>P\u00e1ginas<\/strong>: 862<br \/>\n\u00a9 2021<\/p>\n","protected":false},"featured_media":13854,"comment_status":"open","ping_status":"open","template":"","meta":{"_joinchat":[]},"product_cat":[150],"product_tag":[85,151],"class_list":{"0":"post-13853","1":"product","2":"type-product","3":"status-publish","4":"has-post-thumbnail","6":"product_cat-medicina-interna","7":"product_tag-elsevier","8":"product_tag-medicina-interna","10":"first","11":"instock","12":"featured","13":"taxable","14":"shipping-taxable","15":"purchasable","16":"product-type-simple"},"_links":{"self":[{"href":"https:\/\/edimeinter.com\/libreria\/wp-json\/wp\/v2\/product\/13853","targetHints":{"allow":["GET"]}}],"collection":[{"href":"https:\/\/edimeinter.com\/libreria\/wp-json\/wp\/v2\/product"}],"about":[{"href":"https:\/\/edimeinter.com\/libreria\/wp-json\/wp\/v2\/types\/product"}],"replies":[{"embeddable":true,"href":"https:\/\/edimeinter.com\/libreria\/wp-json\/wp\/v2\/comments?post=13853"}],"version-history":[{"count":1,"href":"https:\/\/edimeinter.com\/libreria\/wp-json\/wp\/v2\/product\/13853\/revisions"}],"predecessor-version":[{"id":16069,"href":"https:\/\/edimeinter.com\/libreria\/wp-json\/wp\/v2\/product\/13853\/revisions\/16069"}],"wp:featuredmedia":[{"embeddable":true,"href":"https:\/\/edimeinter.com\/libreria\/wp-json\/wp\/v2\/media\/13854"}],"wp:attachment":[{"href":"https:\/\/edimeinter.com\/libreria\/wp-json\/wp\/v2\/media?parent=13853"}],"wp:term":[{"taxonomy":"product_cat","embeddable":true,"href":"https:\/\/edimeinter.com\/libreria\/wp-json\/wp\/v2\/product_cat?post=13853"},{"taxonomy":"product_tag","embeddable":true,"href":"https:\/\/edimeinter.com\/libreria\/wp-json\/wp\/v2\/product_tag?post=13853"}],"curies":[{"name":"wp","href":"https:\/\/api.w.org\/{rel}","templated":true}]}}