{"id":13885,"date":"2025-02-21T18:01:50","date_gmt":"2025-02-21T18:01:50","guid":{"rendered":"https:\/\/edimeinter.com\/libreria\/?post_type=product&#038;p=13885"},"modified":"2025-03-11T20:11:25","modified_gmt":"2025-03-11T20:11:25","slug":"netter-flashcards-de-histologia-2a-edicion","status":"publish","type":"product","link":"https:\/\/edimeinter.com\/libreria\/product\/netter-flashcards-de-histologia-2a-edicion\/","title":{"rendered":"Netter. Flashcards de histolog\u00eda. 2\u00aa Edici\u00f3n"},"content":{"rendered":"\t\t<div data-elementor-type=\"wp-post\" data-elementor-id=\"13885\" class=\"elementor elementor-13885\">\n\t\t\t\t<div class=\"elementor-element elementor-element-2612b12 e-flex e-con-boxed e-con e-parent\" data-id=\"2612b12\" data-element_type=\"container\" data-e-type=\"container\">\n\t\t\t\t\t<div class=\"e-con-inner\">\n\t\t\n\t\t<div class=\"elementor-element elementor-element-498707ae elementor-widget elementor-widget-text-editor\" data-id=\"498707ae\" data-element_type=\"widget\" data-e-type=\"widget\" data-widget_type=\"text-editor.default\">\n\t\t\t\t<div class=\"elementor-widget-container\">\n\t\t\t\t\t\t\t\t\t<p>La obra se presenta como el \u00abcompendio\u00bb de OValle, Netter. Histolog\u00eda esencial 3\u00aa ed. y se posiciona como una importante herramienta de aprendizaje gracias al formato flashcards.<\/p><p>Se organiza en un total de 200 fichas de uso f\u00e1cil y atractivo que facilitan la comprensi\u00f3n de las estructuras y tejidos m\u00e1s importantes y refuerzan el conocimiento de c\u00f3mo funciona el cuerpo humano en condiciones tanto de normalidad como patol\u00f3gicas. Sigue el mismo \u00edndice que el libro de referencia.<\/p><p>El anverso de cada flashcard combina im\u00e1genes anatomopatol\u00f3gicas macrosc\u00f3picas o ilustraciones de la obra de Netter con im\u00e1genes microsc\u00f3picas convenientemente numeradas para que el estudiante identifique la estructura. En el reverso de las flashcards se presentan las respuestas, un breve texto explicativo y un apunte cl\u00ednico de inter\u00e9s para cada tema que lo relaciona con las distintas enfermedades del ser humano. Para obtener m\u00e1s informaci\u00f3n acerca de los temas tratados, cada ficha incluye referencias cruzadas al libro de referencia Netter. Histolog\u00eda esencial, 3\u00aa ed.<\/p><p>Incluye informaci\u00f3n sobre anatom\u00eda macrosc\u00f3pica e histopatolog\u00eda, adapt\u00e1ndose as\u00ed a los curr\u00edculos de ense\u00f1anza integrada y con alto grado de correlaci\u00f3n cl\u00ednica actuales. Los principios m\u00e1s b\u00e1sicos, las correlaciones cl\u00ednicas y el contenido sobre histopatolog\u00eda facilitan la preparaci\u00f3n de los actuales modelos de ex\u00e1menes.<\/p><p>La obra incluye acceso a StudentConsult.com en el que se ofrece la totalidad del contenido (en ingl\u00e9s).<\/p>\t\t\t\t\t\t\t\t<\/div>\n\t\t\t\t<\/div>\n\t\t\t\t\t<\/div>\n\t\t\t\t<\/div>\n\t\t\t\t<\/div>\n\t\t","protected":false},"excerpt":{"rendered":"<p><strong>Autores:<\/strong>\u00a0William K. Ovalle &amp; Patrick C. Nahirney<br \/>\n<strong>ISBN:<\/strong>\u00a09788491139560<br \/>\n<strong>Editorial:<\/strong>\u00a0Elsevier<br \/>\n<strong>Edici\u00f3n:<\/strong>\u00a02\u00aa<br \/>\n<strong>Especialidad<\/strong>: Histolog\u00eda<br \/>\n<strong>P\u00e1ginas<\/strong>: 526<br \/>\n\u00a9 2021<\/p>\n","protected":false},"featured_media":13886,"comment_status":"open","ping_status":"open","template":"","meta":{"_joinchat":[]},"product_cat":[154],"product_tag":[85,155],"class_list":{"0":"post-13885","1":"product","2":"type-product","3":"status-publish","4":"has-post-thumbnail","6":"product_cat-histologia","7":"product_tag-elsevier","8":"product_tag-histologia","10":"first","11":"instock","12":"featured","13":"taxable","14":"shipping-taxable","15":"purchasable","16":"product-type-simple"},"_links":{"self":[{"href":"https:\/\/edimeinter.com\/libreria\/wp-json\/wp\/v2\/product\/13885","targetHints":{"allow":["GET"]}}],"collection":[{"href":"https:\/\/edimeinter.com\/libreria\/wp-json\/wp\/v2\/product"}],"about":[{"href":"https:\/\/edimeinter.com\/libreria\/wp-json\/wp\/v2\/types\/product"}],"replies":[{"embeddable":true,"href":"https:\/\/edimeinter.com\/libreria\/wp-json\/wp\/v2\/comments?post=13885"}],"version-history":[{"count":2,"href":"https:\/\/edimeinter.com\/libreria\/wp-json\/wp\/v2\/product\/13885\/revisions"}],"predecessor-version":[{"id":16072,"href":"https:\/\/edimeinter.com\/libreria\/wp-json\/wp\/v2\/product\/13885\/revisions\/16072"}],"wp:featuredmedia":[{"embeddable":true,"href":"https:\/\/edimeinter.com\/libreria\/wp-json\/wp\/v2\/media\/13886"}],"wp:attachment":[{"href":"https:\/\/edimeinter.com\/libreria\/wp-json\/wp\/v2\/media?parent=13885"}],"wp:term":[{"taxonomy":"product_cat","embeddable":true,"href":"https:\/\/edimeinter.com\/libreria\/wp-json\/wp\/v2\/product_cat?post=13885"},{"taxonomy":"product_tag","embeddable":true,"href":"https:\/\/edimeinter.com\/libreria\/wp-json\/wp\/v2\/product_tag?post=13885"}],"curies":[{"name":"wp","href":"https:\/\/api.w.org\/{rel}","templated":true}]}}