{"id":13892,"date":"2025-02-21T18:14:51","date_gmt":"2025-02-21T18:14:51","guid":{"rendered":"https:\/\/edimeinter.com\/libreria\/?post_type=product&#038;p=13892"},"modified":"2025-10-10T13:46:35","modified_gmt":"2025-10-10T13:46:35","slug":"manual-clinico-del-perro-y-el-gato-3a-edicion","status":"publish","type":"product","link":"https:\/\/edimeinter.com\/libreria\/product\/manual-clinico-del-perro-y-el-gato-3a-edicion\/","title":{"rendered":"Manual cl\u00ednico del perro y el gato. 3\u00aa Edici\u00f3n"},"content":{"rendered":"\t\t<div data-elementor-type=\"wp-post\" data-elementor-id=\"13892\" class=\"elementor elementor-13892\">\n\t\t\t\t<div class=\"elementor-element elementor-element-2612b12 e-flex e-con-boxed e-con e-parent\" data-id=\"2612b12\" data-element_type=\"container\" data-e-type=\"container\">\n\t\t\t\t\t<div class=\"e-con-inner\">\n\t\t\n\t\t<div class=\"elementor-element elementor-element-498707ae elementor-widget elementor-widget-text-editor\" data-id=\"498707ae\" data-element_type=\"widget\" data-e-type=\"widget\" data-widget_type=\"text-editor.default\">\n\t\t\t\t<div class=\"elementor-widget-container\">\n\t\t\t\t\t\t\t\t\t<p align=\"left\">Manuales cl\u00ednicos de Veterinaria es una novedosa colecci\u00f3n de gu\u00edas pr\u00e1cticas que ofrecen a\u00a0cl\u00ednicos y estudiantes informaci\u00f3n concisa y clara acerca de las diferentes especialidades\u00a0veterinarias, con especial \u00e9nfasis en la toma de decisiones en el d\u00eda a d\u00eda de la pr\u00e1ctica cl\u00ednica.<\/p><p align=\"left\">.Este pr\u00e1ctico \u00ablibro de bata\u00bb se distingue por su formato conciso, con numerosos\u00a0esquemas y tablas en los que se compendia la informaci\u00f3n esencial sobre el diagn\u00f3stico y\u00a0tratamiento de las enfermedades m\u00e1s habituales del perro y el gato.<\/p><p align=\"left\">Amplio abordaje que incluye temas generales (exploraci\u00f3n, fluidoterapia, nutrici\u00f3n, etc.),\u00a0cap\u00edtulos dedicados a sistemas org\u00e1nicos (sistema digestivo, cardiovascular, respiratorio,\u00a0etc.) y temas espec\u00edficos como diagn\u00f3stico por imagen, anestesia, urgencias y\u00a0farmacolog\u00eda. Nuevo formato enteramente en color con un nuevo cap\u00edtulo sobre\u00a0alteraciones del comportamiento as\u00ed como diagn\u00f3sticos y tratamientos actualizados.<\/p><p align=\"left\">La tercera edici\u00f3n del exitoso Manual cl\u00ednico del perro y el gato, exhaustivamente revisada\u00a0y actualizada, mantiene su objetivo de proporcionar un acceso f\u00e1cil y r\u00e1pido a ineormaci\u00f3n\u00a0\u00fatil en las situaciones m\u00e1s frecuentes de la cl\u00ednica veterinaria.<\/p><p align=\"left\">Esta obra est\u00e1 dirigida a estudiantes de los \u00faltimos cursos del grado en Veterinaria, as\u00ed\u00a0como a veterinarios y veterinarias que inicien su actividad en la cl\u00ednica de peque\u00f1os\u00a0animales.<\/p>\t\t\t\t\t\t\t\t<\/div>\n\t\t\t\t<\/div>\n\t\t\t\t\t<\/div>\n\t\t\t\t<\/div>\n\t\t\t\t<\/div>\n\t\t","protected":false},"excerpt":{"rendered":"<p><strong>Autores:<\/strong>\u00a0Juan Morgaz Rodr\u00edguez &amp; Pilar Mu\u00f1oz Rasc\u00f3n &amp; Pilar Mu\u00f1oz Rasc\u00f3n &amp; Juan Morgaz Rodr\u00edguez &amp; Alba Gal\u00e1n Rodr\u00edguez &amp; Alba Gal\u00e1n Rodr\u00edguez<br \/>\n<strong>ISBN:<\/strong>\u00a09788491138389<br \/>\n<strong>Editorial:<\/strong>\u00a0Elsevier<br \/>\n<strong>Edici\u00f3n:<\/strong>\u00a03\u00aa<br \/>\n<strong>Especialidad<\/strong>: Veterinaria<br \/>\n<strong>P\u00e1ginas<\/strong>: 480<br \/>\n\u00a9 2021<\/p>\n","protected":false},"featured_media":13893,"comment_status":"open","ping_status":"closed","template":"","meta":{"_joinchat":[]},"product_cat":[162],"product_tag":[85,163],"class_list":{"0":"post-13892","1":"product","2":"type-product","3":"status-publish","4":"has-post-thumbnail","6":"product_cat-veterinaria","7":"product_tag-elsevier","8":"product_tag-veterinaria","10":"first","11":"instock","12":"featured","13":"taxable","14":"shipping-taxable","15":"purchasable","16":"product-type-simple"},"_links":{"self":[{"href":"https:\/\/edimeinter.com\/libreria\/wp-json\/wp\/v2\/product\/13892","targetHints":{"allow":["GET"]}}],"collection":[{"href":"https:\/\/edimeinter.com\/libreria\/wp-json\/wp\/v2\/product"}],"about":[{"href":"https:\/\/edimeinter.com\/libreria\/wp-json\/wp\/v2\/types\/product"}],"replies":[{"embeddable":true,"href":"https:\/\/edimeinter.com\/libreria\/wp-json\/wp\/v2\/comments?post=13892"}],"version-history":[{"count":4,"href":"https:\/\/edimeinter.com\/libreria\/wp-json\/wp\/v2\/product\/13892\/revisions"}],"predecessor-version":[{"id":17424,"href":"https:\/\/edimeinter.com\/libreria\/wp-json\/wp\/v2\/product\/13892\/revisions\/17424"}],"wp:featuredmedia":[{"embeddable":true,"href":"https:\/\/edimeinter.com\/libreria\/wp-json\/wp\/v2\/media\/13893"}],"wp:attachment":[{"href":"https:\/\/edimeinter.com\/libreria\/wp-json\/wp\/v2\/media?parent=13892"}],"wp:term":[{"taxonomy":"product_cat","embeddable":true,"href":"https:\/\/edimeinter.com\/libreria\/wp-json\/wp\/v2\/product_cat?post=13892"},{"taxonomy":"product_tag","embeddable":true,"href":"https:\/\/edimeinter.com\/libreria\/wp-json\/wp\/v2\/product_tag?post=13892"}],"curies":[{"name":"wp","href":"https:\/\/api.w.org\/{rel}","templated":true}]}}