{"id":13898,"date":"2025-02-21T18:23:54","date_gmt":"2025-02-21T18:23:54","guid":{"rendered":"https:\/\/edimeinter.com\/libreria\/?post_type=product&#038;p=13898"},"modified":"2025-03-11T20:13:22","modified_gmt":"2025-03-11T20:13:22","slug":"brown-atlas-de-anestesia-regional-6a-edicion","status":"publish","type":"product","link":"https:\/\/edimeinter.com\/libreria\/product\/brown-atlas-de-anestesia-regional-6a-edicion\/","title":{"rendered":"Brown. Atlas de Anestesia Regional. 6\u00aa Edici\u00f3n"},"content":{"rendered":"\t\t<div data-elementor-type=\"wp-post\" data-elementor-id=\"13898\" class=\"elementor elementor-13898\">\n\t\t\t\t<div class=\"elementor-element elementor-element-2612b12 e-flex e-con-boxed e-con e-parent\" data-id=\"2612b12\" data-element_type=\"container\" data-e-type=\"container\">\n\t\t\t\t\t<div class=\"e-con-inner\">\n\t\t\n\t\t<div class=\"elementor-element elementor-element-498707ae elementor-widget elementor-widget-text-editor\" data-id=\"498707ae\" data-element_type=\"widget\" data-e-type=\"widget\" data-widget_type=\"text-editor.default\">\n\t\t\t\t<div class=\"elementor-widget-container\">\n\t\t\t\t\t\t\t\t\t<p>Un prestigioso recurso que describe cada t\u00e9cnica de un modo f\u00e1cil de seguir, por lo que ofrece una orientaci\u00f3n inigualable para la realizaci\u00f3n de una amplia gama de t\u00e9cnicas de bloqueo nervioso en las distintas regiones corporales.<\/p><p>Abarca todos los aspectos de la anestesia regional, como la anatom\u00eda, la farmacologia de los anest\u00e9sicos locales, los bloquos tradicionales y los ecoguiados, la anestesia regional pedi\u00e1trica y los procedimientos para el dolor cr\u00f3nico.<\/p><p>Contiene una secci\u00f3n totalmente nueva sobre anestesia regional obst\u00e9trica, as\u00ed como una mayor cobertura de los bloqueos PEC, del serrato anteiror, del erector de la columna, del ganglio estrellado, de la vaina del recto mediante cat\u00e9ter y del nervio pudendo en la poblaci\u00f3n pedi\u00e1trica, y actualizaciones importantes en lo relativo a la farmacolog\u00eda.<\/p><p>Re\u00fane una amplia variedad de im\u00e1genes que contribuyen a desarrollar un concpto tridimensional de la anatom\u00eda, esencial para el \u00e9xito de la anestesia regional: cortes anat\u00f3micos transversales, ilustraciones de anatom\u00eda macrosc\u00f3pica y de superficie, ecograf\u00edas y resonancias magn\u00e9ticas.<\/p><p>Incluye el acceso a la versi\u00f3n electr\u00f3nica de la obra en ingles que permite acceder a todo el texto, las im\u00e1genes, las referencias bibliogr\u00e1ficas y a m\u00e1s de 40 v\u00eddeos, que abarcan todos los bloqueos descritos en el atlas, y un nuevo v\u00eddeo\u00a0introductorio sobre procedimientos en la pr\u00e1ctica cl\u00ednica diaria.<\/p>\t\t\t\t\t\t\t\t<\/div>\n\t\t\t\t<\/div>\n\t\t\t\t\t<\/div>\n\t\t\t\t<\/div>\n\t\t\t\t<\/div>\n\t\t","protected":false},"excerpt":{"rendered":"<p><strong>Autores:<\/strong>\u00a0Ehab Farag &amp; Loran Mounir-Soliman &amp; David L. BROWN<br \/>\n<strong>ISBN:<\/strong>\u00a09788413820408<br \/>\n<strong>Editorial:<\/strong>\u00a0Elsevier<br \/>\n<strong>Edici\u00f3n:<\/strong>\u00a06\u00aa<br \/>\n<strong>Especialidad<\/strong>: Anestesia y Reanimaci\u00f3n<br \/>\n<strong>P\u00e1ginas<\/strong>: 318<br \/>\n\u00a9 2021<\/p>\n","protected":false},"featured_media":13899,"comment_status":"open","ping_status":"open","template":"","meta":{"_joinchat":[]},"product_cat":[86],"product_tag":[87,85],"class_list":{"0":"post-13898","1":"product","2":"type-product","3":"status-publish","4":"has-post-thumbnail","6":"product_cat-anestesiologia-y-reanimacion","7":"product_tag-anestesiologia-y-reanimacion","8":"product_tag-elsevier","10":"first","11":"instock","12":"featured","13":"taxable","14":"shipping-taxable","15":"purchasable","16":"product-type-simple"},"_links":{"self":[{"href":"https:\/\/edimeinter.com\/libreria\/wp-json\/wp\/v2\/product\/13898","targetHints":{"allow":["GET"]}}],"collection":[{"href":"https:\/\/edimeinter.com\/libreria\/wp-json\/wp\/v2\/product"}],"about":[{"href":"https:\/\/edimeinter.com\/libreria\/wp-json\/wp\/v2\/types\/product"}],"replies":[{"embeddable":true,"href":"https:\/\/edimeinter.com\/libreria\/wp-json\/wp\/v2\/comments?post=13898"}],"version-history":[{"count":1,"href":"https:\/\/edimeinter.com\/libreria\/wp-json\/wp\/v2\/product\/13898\/revisions"}],"predecessor-version":[{"id":16074,"href":"https:\/\/edimeinter.com\/libreria\/wp-json\/wp\/v2\/product\/13898\/revisions\/16074"}],"wp:featuredmedia":[{"embeddable":true,"href":"https:\/\/edimeinter.com\/libreria\/wp-json\/wp\/v2\/media\/13899"}],"wp:attachment":[{"href":"https:\/\/edimeinter.com\/libreria\/wp-json\/wp\/v2\/media?parent=13898"}],"wp:term":[{"taxonomy":"product_cat","embeddable":true,"href":"https:\/\/edimeinter.com\/libreria\/wp-json\/wp\/v2\/product_cat?post=13898"},{"taxonomy":"product_tag","embeddable":true,"href":"https:\/\/edimeinter.com\/libreria\/wp-json\/wp\/v2\/product_tag?post=13898"}],"curies":[{"name":"wp","href":"https:\/\/api.w.org\/{rel}","templated":true}]}}