{"id":13904,"date":"2025-02-21T18:28:15","date_gmt":"2025-02-21T18:28:15","guid":{"rendered":"https:\/\/edimeinter.com\/libreria\/?post_type=product&#038;p=13904"},"modified":"2026-03-20T16:47:36","modified_gmt":"2026-03-20T16:47:36","slug":"manejo-del-dolor-fundamentos-e-innovaciones-1a-edicion","status":"publish","type":"product","link":"https:\/\/edimeinter.com\/libreria\/product\/manejo-del-dolor-fundamentos-e-innovaciones-1a-edicion\/","title":{"rendered":"Manejo del dolor. Fundamentos e innovaciones. 1\u00aa Edici\u00f3n"},"content":{"rendered":"\t\t<div data-elementor-type=\"wp-post\" data-elementor-id=\"13904\" class=\"elementor elementor-13904\">\n\t\t\t\t<div class=\"elementor-element elementor-element-2612b12 e-flex e-con-boxed e-con e-parent\" data-id=\"2612b12\" data-element_type=\"container\" data-e-type=\"container\">\n\t\t\t\t\t<div class=\"e-con-inner\">\n\t\t\n\t\t<div class=\"elementor-element elementor-element-498707ae elementor-widget elementor-widget-text-editor\" data-id=\"498707ae\" data-element_type=\"widget\" data-e-type=\"widget\" data-widget_type=\"text-editor.default\">\n\t\t\t\t<div class=\"elementor-widget-container\">\n\t\t\t\t\t\t\t\t\t<p>Libro de consulta para ayudar a los cl\u00ednicos a dise\u00f1ar planes de tratamiento individualizados, empleando gu\u00edas terap\u00e9uticas actuales y basadas en la evidencia.<\/p><p>Aborda la ciencia b\u00e1sica, los aspectos psicol\u00f3gicos del cuidado del dolor, los opi\u00e1ceos y las directrices para la pr\u00e1ctica, el tratamiento del dolor en la vejez y las futuras investigaciones en este campo.<\/p><p>Proporciona una gu\u00eda rigurosa con estrategias de intervenci\u00f3n y no intervenci\u00f3n, proporcionada por respetados m\u00e9dicos acad\u00e9micos que practican la medicina basada en la evidencia en las principa\u00f1es universidades y programas de formaci\u00f3n en medicina del dolor.<\/p><p>Entre otras terapias, cubre los cannabinoides en el cuidado del dolor, as\u00ed como las terapias m\u00e1s novedosas.<\/p>\t\t\t\t\t\t\t\t<\/div>\n\t\t\t\t<\/div>\n\t\t\t\t\t<\/div>\n\t\t\t\t<\/div>\n\t\t\t\t<\/div>\n\t\t","protected":false},"excerpt":{"rendered":"<p><strong>Autores:<\/strong>\u00a0Sanjog Pangarkar &amp; Quynh G. Pham &amp; Blessen C. Eapen<br \/>\n<strong>ISBN:<\/strong>\u00a09788413820118<br \/>\n<strong>Editorial:<\/strong>\u00a0Elsevier<br \/>\n<strong>Edici\u00f3n:<\/strong>\u00a01\u00aa<br \/>\n<strong>Especialidad<\/strong>: Anestesia y Reanimaci\u00f3n<br \/>\n<strong>P\u00e1ginas<\/strong>: 296<br \/>\n\u00a9 2021<\/p>\n","protected":false},"featured_media":13905,"comment_status":"open","ping_status":"closed","template":"","meta":{"_joinchat":[]},"product_cat":[86],"product_tag":[87,85],"class_list":{"0":"post-13904","1":"product","2":"type-product","3":"status-publish","4":"has-post-thumbnail","6":"product_cat-anestesiologia-y-reanimacion","7":"product_tag-anestesiologia-y-reanimacion","8":"product_tag-elsevier","10":"first","11":"instock","12":"featured","13":"taxable","14":"shipping-taxable","15":"purchasable","16":"product-type-simple"},"_links":{"self":[{"href":"https:\/\/edimeinter.com\/libreria\/wp-json\/wp\/v2\/product\/13904","targetHints":{"allow":["GET"]}}],"collection":[{"href":"https:\/\/edimeinter.com\/libreria\/wp-json\/wp\/v2\/product"}],"about":[{"href":"https:\/\/edimeinter.com\/libreria\/wp-json\/wp\/v2\/types\/product"}],"replies":[{"embeddable":true,"href":"https:\/\/edimeinter.com\/libreria\/wp-json\/wp\/v2\/comments?post=13904"}],"version-history":[{"count":1,"href":"https:\/\/edimeinter.com\/libreria\/wp-json\/wp\/v2\/product\/13904\/revisions"}],"predecessor-version":[{"id":16075,"href":"https:\/\/edimeinter.com\/libreria\/wp-json\/wp\/v2\/product\/13904\/revisions\/16075"}],"wp:featuredmedia":[{"embeddable":true,"href":"https:\/\/edimeinter.com\/libreria\/wp-json\/wp\/v2\/media\/13905"}],"wp:attachment":[{"href":"https:\/\/edimeinter.com\/libreria\/wp-json\/wp\/v2\/media?parent=13904"}],"wp:term":[{"taxonomy":"product_cat","embeddable":true,"href":"https:\/\/edimeinter.com\/libreria\/wp-json\/wp\/v2\/product_cat?post=13904"},{"taxonomy":"product_tag","embeddable":true,"href":"https:\/\/edimeinter.com\/libreria\/wp-json\/wp\/v2\/product_tag?post=13904"}],"curies":[{"name":"wp","href":"https:\/\/api.w.org\/{rel}","templated":true}]}}