{"id":13917,"date":"2025-02-21T18:52:10","date_gmt":"2025-02-21T18:52:10","guid":{"rendered":"https:\/\/edimeinter.com\/libreria\/?post_type=product&#038;p=13917"},"modified":"2026-04-11T17:48:41","modified_gmt":"2026-04-11T17:48:41","slug":"el-sistema-bethesda-para-informar-la-citopatologia-de-tiroides-2a-edicion","status":"publish","type":"product","link":"https:\/\/edimeinter.com\/libreria\/product\/el-sistema-bethesda-para-informar-la-citopatologia-de-tiroides-2a-edicion\/","title":{"rendered":"El sistema Bethesda para informar la citopatolog\u00eda de tiroides. 2\u00aa Edici\u00f3n"},"content":{"rendered":"\t\t<div data-elementor-type=\"wp-post\" data-elementor-id=\"13917\" class=\"elementor elementor-13917\">\n\t\t\t\t<div class=\"elementor-element elementor-element-2612b12 e-flex e-con-boxed e-con e-parent\" data-id=\"2612b12\" data-element_type=\"container\" data-e-type=\"container\">\n\t\t\t\t\t<div class=\"e-con-inner\">\n\t\t\n\t\t<div class=\"elementor-element elementor-element-498707ae elementor-widget elementor-widget-text-editor\" data-id=\"498707ae\" data-element_type=\"widget\" data-e-type=\"widget\" data-widget_type=\"text-editor.default\">\n\t\t\t\t<div class=\"elementor-widget-container\">\n\t\t\t\t\t\t\t\t\t<p>Una visi\u00f3n global del diagn\u00f3stico y el informe de las muestras de la PAAF de tiroides.<\/p><p>Esta nueva edici\u00f3n incorpora avances, que condicionan la terminolog\u00eda empleada para informar la citopatolog\u00eda de tiroides. En concreto, se analizan las nuevas pruebas de patolog\u00eda molecular, cuyo uso se ha extendido para las muestras de la PAAFde tiroides, transformando el manejo de los pacientes con n\u00f3dulos tiroideos.<\/p><p>Esta edici\u00f3n tambi\u00e9n recoge los \u00faltimos cambios en la clasificaci\u00f3n del c\u00e1ncer de tiroides, especialmente la nueva categor\u00eda \u00abneoplasia tiroideafolicular no invasiva con caracter\u00edsticas nucleares de tipo papilar (NIFTP)\u00bb.<\/p><p>Exhaustivamente revisada y actualizada, esta segunda edici\u00f3n aporta una visi\u00f3n global del diagn\u00f3stico y el informe de las muestras de la PAAF de tiroides.<\/p>\t\t\t\t\t\t\t\t<\/div>\n\t\t\t\t<\/div>\n\t\t\t\t\t<\/div>\n\t\t\t\t<\/div>\n\t\t\t\t<\/div>\n\t\t","protected":false},"excerpt":{"rendered":"<p><strong>Autores:<\/strong>\u00a0Syed Z Ali &amp; Edmund S. Cibas<br \/>\n<strong>ISBN:<\/strong>\u00a09788413821160<br \/>\n<strong>Editorial:<\/strong>\u00a0Elsevier<br \/>\n<strong>Edici\u00f3n:<\/strong>\u00a02\u00aa<br \/>\n<strong>Especialidad<\/strong>: Patolog\u00eda<br \/>\n<strong>P\u00e1ginas<\/strong>: 240<br \/>\n\u00a9 2021<\/p>\n","protected":false},"featured_media":13918,"comment_status":"open","ping_status":"closed","template":"","meta":{"_joinchat":[]},"product_cat":[134],"product_tag":[85,135],"class_list":{"0":"post-13917","1":"product","2":"type-product","3":"status-publish","4":"has-post-thumbnail","6":"product_cat-patologia","7":"product_tag-elsevier","8":"product_tag-patologia","10":"first","11":"instock","12":"featured","13":"taxable","14":"shipping-taxable","15":"purchasable","16":"product-type-simple"},"_links":{"self":[{"href":"https:\/\/edimeinter.com\/libreria\/wp-json\/wp\/v2\/product\/13917","targetHints":{"allow":["GET"]}}],"collection":[{"href":"https:\/\/edimeinter.com\/libreria\/wp-json\/wp\/v2\/product"}],"about":[{"href":"https:\/\/edimeinter.com\/libreria\/wp-json\/wp\/v2\/types\/product"}],"replies":[{"embeddable":true,"href":"https:\/\/edimeinter.com\/libreria\/wp-json\/wp\/v2\/comments?post=13917"}],"version-history":[{"count":1,"href":"https:\/\/edimeinter.com\/libreria\/wp-json\/wp\/v2\/product\/13917\/revisions"}],"predecessor-version":[{"id":16077,"href":"https:\/\/edimeinter.com\/libreria\/wp-json\/wp\/v2\/product\/13917\/revisions\/16077"}],"wp:featuredmedia":[{"embeddable":true,"href":"https:\/\/edimeinter.com\/libreria\/wp-json\/wp\/v2\/media\/13918"}],"wp:attachment":[{"href":"https:\/\/edimeinter.com\/libreria\/wp-json\/wp\/v2\/media?parent=13917"}],"wp:term":[{"taxonomy":"product_cat","embeddable":true,"href":"https:\/\/edimeinter.com\/libreria\/wp-json\/wp\/v2\/product_cat?post=13917"},{"taxonomy":"product_tag","embeddable":true,"href":"https:\/\/edimeinter.com\/libreria\/wp-json\/wp\/v2\/product_tag?post=13917"}],"curies":[{"name":"wp","href":"https:\/\/api.w.org\/{rel}","templated":true}]}}