{"id":13929,"date":"2025-02-21T19:07:51","date_gmt":"2025-02-21T19:07:51","guid":{"rendered":"https:\/\/edimeinter.com\/libreria\/?post_type=product&#038;p=13929"},"modified":"2025-12-30T16:49:29","modified_gmt":"2025-12-30T16:49:29","slug":"robbins-y-cotran-patologia-estructural-y-funcional-10a-edicion","status":"publish","type":"product","link":"https:\/\/edimeinter.com\/libreria\/product\/robbins-y-cotran-patologia-estructural-y-funcional-10a-edicion\/","title":{"rendered":"Robbins y Cotran. Patolog\u00eda estructural y funcional. 10\u00aa Edici\u00f3n"},"content":{"rendered":"\t\t<div data-elementor-type=\"wp-post\" data-elementor-id=\"13929\" class=\"elementor elementor-13929\">\n\t\t\t\t<div class=\"elementor-element elementor-element-2612b12 e-flex e-con-boxed e-con e-parent\" data-id=\"2612b12\" data-element_type=\"container\" data-e-type=\"container\">\n\t\t\t\t\t<div class=\"e-con-inner\">\n\t\t\n\t\t<div class=\"elementor-element elementor-element-498707ae elementor-widget elementor-widget-text-editor\" data-id=\"498707ae\" data-element_type=\"widget\" data-e-type=\"widget\" data-widget_type=\"text-editor.default\">\n\t\t\t\t<div class=\"elementor-widget-container\">\n\t\t\t\t\t\t\t\t\t<p>Nueva edici\u00f3n del tratado de referencia en la disciplina que expone los fundamentos de la anatom\u00eda patol\u00f3gica con un formato atractivo y de f\u00e1cil consulta, que garantiza el acceso a la informaci\u00f3n m\u00e1s actualizada sobre la ciencia b\u00e1sica y los aspectos cl\u00ednicos de esta disciplina.<\/p><p>La nueva edici\u00f3n sigue la misma estructura y organizaci\u00f3n que la vigente, manteniendo el mismo \u00edndice y el mismo orden de cap\u00edtulos. Igualmente, mantiene los elementos did\u00e1cticos que la confieren su gran valor a la hora de facilitar el estudio y la comprensi\u00f3n de los procesos patol\u00f3gicos (recuadros de morfolog\u00eda y de puntos clave, esquemas explicativos e im\u00e1genes de alta calidad).<\/p><p>La nueva edici\u00f3n se ha revisado y actualizado en su totalidad, si bien cabe destacar algunos cap\u00edtulos que han sido totalmente reescritos o severamente modificados. Uno de los que ha sufrido cambios significativos en el cap\u00edtulo 1 reflejando los constantes avances acontecidos en el \u00e1rea de la biolog\u00eda celular. A destacar los cap\u00edtulos 2, 3, 5, 7, 10, 11, 18 y 28 como aquellos que m\u00e1s cambios han experimentado respecto a la ed. vigente. Igualmente, se han incorporado nuevas im\u00e1genes y esquemas y se han redibujado esquemas que ya exist\u00edan previamente para mejorar su car\u00e1cter did\u00e1ctico.<\/p><p>Facilita informaci\u00f3n actualizada relativa a las pruebas moleculares y gen\u00e9ticas, los mecanismos de enfermedad, la medicina personalizada y su repercusi\u00f3n en el tratamiento de las enfermedades, y la funci\u00f3n del microbioma y el metaboloma en las enfermedades no transmisibles, entre otras cuestiones.<\/p><p>Incluye, la versi\u00f3n el\u00e9ctr\u00f3nica de la obra en ingl\u00e9s, que permite acceder al texto completo, las figuras y las referencias bibliogr\u00e1ficas desde distintos dispositivos. Entre los recursos online se incluyen tambi\u00e9n estudios de casos, preguntas de autoevaluaci\u00f3n, y cuadros de tratamiento dirigido que analizan la terapia farmacol\u00f3gica de enfermedades espec\u00edficas.<\/p>\t\t\t\t\t\t\t\t<\/div>\n\t\t\t\t<\/div>\n\t\t\t\t\t<\/div>\n\t\t\t\t<\/div>\n\t\t\t\t<\/div>\n\t\t","protected":false},"excerpt":{"rendered":"<p><strong>Autores:<\/strong>\u00a0Vinay Kumar &amp; Vinay Kumar &amp; Abul K. Abbas &amp; Abul K. Abbas &amp; Jon.C. Aster &amp; Jon.C. Aster<br \/>\n<strong>ISBN:<\/strong>\u00a09788491139119<br \/>\n<strong>Editorial:<\/strong>\u00a0Elsevier<br \/>\n<strong>Edici\u00f3n:<\/strong>\u00a010\u00aa<br \/>\n<strong>Especialidad<\/strong>: Patolog\u00eda<br \/>\n<strong>P\u00e1ginas<\/strong>: 1392<br \/>\n\u00a9 2021<\/p>\n","protected":false},"featured_media":13930,"comment_status":"open","ping_status":"closed","template":"","meta":{"_joinchat":[]},"product_cat":[134],"product_tag":[85,135],"class_list":{"0":"post-13929","1":"product","2":"type-product","3":"status-publish","4":"has-post-thumbnail","6":"product_cat-patologia","7":"product_tag-elsevier","8":"product_tag-patologia","10":"first","11":"outofstock","12":"featured","13":"taxable","14":"shipping-taxable","15":"purchasable","16":"product-type-simple"},"_links":{"self":[{"href":"https:\/\/edimeinter.com\/libreria\/wp-json\/wp\/v2\/product\/13929","targetHints":{"allow":["GET"]}}],"collection":[{"href":"https:\/\/edimeinter.com\/libreria\/wp-json\/wp\/v2\/product"}],"about":[{"href":"https:\/\/edimeinter.com\/libreria\/wp-json\/wp\/v2\/types\/product"}],"replies":[{"embeddable":true,"href":"https:\/\/edimeinter.com\/libreria\/wp-json\/wp\/v2\/comments?post=13929"}],"version-history":[{"count":1,"href":"https:\/\/edimeinter.com\/libreria\/wp-json\/wp\/v2\/product\/13929\/revisions"}],"predecessor-version":[{"id":16079,"href":"https:\/\/edimeinter.com\/libreria\/wp-json\/wp\/v2\/product\/13929\/revisions\/16079"}],"wp:featuredmedia":[{"embeddable":true,"href":"https:\/\/edimeinter.com\/libreria\/wp-json\/wp\/v2\/media\/13930"}],"wp:attachment":[{"href":"https:\/\/edimeinter.com\/libreria\/wp-json\/wp\/v2\/media?parent=13929"}],"wp:term":[{"taxonomy":"product_cat","embeddable":true,"href":"https:\/\/edimeinter.com\/libreria\/wp-json\/wp\/v2\/product_cat?post=13929"},{"taxonomy":"product_tag","embeddable":true,"href":"https:\/\/edimeinter.com\/libreria\/wp-json\/wp\/v2\/product_tag?post=13929"}],"curies":[{"name":"wp","href":"https:\/\/api.w.org\/{rel}","templated":true}]}}