{"id":13941,"date":"2025-02-21T19:46:38","date_gmt":"2025-02-21T19:46:38","guid":{"rendered":"https:\/\/edimeinter.com\/libreria\/?post_type=product&#038;p=13941"},"modified":"2025-07-03T20:05:43","modified_gmt":"2025-07-03T20:05:43","slug":"cirugia-de-la-cadera-2a-edicion","status":"publish","type":"product","link":"https:\/\/edimeinter.com\/libreria\/product\/cirugia-de-la-cadera-2a-edicion\/","title":{"rendered":"Cirug\u00eda de la cadera. 2\u00aa Edici\u00f3n"},"content":{"rendered":"\t\t<div data-elementor-type=\"wp-post\" data-elementor-id=\"13941\" class=\"elementor elementor-13941\">\n\t\t\t\t<div class=\"elementor-element elementor-element-2612b12 e-flex e-con-boxed e-con e-parent\" data-id=\"2612b12\" data-element_type=\"container\" data-e-type=\"container\">\n\t\t\t\t\t<div class=\"e-con-inner\">\n\t\t\n\t\t<div class=\"elementor-element elementor-element-498707ae elementor-widget elementor-widget-text-editor\" data-id=\"498707ae\" data-element_type=\"widget\" data-e-type=\"widget\" data-widget_type=\"text-editor.default\">\n\t\t\t\t<div class=\"elementor-widget-container\">\n\t\t\t\t\t\t\t\t\t<p>Segunda edici\u00f3n de la gu\u00eda definitiva sobre la cirug\u00eda de la cadera y el tratamiento de sus problemas a lo largo de toda la vida de los pacientes.<\/p><p>Expone nuevos temas, como el abordaje anterior directo para la artroplastia total de cadera, el dolor de cadera en adultos j\u00f3venes y la cirug\u00eda de preservaci\u00f3n de la cadera. Contiene nueva informaci\u00f3n sobre los abordajes quir\u00fargicos de la cadera, la selecci\u00f3n de las superficies de fricci\u00f3n para la artroplastia, el tratamiento de las complicaciones asociadas con las superficies de fricci\u00f3n metal-metal, el tratamiento de la p\u00e9rdida de hueso asociada con la artroplastia total de cadera de revisi\u00f3n y mucho m\u00e1s.<\/p><p>Abarca los diagn\u00f3sticos de problemas del desarrollo y degenerativos de la cadera, la anatom\u00eda y los abordajes quir\u00fargicos de la articulaci\u00f3n, el tratamiento perioperatorio de los pacientes de cirug\u00eda de cadera, la artroplastia de cadera primaria y de revisi\u00f3n, el tratamiento de las complicaciones, los traumatismos y los tumores de cadera, as\u00ed como los aspectos de la rehabilitaci\u00f3n; todo ello desde una persperctiva tanto cient\u00edfica como cl\u00ednica.<\/p><p>Incluye acceso a v\u00eddeos sobre procedimientos y al ebook de la obra, todo ello en ingl\u00e9s, a trav\u00e9s de ExpertConsult. Este contenido electr\u00f3nico le permitir\u00e1 realizar b\u00fasquedas en todo el texto, las figuras y las referencias bibliogr\u00e1ficas del libro desde diversos dispositivos.<\/p>\t\t\t\t\t\t\t\t<\/div>\n\t\t\t\t<\/div>\n\t\t\t\t\t<\/div>\n\t\t\t\t<\/div>\n\t\t\t\t<\/div>\n\t\t","protected":false},"excerpt":{"rendered":"<p><strong>Autores:<\/strong>\u00a0Daniel J. Berry, MD and Jay Lieberman, MD<br \/>\n<strong>ISBN:<\/strong>\u00a09788491139003<br \/>\n<strong>Editorial:<\/strong>\u00a0Elsevier<br \/>\n<strong>Edici\u00f3n:<\/strong>\u00a02\u00aa<br \/>\n<strong>Especialidad<\/strong>: Ortopedia y Traumatolog\u00eda<br \/>\n<strong>P\u00e1ginas<\/strong>: 1368<br \/>\n\u00a9 2021<\/p>\n","protected":false},"featured_media":13942,"comment_status":"open","ping_status":"closed","template":"","meta":{"_joinchat":[]},"product_cat":[97],"product_tag":[85,98],"class_list":{"0":"post-13941","1":"product","2":"type-product","3":"status-publish","4":"has-post-thumbnail","6":"product_cat-ortopedia-y-traumatologia","7":"product_tag-elsevier","8":"product_tag-ortopedia-y-traumatologia","10":"first","11":"instock","12":"featured","13":"taxable","14":"shipping-taxable","15":"purchasable","16":"product-type-simple"},"_links":{"self":[{"href":"https:\/\/edimeinter.com\/libreria\/wp-json\/wp\/v2\/product\/13941","targetHints":{"allow":["GET"]}}],"collection":[{"href":"https:\/\/edimeinter.com\/libreria\/wp-json\/wp\/v2\/product"}],"about":[{"href":"https:\/\/edimeinter.com\/libreria\/wp-json\/wp\/v2\/types\/product"}],"replies":[{"embeddable":true,"href":"https:\/\/edimeinter.com\/libreria\/wp-json\/wp\/v2\/comments?post=13941"}],"version-history":[{"count":2,"href":"https:\/\/edimeinter.com\/libreria\/wp-json\/wp\/v2\/product\/13941\/revisions"}],"predecessor-version":[{"id":16083,"href":"https:\/\/edimeinter.com\/libreria\/wp-json\/wp\/v2\/product\/13941\/revisions\/16083"}],"wp:featuredmedia":[{"embeddable":true,"href":"https:\/\/edimeinter.com\/libreria\/wp-json\/wp\/v2\/media\/13942"}],"wp:attachment":[{"href":"https:\/\/edimeinter.com\/libreria\/wp-json\/wp\/v2\/media?parent=13941"}],"wp:term":[{"taxonomy":"product_cat","embeddable":true,"href":"https:\/\/edimeinter.com\/libreria\/wp-json\/wp\/v2\/product_cat?post=13941"},{"taxonomy":"product_tag","embeddable":true,"href":"https:\/\/edimeinter.com\/libreria\/wp-json\/wp\/v2\/product_tag?post=13941"}],"curies":[{"name":"wp","href":"https:\/\/api.w.org\/{rel}","templated":true}]}}