{"id":13947,"date":"2025-02-21T20:02:14","date_gmt":"2025-02-21T20:02:14","guid":{"rendered":"https:\/\/edimeinter.com\/libreria\/?post_type=product&#038;p=13947"},"modified":"2025-03-11T20:27:57","modified_gmt":"2025-03-11T20:27:57","slug":"desarrollo-embrionario-10a-edicion","status":"publish","type":"product","link":"https:\/\/edimeinter.com\/libreria\/product\/desarrollo-embrionario-10a-edicion\/","title":{"rendered":"Desarrollo embrionario. 10\u00aa Edici\u00f3n"},"content":{"rendered":"\t\t<div data-elementor-type=\"wp-post\" data-elementor-id=\"13947\" class=\"elementor elementor-13947\">\n\t\t\t\t<div class=\"elementor-element elementor-element-2612b12 e-flex e-con-boxed e-con e-parent\" data-id=\"2612b12\" data-element_type=\"container\" data-e-type=\"container\">\n\t\t\t\t\t<div class=\"e-con-inner\">\n\t\t\n\t\t<div class=\"elementor-element elementor-element-498707ae elementor-widget elementor-widget-text-editor\" data-id=\"498707ae\" data-element_type=\"widget\" data-e-type=\"widget\" data-widget_type=\"text-editor.default\">\n\t\t\t\t<div class=\"elementor-widget-container\">\n\t\t\t\t\t\t\t\t\t<p>El texto, basado en la obra de referencia Moore, Embriolog\u00eda Cl\u00ednica, ofrece con una descripci\u00f3n cl\u00ednicamente relevante y profusamente ilustrada del desarrollo humano normal y patol\u00f3gico.<\/p><p>La obra sigue la filosof\u00eda de los textos \u00abBasics\u00bb derivados de las grandes marcas de los libros de referencia. Responde a la necesidad de ofrecer un contenido \u00abcore\u00bb y de alta calidad. Se organiza de forma muy similar al texto de referencia. Moore, Embriolog\u00eda Cl\u00ednica 11\u00aa ed. y el hecho de que los autores sean los mismos proporciona al estudiante la seguridad y confianza en que los contenidos incluidos son los que realmente debe tener para superar la asignatura.<\/p><p>Se presentan nuevas y numerosas fotograf\u00edas en color de embriones, fetos (normales y patol\u00f3gicos), neonatos (reci\u00e9n nacido) y ni\u00f1os. Tambi\u00e9n aparecen muchas im\u00e1genes diagn\u00f3sticas nuevas: ecograf\u00edas (sonogramas), TC (tomograf\u00edas computarizadas) e IRM (im\u00e1genes de resonancia magn\u00e9tica) de embriones y fetos.<\/p><p>Cada uno de los cap\u00edtulos incluye cuadros de correlaci\u00f3n cl\u00ednica (fondo verde), as\u00ed como un conjunto de preguntas. Se incluye una secci\u00f3n actualizada sobre teratolog\u00eda, informaci\u00f3n revisada y destacadas sobre los aspectos moleculares de la biolog\u00eda del desarrollo, y nuevos datos sobre las bases celulares y moleculares de desarrollo embrionario.<\/p><p>Incluye acceso al ebook a trav\u00e9s de StudentConsult en el que pueden encontrarse los siguientes recursos: 18 animaciones de procesos embriol\u00f3gicos y un banco de preguntas de autoealuaci\u00f3n (algunas de ellas en formato caso cl\u00ednico). Todo el contenido del SC.com se encuentra en ingl\u00e9s.<\/p>\t\t\t\t\t\t\t\t<\/div>\n\t\t\t\t<\/div>\n\t\t\t\t\t<\/div>\n\t\t\t\t<\/div>\n\t\t\t\t<\/div>\n\t\t","protected":false},"excerpt":{"rendered":"<p><strong>Autores:<\/strong>\u00a0Keith L. Moore, BA, MSc, PhD, DSc, FIAC, FRSM, FAAA, T. V. N. Persaud, MD, PhD, DSc, FRCPath (Lond.), FAAA and Mark G. Torchia, MSc, PhD<br \/>\n<strong>ISBN:<\/strong>\u00a09788491139584<br \/>\n<strong>Editorial:<\/strong>\u00a0Elsevier<br \/>\n<strong>Edici\u00f3n:<\/strong>\u00a010\u00aa<br \/>\n<strong>Especialidad<\/strong>: Embriolog\u00eda<br \/>\n<strong>P\u00e1ginas<\/strong>: 352<br \/>\n\u00a9 2021<\/p>\n","protected":false},"featured_media":13948,"comment_status":"open","ping_status":"open","template":"","meta":{"_joinchat":[]},"product_cat":[216],"product_tag":[85,217],"class_list":{"0":"post-13947","1":"product","2":"type-product","3":"status-publish","4":"has-post-thumbnail","6":"product_cat-embriologia","7":"product_tag-elsevier","8":"product_tag-embriologia","10":"first","11":"instock","12":"featured","13":"taxable","14":"shipping-taxable","15":"purchasable","16":"product-type-simple"},"_links":{"self":[{"href":"https:\/\/edimeinter.com\/libreria\/wp-json\/wp\/v2\/product\/13947","targetHints":{"allow":["GET"]}}],"collection":[{"href":"https:\/\/edimeinter.com\/libreria\/wp-json\/wp\/v2\/product"}],"about":[{"href":"https:\/\/edimeinter.com\/libreria\/wp-json\/wp\/v2\/types\/product"}],"replies":[{"embeddable":true,"href":"https:\/\/edimeinter.com\/libreria\/wp-json\/wp\/v2\/comments?post=13947"}],"version-history":[{"count":2,"href":"https:\/\/edimeinter.com\/libreria\/wp-json\/wp\/v2\/product\/13947\/revisions"}],"predecessor-version":[{"id":16085,"href":"https:\/\/edimeinter.com\/libreria\/wp-json\/wp\/v2\/product\/13947\/revisions\/16085"}],"wp:featuredmedia":[{"embeddable":true,"href":"https:\/\/edimeinter.com\/libreria\/wp-json\/wp\/v2\/media\/13948"}],"wp:attachment":[{"href":"https:\/\/edimeinter.com\/libreria\/wp-json\/wp\/v2\/media?parent=13947"}],"wp:term":[{"taxonomy":"product_cat","embeddable":true,"href":"https:\/\/edimeinter.com\/libreria\/wp-json\/wp\/v2\/product_cat?post=13947"},{"taxonomy":"product_tag","embeddable":true,"href":"https:\/\/edimeinter.com\/libreria\/wp-json\/wp\/v2\/product_tag?post=13947"}],"curies":[{"name":"wp","href":"https:\/\/api.w.org\/{rel}","templated":true}]}}