{"id":13953,"date":"2025-02-21T20:10:21","date_gmt":"2025-02-21T20:10:21","guid":{"rendered":"https:\/\/edimeinter.com\/libreria\/?post_type=product&#038;p=13953"},"modified":"2025-03-11T20:29:45","modified_gmt":"2025-03-11T20:29:45","slug":"weir-y-abrahams-atlas-de-anatomia-humana-por-tecnicas-de-imagen-6a-edicion","status":"publish","type":"product","link":"https:\/\/edimeinter.com\/libreria\/product\/weir-y-abrahams-atlas-de-anatomia-humana-por-tecnicas-de-imagen-6a-edicion\/","title":{"rendered":"Weir y Abrahams. Atlas de anatom\u00eda humana por t\u00e9cnicas de imagen. 6\u00aa Edici\u00f3n"},"content":{"rendered":"\t\t<div data-elementor-type=\"wp-post\" data-elementor-id=\"13953\" class=\"elementor elementor-13953\">\n\t\t\t\t<div class=\"elementor-element elementor-element-2612b12 e-flex e-con-boxed e-con e-parent\" data-id=\"2612b12\" data-element_type=\"container\" data-e-type=\"container\">\n\t\t\t\t\t<div class=\"e-con-inner\">\n\t\t\n\t\t<div class=\"elementor-element elementor-element-498707ae elementor-widget elementor-widget-text-editor\" data-id=\"498707ae\" data-element_type=\"widget\" data-e-type=\"widget\" data-widget_type=\"text-editor.default\">\n\t\t\t\t<div class=\"elementor-widget-container\">\n\t\t\t\t\t\t\t\t\t<p>Nueva edici\u00f3n de este atlas de im\u00e1genes obtenidas tanto por m\u00e9todos tradicionales como con los m\u00e1s punteros , fuertemente implementado en el mercado debido al creciente \u00e9nfasis en la interpretaci\u00f3n de im\u00e1genes radiol\u00f3gicas en el curriculum del grado de Medicina.<\/p><p>Se incluyen todas las modalidades de t\u00e9cnicas de imagen de inter\u00e9s, desde radiograf\u00edas simples hasta las t\u00e9cnicas m\u00e1s avanzadas de ecograf\u00eda, tomograf\u00eda computari zada, resonancia magn\u00e9tica, im\u00e1genes funcionales y angiograf\u00eda. Adem\u00e1s, a lo largo del libro se destacan conjuntos de im\u00e1genes de gran importancia y que todo estudiante debe conocer, as\u00ed como las variantes anat\u00f3micas m\u00e1s comunes de inter\u00e9s cl\u00ednico.<\/p><p>Inclusi\u00f3n de los res\u00famenes de las variantes anat\u00f3micas m\u00e1s comunes e importantes desde un punto de vista cl\u00ednico para cada regi\u00f3n del cuerpo, -nuevos dibujos de orientaci\u00f3n, -nuevos cuadros resumen acompa\u00f1ando a im\u00e1genes clave, -im\u00e1genes a p\u00e1g completa al principio de cap\u00edtulo y -revisi\u00f3n de la complejidd de algunas de las etiquetas.<\/p><p>A lo largo del texto se encontrar\u00e1 con la siguiente iconograf\u00eda: -una estrella de color rojo para se\u00f1alar el contenido fundamental, \u2013 un estetoscopio para indicar la presencia de im\u00e1genes cl\u00ednicas y casos relacionados en el contenido online y un bistur\u00ed para indicar la presencia de contenidos de disecci\u00f3n en el contenido online.<\/p><p>La obra incluye un paquete de aprendizaje disponible online a trav\u00e9s de ExpertConsult,com: Galer\u00eda de im\u00e1genes con leyendas, Radiograf\u00edas interactivas, Test de autoevaluaci\u00f3n basados en diapositivas con leyendas, V\u00eddeos de ecograf\u00edas con leyendas, Cuestionario de preguntas y respuestas para cada cap\u00edtulo, 34 tutoriales sobre anatom\u00eda patol\u00f3gica, y todo ello en ingl\u00e9s.<\/p>\t\t\t\t\t\t\t\t<\/div>\n\t\t\t\t<\/div>\n\t\t\t\t\t<\/div>\n\t\t\t\t<\/div>\n\t\t\t\t<\/div>\n\t\t","protected":false},"excerpt":{"rendered":"<p><strong>Autores:<\/strong>\u00a0Jonathan D. Spratt, MA (Cantab), FRCS (Eng), FRCR , Marios Loukas, MD, PhD, Tom Turmezei, BMBCh MA MPhil FRCR and Lonie R Salkowski, MD<br \/>\n<strong>ISBN:<\/strong>\u00a09788491139522<br \/>\n<strong>Editorial:<\/strong>\u00a0Elsevier<br \/>\n<strong>Edici\u00f3n:<\/strong>\u00a06\u00aa<br \/>\n<strong>Especialidad<\/strong>: Diagn\u00f3stico por Im\u00e1genes<br \/>\n<strong>P\u00e1ginas<\/strong>: 288<br \/>\n\u00a9 2021<\/p>\n","protected":false},"featured_media":13954,"comment_status":"open","ping_status":"open","template":"","meta":{"_joinchat":[]},"product_cat":[80],"product_tag":[81,85],"class_list":{"0":"post-13953","1":"product","2":"type-product","3":"status-publish","4":"has-post-thumbnail","6":"product_cat-diagnostico-por-imagenes","7":"product_tag-diagnostico-por-imagenes","8":"product_tag-elsevier","10":"first","11":"instock","12":"featured","13":"taxable","14":"shipping-taxable","15":"purchasable","16":"product-type-simple"},"_links":{"self":[{"href":"https:\/\/edimeinter.com\/libreria\/wp-json\/wp\/v2\/product\/13953","targetHints":{"allow":["GET"]}}],"collection":[{"href":"https:\/\/edimeinter.com\/libreria\/wp-json\/wp\/v2\/product"}],"about":[{"href":"https:\/\/edimeinter.com\/libreria\/wp-json\/wp\/v2\/types\/product"}],"replies":[{"embeddable":true,"href":"https:\/\/edimeinter.com\/libreria\/wp-json\/wp\/v2\/comments?post=13953"}],"version-history":[{"count":1,"href":"https:\/\/edimeinter.com\/libreria\/wp-json\/wp\/v2\/product\/13953\/revisions"}],"predecessor-version":[{"id":16086,"href":"https:\/\/edimeinter.com\/libreria\/wp-json\/wp\/v2\/product\/13953\/revisions\/16086"}],"wp:featuredmedia":[{"embeddable":true,"href":"https:\/\/edimeinter.com\/libreria\/wp-json\/wp\/v2\/media\/13954"}],"wp:attachment":[{"href":"https:\/\/edimeinter.com\/libreria\/wp-json\/wp\/v2\/media?parent=13953"}],"wp:term":[{"taxonomy":"product_cat","embeddable":true,"href":"https:\/\/edimeinter.com\/libreria\/wp-json\/wp\/v2\/product_cat?post=13953"},{"taxonomy":"product_tag","embeddable":true,"href":"https:\/\/edimeinter.com\/libreria\/wp-json\/wp\/v2\/product_tag?post=13953"}],"curies":[{"name":"wp","href":"https:\/\/api.w.org\/{rel}","templated":true}]}}